{"id":1322,"date":"2020-05-23T15:23:39","date_gmt":"2020-05-23T15:23:39","guid":{"rendered":"https:\/\/brokendiva.com\/legal\/"},"modified":"2020-05-23T15:24:14","modified_gmt":"2020-05-23T15:24:14","slug":"legal","status":"publish","type":"page","link":"https:\/\/brokendiva.com\/es\/legal\/","title":{"rendered":"Legal"},"content":{"rendered":"\n<style type=\"text\/css\" data-created_by=\"avia_inline_auto\" id=\"style-css-av-abtnr-b30ca7873b902f9534cf1a2e52899b8e\">\n.flex_column.av-abtnr-b30ca7873b902f9534cf1a2e52899b8e{\nborder-radius:0px 0px 0px 0px;\npadding:0px 0px 0px 0px;\n}\n<\/style>\n<div  class='flex_column av-abtnr-b30ca7873b902f9534cf1a2e52899b8e av_one_full  avia-builder-el-0  avia-builder-el-no-sibling  first flex_column_div av-zero-column-padding  '     ><section  class='av_textblock_section av-k6nor2ur-9118d845f551b5552554aafa602920e4 '   itemscope=\"itemscope\" itemtype=\"https:\/\/schema.org\/CreativeWork\" ><div class='avia_textblock'  itemprop=\"text\" ><p><strong>AVISO LEGAL<\/strong> El objetivo de nuestra pol\u00edtica de privacidad es respetar la legislaci\u00f3n vigente en materia de protecci\u00f3n de datos personales, y en concreto la Ley Org\u00e1nica 15\/1999 de 13 de diciembre de Protecci\u00f3n de Datos de Car\u00e1cter Personal y su reglamento aprobado por el Real Decreto 1720\/2007 de 21 de diciembre. SABETREND S.L., propietaria del sitio www.brokendiva.com. informa, de conformidad con lo dispuesto en los art\u00edculos 4, 5 y 6 de la citada Ley Org\u00e1nica, de la existencia de un fichero de datos de clientes. La finalidad de este fichero es la administraci\u00f3n y gesti\u00f3n de toda la informaci\u00f3n necesaria para la adecuada atenci\u00f3n de los usuarios de nuestro sitio web. El responsable del archivo es la empresa SABETREND S.L. Cualquier usuario registrado en www.brokendiva.com, en cualquier momento, puede ejercitar los derechos de acceso, rectificaci\u00f3n, cancelaci\u00f3n y oposici\u00f3n, comunic\u00e1ndolo por correo electr\u00f3nico a info@brokendiva.com o bien presentando una solicitud a la atenci\u00f3n del Gerente de la entidad en la siguiente direcci\u00f3n: passatge Marim\u00f3n, 8 (Barcelona &#8211; Espa\u00f1a). SABETREND S.L. se compromete a no utilizar los datos de sus clientes para fines distintos a la tramitaci\u00f3n de pedidos y al env\u00edo de informaci\u00f3n sobre ofertas y servicios que puedan ser de inter\u00e9s para sus usuarios. En ning\u00fan caso se facilitar\u00e1n estos datos a otras empresas sin el consentimiento expreso del cliente. La cesi\u00f3n de datos de los afectados ser\u00e1, \u00fanica y exclusivamente, la necesaria para el cumplimiento de las obligaciones fiscales, administrativas y judiciales, as\u00ed como las legalmente dispuestas de acuerdo con la Ley Org\u00e1nica 15\/1999, de 13 de diciembre, de Protecci\u00f3n de Datos de Car\u00e1cter Personal. El cliente que facilita sus datos personales a SABETREND S.L. a trav\u00e9s de la web, correo electr\u00f3nico u otros medios, consiente el tratamiento de sus datos para las finalidades indicadas anteriormente. Los clientes que no consientan en el tratamiento de sus datos personales deber\u00e1n abstenerse de facilitar dichos datos a SABETREND S.L. En cumplimiento de la Ley de Servicios de la Sociedad de la Informaci\u00f3n y de Comercio Electr\u00f3nico (LSSI), le informamos que los datos del responsable del sitio web son: Titular: SABETREND S.L. CIF: B63795942 Direcci\u00f3n: Passatge Marim\u00f3n 8, 08002 Barcelona Tel\u00e9fono: 34 934864199 Web: www.brokendiva.com Contacto: SABETREND S.L. DATOS DE REGISTRO Inscritos en el Registro Mercantil de Barcelona, , Bolet\u00edn 158, Referencia 321531. PROTECCI\u00d3N DE DATOS Recordamos a nuestros clientes que los datos que posee SABETREND S.L. deben ser gestionados de acuerdo con lo dispuesto en la Ley Org\u00e1nica 15\/1999 de Protecci\u00f3n de Datos de Car\u00e1cter Personal a trav\u00e9s de los canales previstos para ello en este sitio web (ver CGV) y de acuerdo con las formalidades y requisitos establecidos por esta Ley Org\u00e1nica. LEGISLACI\u00d3N APLICABLE Con car\u00e1cter general, las relaciones entre SABETREND S.L. y los usuarios de sus servicios telem\u00e1ticos, cualquiera que sea su naturaleza y canal, se encuentran sometidas a la legislaci\u00f3n y jurisdicci\u00f3n espa\u00f1olas, siendo competentes los tribunales espa\u00f1oles para conocer de cualquier controversia que surja de estas relaciones.<\/p>\n<\/div><\/section><\/div>\n","protected":false},"excerpt":{"rendered":"","protected":false},"author":1,"featured_media":0,"parent":0,"menu_order":0,"comment_status":"closed","ping_status":"closed","template":"","meta":{"footnotes":""},"class_list":["post-1322","page","type-page","status-publish","hentry"],"yoast_head":"<!-- This site is optimized with the Yoast SEO plugin v27.2 - https:\/\/yoast.com\/product\/yoast-seo-wordpress\/ -->\n<title>Legal - Broken Diva<\/title>\n<meta name=\"robots\" content=\"index, follow, max-snippet:-1, max-image-preview:large, max-video-preview:-1\" \/>\n<link rel=\"canonical\" href=\"https:\/\/brokendiva.com\/es\/legal\/\" \/>\n<meta property=\"og:locale\" content=\"es_ES\" \/>\n<meta property=\"og:type\" content=\"article\" \/>\n<meta property=\"og:title\" content=\"Legal - Broken Diva\" \/>\n<meta property=\"og:url\" content=\"https:\/\/brokendiva.com\/es\/legal\/\" \/>\n<meta property=\"og:site_name\" content=\"Broken Diva\" \/>\n<meta property=\"article:modified_time\" content=\"2020-05-23T15:24:14+00:00\" \/>\n<meta name=\"twitter:card\" content=\"summary_large_image\" \/>\n<meta name=\"twitter:label1\" content=\"Tiempo de lectura\" \/>\n\t<meta name=\"twitter:data1\" content=\"3 minutos\" \/>\n<script type=\"application\/ld+json\" class=\"yoast-schema-graph\">{\"@context\":\"https:\/\/schema.org\",\"@graph\":[{\"@type\":\"WebPage\",\"@id\":\"https:\/\/brokendiva.com\/es\/legal\/\",\"url\":\"https:\/\/brokendiva.com\/es\/legal\/\",\"name\":\"Legal - Broken Diva\",\"isPartOf\":{\"@id\":\"https:\/\/brokendiva.com\/es\/#website\"},\"datePublished\":\"2020-05-23T15:23:39+00:00\",\"dateModified\":\"2020-05-23T15:24:14+00:00\",\"breadcrumb\":{\"@id\":\"https:\/\/brokendiva.com\/es\/legal\/#breadcrumb\"},\"inLanguage\":\"es\",\"potentialAction\":[{\"@type\":\"ReadAction\",\"target\":[\"https:\/\/brokendiva.com\/es\/legal\/\"]}]},{\"@type\":\"BreadcrumbList\",\"@id\":\"https:\/\/brokendiva.com\/es\/legal\/#breadcrumb\",\"itemListElement\":[{\"@type\":\"ListItem\",\"position\":1,\"name\":\"Home\",\"item\":\"https:\/\/brokendiva.com\/es\/home\/\"},{\"@type\":\"ListItem\",\"position\":2,\"name\":\"Legal\"}]},{\"@type\":\"WebSite\",\"@id\":\"https:\/\/brokendiva.com\/es\/#website\",\"url\":\"https:\/\/brokendiva.com\/es\/\",\"name\":\"Broken Diva\",\"description\":\"Just another WordPress site\",\"potentialAction\":[{\"@type\":\"SearchAction\",\"target\":{\"@type\":\"EntryPoint\",\"urlTemplate\":\"https:\/\/brokendiva.com\/es\/?s={search_term_string}\"},\"query-input\":{\"@type\":\"PropertyValueSpecification\",\"valueRequired\":true,\"valueName\":\"search_term_string\"}}],\"inLanguage\":\"es\"}]}<\/script>\n<!-- \/ Yoast SEO plugin. -->","yoast_head_json":{"title":"Legal - Broken Diva","robots":{"index":"index","follow":"follow","max-snippet":"max-snippet:-1","max-image-preview":"max-image-preview:large","max-video-preview":"max-video-preview:-1"},"canonical":"https:\/\/brokendiva.com\/es\/legal\/","og_locale":"es_ES","og_type":"article","og_title":"Legal - Broken Diva","og_url":"https:\/\/brokendiva.com\/es\/legal\/","og_site_name":"Broken Diva","article_modified_time":"2020-05-23T15:24:14+00:00","twitter_card":"summary_large_image","twitter_misc":{"Tiempo de lectura":"3 minutos"},"schema":{"@context":"https:\/\/schema.org","@graph":[{"@type":"WebPage","@id":"https:\/\/brokendiva.com\/es\/legal\/","url":"https:\/\/brokendiva.com\/es\/legal\/","name":"Legal - Broken Diva","isPartOf":{"@id":"https:\/\/brokendiva.com\/es\/#website"},"datePublished":"2020-05-23T15:23:39+00:00","dateModified":"2020-05-23T15:24:14+00:00","breadcrumb":{"@id":"https:\/\/brokendiva.com\/es\/legal\/#breadcrumb"},"inLanguage":"es","potentialAction":[{"@type":"ReadAction","target":["https:\/\/brokendiva.com\/es\/legal\/"]}]},{"@type":"BreadcrumbList","@id":"https:\/\/brokendiva.com\/es\/legal\/#breadcrumb","itemListElement":[{"@type":"ListItem","position":1,"name":"Home","item":"https:\/\/brokendiva.com\/es\/home\/"},{"@type":"ListItem","position":2,"name":"Legal"}]},{"@type":"WebSite","@id":"https:\/\/brokendiva.com\/es\/#website","url":"https:\/\/brokendiva.com\/es\/","name":"Broken Diva","description":"Just another WordPress site","potentialAction":[{"@type":"SearchAction","target":{"@type":"EntryPoint","urlTemplate":"https:\/\/brokendiva.com\/es\/?s={search_term_string}"},"query-input":{"@type":"PropertyValueSpecification","valueRequired":true,"valueName":"search_term_string"}}],"inLanguage":"es"}]}},"_links":{"self":[{"href":"https:\/\/brokendiva.com\/es\/wp-json\/wp\/v2\/pages\/1322","targetHints":{"allow":["GET"]}}],"collection":[{"href":"https:\/\/brokendiva.com\/es\/wp-json\/wp\/v2\/pages"}],"about":[{"href":"https:\/\/brokendiva.com\/es\/wp-json\/wp\/v2\/types\/page"}],"author":[{"embeddable":true,"href":"https:\/\/brokendiva.com\/es\/wp-json\/wp\/v2\/users\/1"}],"replies":[{"embeddable":true,"href":"https:\/\/brokendiva.com\/es\/wp-json\/wp\/v2\/comments?post=1322"}],"version-history":[{"count":1,"href":"https:\/\/brokendiva.com\/es\/wp-json\/wp\/v2\/pages\/1322\/revisions"}],"predecessor-version":[{"id":1323,"href":"https:\/\/brokendiva.com\/es\/wp-json\/wp\/v2\/pages\/1322\/revisions\/1323"}],"wp:attachment":[{"href":"https:\/\/brokendiva.com\/es\/wp-json\/wp\/v2\/media?parent=1322"}],"curies":[{"name":"wp","href":"https:\/\/api.w.org\/{rel}","templated":true}]}}