{"id":1324,"date":"2020-05-23T15:23:40","date_gmt":"2020-05-23T15:23:40","guid":{"rendered":"https:\/\/brokendiva.com\/bio\/"},"modified":"2025-12-31T11:39:54","modified_gmt":"2025-12-31T11:39:54","slug":"bio","status":"publish","type":"page","link":"https:\/\/brokendiva.com\/es\/bio\/","title":{"rendered":"Bio"},"content":{"rendered":"\n<style type=\"text\/css\" data-created_by=\"avia_inline_auto\" id=\"style-css-av-k6nq0gki-4322988e61e8d08747e9eaafc78065bb\">\n.avia-section.av-k6nq0gki-4322988e61e8d08747e9eaafc78065bb{\nbackground-color:#d65799;\nbackground-image:unset;\n}\n<\/style>\n<div id='av_section_1'  class='avia-section av-k6nq0gki-4322988e61e8d08747e9eaafc78065bb main_color avia-section-default avia-no-border-styling  avia-builder-el-0  el_before_av_textblock  avia-builder-el-first  avia-bg-style-scroll av-minimum-height av-minimum-height-custom av-height-custom  container_wrap sidebar_right'   data-av_minimum_height_px='100'><div class='container av-section-cont-open' style='height:100px'><main  role=\"main\" itemprop=\"mainContentOfPage\"  class='template-page content  av-content-small alpha units'><div class='post-entry post-entry-type-page post-entry-1324'><div class='entry-content-wrapper clearfix'><\/div><\/div><\/main><!-- close content main element --><\/div><\/div><div id='after_section_1'  class='main_color av_default_container_wrap container_wrap sidebar_right'  ><div class='container av-section-cont-open' ><div class='template-page content  av-content-small alpha units'><div class='post-entry post-entry-type-page post-entry-1324'><div class='entry-content-wrapper clearfix'>\n<section  class='av_textblock_section av-2gf2y-c958849b76e1da6d6b027a179c96f04b '   itemscope=\"itemscope\" itemtype=\"https:\/\/schema.org\/CreativeWork\" ><div class='avia_textblock'  itemprop=\"text\" ><h1 style=\"text-align: center;\">Bio<\/h1>\n<p data-start=\"98\" data-end=\"206\">Gala naci\u00f3 en Vilna, Lituania, de madre rusa y padre paname\u00f1o; sangre jamaicana y jud\u00eda corre por sus venas.<\/p>\n<p data-start=\"208\" data-end=\"571\">El dise\u00f1o est\u00e1 en sus genes. Su padre, que tambi\u00e9n trabaj\u00f3 como sastre mientras estudiaba econom\u00eda en Mosc\u00fa, logr\u00f3 insuflar un nuevo estilo a la fr\u00eda escena de la moda moscovita mucho antes de la Perestroika. Desde muy temprana edad, cultiv\u00f3 su pasi\u00f3n por el arte. Con una madre ex bailarina cl\u00e1sica, Gala se sinti\u00f3 fascinada por la m\u00fasica, la danza y los viajes.<\/p>\n<p data-start=\"573\" data-end=\"806\">Cuando cumpli\u00f3 ocho a\u00f1os, destroz\u00f3 los vaqueros de su madre para convertirlos en botines para su hermano peque\u00f1o. En la escuela era una alumna bastante aplicada, pero siempre so\u00f1adora\u2026 ya dibujaba bocetos de moda entre clase y clase.<\/p>\n<p data-start=\"808\" data-end=\"1083\">Gala proviene de dos continentes, Am\u00e9rica y Europa, y ha vivido en siete pa\u00edses diferentes, con un esp\u00edritu n\u00f3mada y multicultural. Al graduarse en estudios empresariales en Par\u00eds, supo con mayor certeza que su trayectoria profesional ser\u00eda diferente\u2026 y el resto es historia\u00a0&#8230;<\/p>\n<\/div><\/section>\n\n<style type=\"text\/css\" data-created_by=\"avia_inline_auto\" id=\"style-css-av-fijwz-b8c927bba8e90b167dbde641b7b8d475\">\n.flex_column.av-fijwz-b8c927bba8e90b167dbde641b7b8d475{\nborder-radius:0px 0px 0px 0px;\npadding:0px 0px 0px 0px;\n}\n<\/style>\n<div  class='flex_column av-fijwz-b8c927bba8e90b167dbde641b7b8d475 av_one_half  avia-builder-el-2  el_after_av_textblock  el_before_av_one_half  first flex_column_div av-zero-column-padding  column-top-margin'     ><style type=\"text\/css\" data-created_by=\"avia_inline_auto\" id=\"style-css-av-av_image-50823e159064d456895bc81e54823cef\">\n.avia-image-container.av-av_image-50823e159064d456895bc81e54823cef img.avia_image{\nbox-shadow:none;\n}\n.avia-image-container.av-av_image-50823e159064d456895bc81e54823cef .av-image-caption-overlay-center{\ncolor:#ffffff;\n}\n<\/style>\n<div  class='avia-image-container av-av_image-50823e159064d456895bc81e54823cef av-styling- avia-align-center  avia-builder-el-3  avia-builder-el-no-sibling '   itemprop=\"image\" itemscope=\"itemscope\" itemtype=\"https:\/\/schema.org\/ImageObject\" ><div class=\"avia-image-container-inner\"><div class=\"avia-image-overlay-wrap\"><img decoding=\"async\" fetchpriority=\"high\" class='wp-image-2427 avia-img-lazy-loading-not-2427 avia_image ' src=\"https:\/\/brokendiva.com\/wp-content\/uploads\/2020\/06\/Copy-of-Untitled.gif\" alt='' title='Copy of Untitled'  height=\"466\" width=\"300\"  itemprop=\"thumbnailUrl\"  \/><\/div><\/div><\/div><\/div>\n\n<style type=\"text\/css\" data-created_by=\"avia_inline_auto\" id=\"style-css-av-8knrv-cd083f7bddec6ab3030186baf960520a\">\n.flex_column.av-8knrv-cd083f7bddec6ab3030186baf960520a{\nborder-radius:0px 0px 0px 0px;\npadding:0px 0px 0px 0px;\n}\n<\/style>\n<div  class='flex_column av-8knrv-cd083f7bddec6ab3030186baf960520a av_one_half  avia-builder-el-4  el_after_av_one_half  avia-builder-el-last  flex_column_div av-zero-column-padding  column-top-margin'     ><style type=\"text\/css\" data-created_by=\"avia_inline_auto\" id=\"style-css-av-kbde0pom-caac82cfe33af0d1224a346bd584b08d\">\n.avia-image-container.av-kbde0pom-caac82cfe33af0d1224a346bd584b08d img.avia_image{\nbox-shadow:none;\n}\n.avia-image-container.av-kbde0pom-caac82cfe33af0d1224a346bd584b08d .av-image-caption-overlay-center{\ncolor:#ffffff;\n}\n<\/style>\n<div  class='avia-image-container av-kbde0pom-caac82cfe33af0d1224a346bd584b08d av-styling- avia-align-center  avia-builder-el-5  avia-builder-el-no-sibling '   itemprop=\"image\" itemscope=\"itemscope\" itemtype=\"https:\/\/schema.org\/ImageObject\" ><div class=\"avia-image-container-inner\"><div class=\"avia-image-overlay-wrap\"><img decoding=\"async\" fetchpriority=\"high\" class='wp-image-3847 avia-img-lazy-loading-not-3847 avia_image ' src=\"https:\/\/brokendiva.com\/wp-content\/uploads\/2025\/12\/gulchik-752x1030.png\" alt='' title='gulchik'  height=\"1030\" width=\"752\"  itemprop=\"thumbnailUrl\" srcset=\"https:\/\/brokendiva.com\/wp-content\/uploads\/2025\/12\/gulchik-752x1030.png 752w, https:\/\/brokendiva.com\/wp-content\/uploads\/2025\/12\/gulchik-219x300.png 219w, https:\/\/brokendiva.com\/wp-content\/uploads\/2025\/12\/gulchik-768x1052.png 768w, https:\/\/brokendiva.com\/wp-content\/uploads\/2025\/12\/gulchik.png 864w\" sizes=\"(max-width: 752px) 100vw, 752px\" \/><\/div><\/div><\/div><\/div>\n","protected":false},"excerpt":{"rendered":"","protected":false},"author":1,"featured_media":0,"parent":0,"menu_order":0,"comment_status":"closed","ping_status":"closed","template":"","meta":{"footnotes":""},"class_list":["post-1324","page","type-page","status-publish","hentry"],"yoast_head":"<!-- This site is optimized with the Yoast SEO plugin v27.2 - https:\/\/yoast.com\/product\/yoast-seo-wordpress\/ -->\n<title>Bio - Broken Diva<\/title>\n<meta name=\"robots\" content=\"noindex, follow\" \/>\n<meta property=\"og:locale\" content=\"es_ES\" \/>\n<meta property=\"og:type\" content=\"article\" \/>\n<meta property=\"og:title\" content=\"Bio - Broken Diva\" \/>\n<meta property=\"og:url\" content=\"https:\/\/brokendiva.com\/es\/bio\/\" \/>\n<meta property=\"og:site_name\" content=\"Broken Diva\" \/>\n<meta property=\"article:modified_time\" content=\"2025-12-31T11:39:54+00:00\" \/>\n<meta name=\"twitter:card\" content=\"summary_large_image\" \/>\n<meta name=\"twitter:label1\" content=\"Tiempo de lectura\" \/>\n\t<meta name=\"twitter:data1\" content=\"2 minutos\" \/>\n<script type=\"application\/ld+json\" class=\"yoast-schema-graph\">{\"@context\":\"https:\/\/schema.org\",\"@graph\":[{\"@type\":\"WebPage\",\"@id\":\"https:\/\/brokendiva.com\/es\/bio\/\",\"url\":\"https:\/\/brokendiva.com\/es\/bio\/\",\"name\":\"Bio - Broken Diva\",\"isPartOf\":{\"@id\":\"https:\/\/brokendiva.com\/es\/#website\"},\"datePublished\":\"2020-05-23T15:23:40+00:00\",\"dateModified\":\"2025-12-31T11:39:54+00:00\",\"breadcrumb\":{\"@id\":\"https:\/\/brokendiva.com\/es\/bio\/#breadcrumb\"},\"inLanguage\":\"es\",\"potentialAction\":[{\"@type\":\"ReadAction\",\"target\":[\"https:\/\/brokendiva.com\/es\/bio\/\"]}]},{\"@type\":\"BreadcrumbList\",\"@id\":\"https:\/\/brokendiva.com\/es\/bio\/#breadcrumb\",\"itemListElement\":[{\"@type\":\"ListItem\",\"position\":1,\"name\":\"Home\",\"item\":\"https:\/\/brokendiva.com\/es\/home\/\"},{\"@type\":\"ListItem\",\"position\":2,\"name\":\"Bio\"}]},{\"@type\":\"WebSite\",\"@id\":\"https:\/\/brokendiva.com\/es\/#website\",\"url\":\"https:\/\/brokendiva.com\/es\/\",\"name\":\"Broken Diva\",\"description\":\"Just another WordPress site\",\"potentialAction\":[{\"@type\":\"SearchAction\",\"target\":{\"@type\":\"EntryPoint\",\"urlTemplate\":\"https:\/\/brokendiva.com\/es\/?s={search_term_string}\"},\"query-input\":{\"@type\":\"PropertyValueSpecification\",\"valueRequired\":true,\"valueName\":\"search_term_string\"}}],\"inLanguage\":\"es\"}]}<\/script>\n<!-- \/ Yoast SEO plugin. -->","yoast_head_json":{"title":"Bio - Broken Diva","robots":{"index":"noindex","follow":"follow"},"og_locale":"es_ES","og_type":"article","og_title":"Bio - Broken Diva","og_url":"https:\/\/brokendiva.com\/es\/bio\/","og_site_name":"Broken Diva","article_modified_time":"2025-12-31T11:39:54+00:00","twitter_card":"summary_large_image","twitter_misc":{"Tiempo de lectura":"2 minutos"},"schema":{"@context":"https:\/\/schema.org","@graph":[{"@type":"WebPage","@id":"https:\/\/brokendiva.com\/es\/bio\/","url":"https:\/\/brokendiva.com\/es\/bio\/","name":"Bio - Broken Diva","isPartOf":{"@id":"https:\/\/brokendiva.com\/es\/#website"},"datePublished":"2020-05-23T15:23:40+00:00","dateModified":"2025-12-31T11:39:54+00:00","breadcrumb":{"@id":"https:\/\/brokendiva.com\/es\/bio\/#breadcrumb"},"inLanguage":"es","potentialAction":[{"@type":"ReadAction","target":["https:\/\/brokendiva.com\/es\/bio\/"]}]},{"@type":"BreadcrumbList","@id":"https:\/\/brokendiva.com\/es\/bio\/#breadcrumb","itemListElement":[{"@type":"ListItem","position":1,"name":"Home","item":"https:\/\/brokendiva.com\/es\/home\/"},{"@type":"ListItem","position":2,"name":"Bio"}]},{"@type":"WebSite","@id":"https:\/\/brokendiva.com\/es\/#website","url":"https:\/\/brokendiva.com\/es\/","name":"Broken Diva","description":"Just another WordPress site","potentialAction":[{"@type":"SearchAction","target":{"@type":"EntryPoint","urlTemplate":"https:\/\/brokendiva.com\/es\/?s={search_term_string}"},"query-input":{"@type":"PropertyValueSpecification","valueRequired":true,"valueName":"search_term_string"}}],"inLanguage":"es"}]}},"_links":{"self":[{"href":"https:\/\/brokendiva.com\/es\/wp-json\/wp\/v2\/pages\/1324","targetHints":{"allow":["GET"]}}],"collection":[{"href":"https:\/\/brokendiva.com\/es\/wp-json\/wp\/v2\/pages"}],"about":[{"href":"https:\/\/brokendiva.com\/es\/wp-json\/wp\/v2\/types\/page"}],"author":[{"embeddable":true,"href":"https:\/\/brokendiva.com\/es\/wp-json\/wp\/v2\/users\/1"}],"replies":[{"embeddable":true,"href":"https:\/\/brokendiva.com\/es\/wp-json\/wp\/v2\/comments?post=1324"}],"version-history":[{"count":10,"href":"https:\/\/brokendiva.com\/es\/wp-json\/wp\/v2\/pages\/1324\/revisions"}],"predecessor-version":[{"id":3853,"href":"https:\/\/brokendiva.com\/es\/wp-json\/wp\/v2\/pages\/1324\/revisions\/3853"}],"wp:attachment":[{"href":"https:\/\/brokendiva.com\/es\/wp-json\/wp\/v2\/media?parent=1324"}],"curies":[{"name":"wp","href":"https:\/\/api.w.org\/{rel}","templated":true}]}}