{"id":1450,"date":"2020-05-23T15:24:00","date_gmt":"2020-05-23T15:24:00","guid":{"rendered":"https:\/\/brokendiva.com\/unico\/"},"modified":"2020-05-24T11:53:08","modified_gmt":"2020-05-24T11:53:08","slug":"unique","status":"publish","type":"page","link":"https:\/\/brokendiva.com\/es\/unique\/","title":{"rendered":"UNIQUE"},"content":{"rendered":"\n<style type=\"text\/css\" data-created_by=\"avia_inline_auto\" id=\"style-css-av-k6nq0gki-26a1a907a5f08dc0b705bc0371ca6e92\">\n.avia-section.av-k6nq0gki-26a1a907a5f08dc0b705bc0371ca6e92{\nbackground-color:#d65799;\nbackground-image:unset;\n}\n<\/style>\n<div id='av_section_1'  class='avia-section av-k6nq0gki-26a1a907a5f08dc0b705bc0371ca6e92 main_color avia-section-no-padding avia-no-border-styling  avia-builder-el-0  el_before_av_layout_row  avia-builder-el-first  avia-bg-style-scroll av-minimum-height av-minimum-height-6 av-height-percent  container_wrap sidebar_right'   data-av_minimum_height_pc='6' data-av_min_height_opt='percent'><div class='container av-section-cont-open' ><main  role=\"main\" itemprop=\"mainContentOfPage\"  class='template-page content  av-content-small alpha units'><div class='post-entry post-entry-type-page post-entry-1450'><div class='entry-content-wrapper clearfix'>\n<\/div><\/div><\/main><!-- close content main element --><\/div><\/div><div id='av-layout-grid-1'  class='av-layout-grid-container av-fkkjc-9551c8220c40be4eef90432bed40ea40 entry-content-wrapper main_color av-flex-cells  avia-builder-el-1  el_after_av_section  el_before_av_layout_row  grid-row-not-first av-small-hide av-mini-hide container_wrap sidebar_right'  >\n\n<style type=\"text\/css\" data-created_by=\"avia_inline_auto\" id=\"style-css-av-f9fzw-72469a69263c6584d1963c1cd44b95a8\">\n.flex_cell.av-f9fzw-72469a69263c6584d1963c1cd44b95a8{\nvertical-align:top;\n}\n.responsive #top #wrap_all .flex_cell.av-f9fzw-72469a69263c6584d1963c1cd44b95a8{\npadding:30px 60px 30px 60px !important;\n}\n<\/style>\n<div class='flex_cell av-f9fzw-72469a69263c6584d1963c1cd44b95a8 av-gridrow-cell av_two_third no_margin  avia-builder-el-2  el_before_av_cell_one_third  avia-builder-el-first  content-align-top'  ><div class='flex_cell_inner'><p>\n<style type=\"text\/css\" data-created_by=\"avia_inline_auto\" id=\"style-css-av-3j37lv-43b3e0da1ca8b63ba82fb644638485ff\">\n.flex_column.av-3j37lv-43b3e0da1ca8b63ba82fb644638485ff{\nborder-radius:0px 0px 0px 0px;\npadding:0px 0px 0px 0px;\n}\n<\/style>\n<div  class='flex_column av-3j37lv-43b3e0da1ca8b63ba82fb644638485ff av_one_full  avia-builder-el-3  el_before_av_contact  avia-builder-el-first  first flex_column_div av-zero-column-padding  '     ><section  class='av_textblock_section av-k7g11ip1-c7e9950f1623c7b57cd7d5dfe45e00b2 '   itemscope=\"itemscope\" itemtype=\"https:\/\/schema.org\/CreativeWork\" ><div class='avia_textblock'  itemprop=\"text\" ><h1 style=\"text-align: center;\">UNIQUE<\/h1>\n<p style=\"text-align: center;\"><strong>Camiseta personalizada dise\u00f1ada con amor y hecha s\u00f3lo para ti.<\/strong><\/p>\n<div>Si te apetece tener tu propia camiseta UNIQUE (o micro colecci\u00f3n de camisetas), sacada desde la imaginaci\u00f3n una prenda personalizada, o si deseas hacer un regalo exclusivo a alguien &#8230;<\/div>\n<div>\n\n<style type=\"text\/css\" data-created_by=\"avia_inline_auto\" id=\"style-css-av-822u6b-2917660e7b23a060b18e9a6d2bc5ae1b\">\n#top .hr.av-822u6b-2917660e7b23a060b18e9a6d2bc5ae1b{\nmargin-top:5px;\nmargin-bottom:5px;\n}\n.hr.av-822u6b-2917660e7b23a060b18e9a6d2bc5ae1b .hr-inner{\nwidth:5px;\n}\n<\/style>\n<div  class='hr av-822u6b-2917660e7b23a060b18e9a6d2bc5ae1b hr-custom  avia-builder-el-5  el_before_av_hr  avia-builder-el-first  hr-center hr-icon-no'><span class='hr-inner inner-border-av-border-none'><span class=\"hr-inner-style\"><\/span><\/span><\/div>\n<\/div>\n<div><strong>Debajo el proceso paso a paso:<\/strong><\/div>\n<div>\n<style type=\"text\/css\" data-created_by=\"avia_inline_auto\" id=\"style-css-av-imgmb-791d976805f0f3b40392a472157b0f38\">\n#top .hr.av-imgmb-791d976805f0f3b40392a472157b0f38{\nmargin-top:5px;\nmargin-bottom:5px;\n}\n.hr.av-imgmb-791d976805f0f3b40392a472157b0f38 .hr-inner{\nwidth:5px;\n}\n<\/style>\n<div  class='hr av-imgmb-791d976805f0f3b40392a472157b0f38 hr-custom  avia-builder-el-6  el_after_av_hr  avia-builder-el-last  hr-center hr-icon-no'><span class='hr-inner inner-border-av-border-none'><span class=\"hr-inner-style\"><\/span><\/span><\/div><\/div>\n<ol>\n<li>Env\u00edanos tu idea rellenando el siguiente formulario<\/li>\n<li>Acuerdo del presupuesto<\/li>\n<li>Entonces trabajaremos en un concepto de dise\u00f1o \u00fanico<\/li>\n<li>Creaci\u00f3n de estilo libre y producci\u00f3n de la camiseta<\/li>\n<li>Entrega \/ a ti o a tus seres queridos<\/li>\n<\/ol>\n<p style=\"text-align: center;\">\n<\/div><\/section><\/div><form action=\"https:\/\/brokendiva.com\/es\/unique\/\" method=\"post\" data-fields-with-error=\"Found errors in the following field(s):\" class=\"avia_ajax_form av-form-labels-visible   avia-builder-el-7  el_after_av_one_full  el_before_av_image   \" data-avia-form-id=\"1\" data-avia-redirect='' ><fieldset><p class='  first_form  form_element form_element_third' id='element_avia_1_1'><label for=\"avia_1_1\">Nombre <abbr class=\"required\" title=\"requerido\">*<\/abbr><\/label> <input name=\"avia_1_1\" class=\"text_input is_empty\" type=\"text\" id=\"avia_1_1\" value=\"\" \/><\/p><p class='  form_element form_element_third' id='element_avia_2_1'><label for=\"avia_2_1\">E-Mail <abbr class=\"required\" title=\"requerido\">*<\/abbr><\/label> <input name=\"avia_2_1\" class=\"text_input is_email\" type=\"text\" id=\"avia_2_1\" value=\"\" \/><\/p><p class='  form_element form_element_third' id='element_avia_3_1'><label for=\"avia_3_1\">Tel\u00e9fono <abbr class=\"required\" title=\"requerido\">*<\/abbr><\/label> <input name=\"avia_3_1\" class=\"text_input is_phone\" type=\"text\" id=\"avia_3_1\" value=\"\" \/><\/p><p class='  first_form  form_element form_fullwidth av-last-visible-form-element' id='element_avia_4_1'><label for=\"avia_4_1\" class=\"textare_label hidden textare_label_avia_4_1\">\u00bfQu\u00e9 tienes en mente? <abbr class=\"required\" title=\"requerido\">*<\/abbr><\/label><textarea  name=\"avia_4_1\" class=\"text_area is_empty\" cols=\"40\" rows=\"7\" id=\"avia_4_1\" ><\/textarea><\/p><p class=\"hidden\"><input type=\"text\" name=\"avia_5_1\" class=\"hidden \" id=\"avia_5_1\" value=\"\" \/><\/p><p class=\"form_element \"><input type=\"hidden\" value=\"1\" name=\"avia_generated_form1\" \/><input type=\"submit\" value=\"Env\u00ede\" class=\"button\"  data-sending-label=\"Enviando\"\/><\/p><\/fieldset><\/form><div id=\"ajaxresponse_1\" class=\"ajaxresponse ajaxresponse_1 hidden\"><\/div><br \/>\n\n<style type=\"text\/css\" data-created_by=\"avia_inline_auto\" id=\"style-css-av-ka9v1333-006b5396c7658c575654c2d807321076\">\n.avia-image-container.av-ka9v1333-006b5396c7658c575654c2d807321076 img.avia_image{\nbox-shadow:none;\n}\n.avia-image-container.av-ka9v1333-006b5396c7658c575654c2d807321076 .av-image-caption-overlay-center{\ncolor:#ffffff;\n}\n<\/style>\n<div  class='avia-image-container av-ka9v1333-006b5396c7658c575654c2d807321076 av-styling- avia-align-center  avia-builder-el-8  el_after_av_contact  avia-builder-el-last '   itemprop=\"image\" itemscope=\"itemscope\" itemtype=\"https:\/\/schema.org\/ImageObject\" ><div class=\"avia-image-container-inner\"><div class=\"avia-image-overlay-wrap\"><img decoding=\"async\" fetchpriority=\"high\" class='wp-image-1452 avia-img-lazy-loading-not-1452 avia_image ' src=\"https:\/\/brokendiva.com\/wp-content\/uploads\/2020\/05\/Untitled-design-2.jpg\" alt='' title='Dise\u00f1o sin t\u00edtulo (2)'  height=\"300\" width=\"800\"  itemprop=\"thumbnailUrl\" srcset=\"https:\/\/brokendiva.com\/wp-content\/uploads\/2020\/05\/Untitled-design-2.jpg 800w, https:\/\/brokendiva.com\/wp-content\/uploads\/2020\/05\/Untitled-design-2-300x113.jpg 300w, https:\/\/brokendiva.com\/wp-content\/uploads\/2020\/05\/Untitled-design-2-768x288.jpg 768w, https:\/\/brokendiva.com\/wp-content\/uploads\/2020\/05\/Untitled-design-2-705x264.jpg 705w, https:\/\/brokendiva.com\/wp-content\/uploads\/2020\/05\/Untitled-design-2-600x225.jpg 600w\" sizes=\"(max-width: 800px) 100vw, 800px\" \/><\/div><\/div><\/div><\/p>\n<\/div><\/div>\n<style type=\"text\/css\" data-created_by=\"avia_inline_auto\" id=\"style-css-av-15m1w-43c7266f4ff11321af1f8bac4f8c7221\">\n.flex_cell.av-15m1w-43c7266f4ff11321af1f8bac4f8c7221{\nvertical-align:middle;\nbackground:url(https:\/\/brokendiva.com\/wp-content\/uploads\/2020\/03\/woman.png) 50% 50% no-repeat scroll ;\n}\n.responsive #top #wrap_all .flex_cell.av-15m1w-43c7266f4ff11321af1f8bac4f8c7221{\npadding:30px 30px 30px 30px !important;\n}\n<\/style>\n<div class='flex_cell av-15m1w-43c7266f4ff11321af1f8bac4f8c7221 av-gridrow-cell av_one_third no_margin  avia-builder-el-9  el_after_av_cell_two_third  avia-builder-el-last  content-align-middle avia-full-stretch'  ><div class='flex_cell_inner'><\/div><\/div><\/div><div id='av-layout-grid-2'  class='av-layout-grid-container av-fkkjc-1eb3ea22d46c49ab333dd041ff3681e2 entry-content-wrapper main_color av-flex-cells  avia-builder-el-10  el_after_av_layout_row  avia-builder-el-last  grid-row-not-first av-desktop-hide av-medium-hide container_wrap sidebar_right'  >\n\n<style type=\"text\/css\" data-created_by=\"avia_inline_auto\" id=\"style-css-av-f9fzw-72469a69263c6584d1963c1cd44b95a8\">\n.flex_cell.av-f9fzw-72469a69263c6584d1963c1cd44b95a8{\nvertical-align:top;\n}\n.responsive #top #wrap_all .flex_cell.av-f9fzw-72469a69263c6584d1963c1cd44b95a8{\npadding:30px 60px 30px 60px !important;\n}\n<\/style>\n<div class='flex_cell av-f9fzw-72469a69263c6584d1963c1cd44b95a8 av-gridrow-cell av_two_third no_margin  avia-builder-el-11  el_before_av_cell_one_third  avia-builder-el-first  content-align-top'  ><div class='flex_cell_inner'><p>\n<style type=\"text\/css\" data-created_by=\"avia_inline_auto\" id=\"style-css-av-3j37lv-43b3e0da1ca8b63ba82fb644638485ff\">\n.flex_column.av-3j37lv-43b3e0da1ca8b63ba82fb644638485ff{\nborder-radius:0px 0px 0px 0px;\npadding:0px 0px 0px 0px;\n}\n<\/style>\n<div  class='flex_column av-3j37lv-43b3e0da1ca8b63ba82fb644638485ff av_one_full  avia-builder-el-12  el_before_av_one_full  avia-builder-el-first  first flex_column_div av-zero-column-padding  '     ><section  class='av_textblock_section av-k7g11ip1-c7e9950f1623c7b57cd7d5dfe45e00b2 '   itemscope=\"itemscope\" itemtype=\"https:\/\/schema.org\/CreativeWork\" ><div class='avia_textblock'  itemprop=\"text\" ><h1 style=\"text-align: center;\">\u00daNICO<\/h1>\n<p style=\"text-align: center;\"><strong>Camiseta personalizada dise\u00f1ada con amor y hecha s\u00f3lo para ti.<\/strong><\/p>\n<div>Si te apetece tener tu propia camiseta \u00daNICA (o colecci\u00f3n de micro camisetas), sacada de la imaginaci\u00f3n y una prenda personalizada, o si deseas hacer un regalo exclusivo a alguien &#8230;<\/div>\n<div>\n\n<style type=\"text\/css\" data-created_by=\"avia_inline_auto\" id=\"style-css-av-1xc5xf-b37c52efdeada277da2ada379265b3d7\">\n#top .hr.av-1xc5xf-b37c52efdeada277da2ada379265b3d7{\nmargin-top:5px;\nmargin-bottom:5px;\n}\n.hr.av-1xc5xf-b37c52efdeada277da2ada379265b3d7 .hr-inner{\nwidth:5px;\n}\n<\/style>\n<div  class='hr av-1xc5xf-b37c52efdeada277da2ada379265b3d7 hr-custom  avia-builder-el-14  avia-builder-el-no-sibling  hr-center hr-icon-no'><span class='hr-inner inner-border-av-border-none'><span class=\"hr-inner-style\"><\/span><\/span><\/div>\n<\/div>\n<div><strong>Aqu\u00ed bajo el proceso paso a paso:<\/strong><\/div>\n<ol>\n<li>Env\u00edenos su idea rellenando el siguiente formulario<\/li>\n<li>Acuerdo presupuestario<\/li>\n<li>Entonces trabajaremos en un concepto de dise\u00f1o \u00fanico<\/li>\n<li>Creaci\u00f3n de estilo libre y producci\u00f3n de la camiseta<\/li>\n<li>Entrega \/ a ti o a tus seres queridos<\/li>\n<\/ol>\n<p style=\"text-align: center;\">\n<\/div><\/section><\/div>\n<style type=\"text\/css\" data-created_by=\"avia_inline_auto\" id=\"style-css-av-3j37lv-43b3e0da1ca8b63ba82fb644638485ff\">\n.flex_column.av-3j37lv-43b3e0da1ca8b63ba82fb644638485ff{\nborder-radius:0px 0px 0px 0px;\npadding:0px 0px 0px 0px;\n}\n<\/style>\n<div  class='flex_column av-3j37lv-43b3e0da1ca8b63ba82fb644638485ff av_one_full  avia-builder-el-15  el_after_av_one_full  el_before_av_contact  first flex_column_div av-zero-column-padding  column-top-margin'     ><style type=\"text\/css\" data-created_by=\"avia_inline_auto\" id=\"style-css-av-ka9v1333-ab7918038bbe75b86537eb0f29a5103b\">\n.avia-image-container.av-ka9v1333-ab7918038bbe75b86537eb0f29a5103b img.avia_image{\nbox-shadow:none;\n}\n.avia-image-container.av-ka9v1333-ab7918038bbe75b86537eb0f29a5103b .av-image-caption-overlay-center{\ncolor:#ffffff;\n}\n<\/style>\n<div  class='avia-image-container av-ka9v1333-ab7918038bbe75b86537eb0f29a5103b av-styling- avia-align-center  avia-builder-el-16  avia-builder-el-no-sibling '   itemprop=\"image\" itemscope=\"itemscope\" itemtype=\"https:\/\/schema.org\/ImageObject\" ><div class=\"avia-image-container-inner\"><div class=\"avia-image-overlay-wrap\"><img decoding=\"async\" fetchpriority=\"high\" class='wp-image-1452 avia-img-lazy-loading-not-1452 avia_image ' src=\"https:\/\/brokendiva.com\/wp-content\/uploads\/2020\/05\/Untitled-design-2.jpg\" alt='' title='Dise\u00f1o sin t\u00edtulo (2)'  height=\"300\" width=\"800\"  itemprop=\"thumbnailUrl\" srcset=\"https:\/\/brokendiva.com\/wp-content\/uploads\/2020\/05\/Untitled-design-2.jpg 800w, https:\/\/brokendiva.com\/wp-content\/uploads\/2020\/05\/Untitled-design-2-300x113.jpg 300w, https:\/\/brokendiva.com\/wp-content\/uploads\/2020\/05\/Untitled-design-2-768x288.jpg 768w, https:\/\/brokendiva.com\/wp-content\/uploads\/2020\/05\/Untitled-design-2-705x264.jpg 705w, https:\/\/brokendiva.com\/wp-content\/uploads\/2020\/05\/Untitled-design-2-600x225.jpg 600w\" sizes=\"(max-width: 800px) 100vw, 800px\" \/><\/div><\/div><\/div><\/div><form action=\"https:\/\/brokendiva.com\/es\/unique\/\" method=\"post\" data-fields-with-error=\"Found errors in the following field(s):\" class=\"avia_ajax_form av-form-labels-visible   avia-builder-el-17  el_after_av_one_full  avia-builder-el-last   \" data-avia-form-id=\"2\" data-avia-redirect='' ><fieldset><p class='  first_form  form_element form_element_third' id='element_avia_1_2'><label for=\"avia_1_2\">Nombre <abbr class=\"required\" title=\"requerido\">*<\/abbr><\/label> <input name=\"avia_1_2\" class=\"text_input is_empty\" type=\"text\" id=\"avia_1_2\" value=\"\" \/><\/p><p class='  form_element form_element_third' id='element_avia_2_2'><label for=\"avia_2_2\">E-Mail <abbr class=\"required\" title=\"requerido\">*<\/abbr><\/label> <input name=\"avia_2_2\" class=\"text_input is_email\" type=\"text\" id=\"avia_2_2\" value=\"\" \/><\/p><p class='  form_element form_element_third' id='element_avia_3_2'><label for=\"avia_3_2\">Tel\u00e9fono <abbr class=\"required\" title=\"requerido\">*<\/abbr><\/label> <input name=\"avia_3_2\" class=\"text_input is_phone\" type=\"text\" id=\"avia_3_2\" value=\"\" \/><\/p><p class='  first_form  form_element form_fullwidth av-last-visible-form-element' id='element_avia_4_2'><label for=\"avia_4_2\" class=\"textare_label hidden textare_label_avia_4_2\">Mensaje <abbr class=\"required\" title=\"requerido\">*<\/abbr><\/label><textarea  name=\"avia_4_2\" class=\"text_area is_empty\" cols=\"40\" rows=\"7\" id=\"avia_4_2\" ><\/textarea><\/p><p class=\"hidden\"><input type=\"text\" name=\"avia_5_2\" class=\"hidden \" id=\"avia_5_2\" value=\"\" \/><\/p><p class=\"form_element \"><input type=\"hidden\" value=\"1\" name=\"avia_generated_form2\" \/><input type=\"submit\" value=\"Env\u00ede\" class=\"button\"  data-sending-label=\"Enviando\"\/><\/p><\/fieldset><\/form><div id=\"ajaxresponse_2\" class=\"ajaxresponse ajaxresponse_2 hidden\"><\/div><\/p>\n<\/div><\/div>\n<style type=\"text\/css\" data-created_by=\"avia_inline_auto\" id=\"style-css-av-15m1w-e5b3048715f916b2415695e071008a69\">\n.flex_cell.av-15m1w-e5b3048715f916b2415695e071008a69{\nvertical-align:middle;\nbackground:url(https:\/\/brokendiva.com\/wp-content\/uploads\/2020\/03\/woman-495x400.png) 50% 50% no-repeat scroll ;\n}\n.responsive #top #wrap_all .flex_cell.av-15m1w-e5b3048715f916b2415695e071008a69{\npadding:200px 200px 200px 200px !important;\n}\n<\/style>\n<div class='flex_cell av-15m1w-e5b3048715f916b2415695e071008a69 av-gridrow-cell av_one_third no_margin  avia-builder-el-18  el_after_av_cell_two_third  avia-builder-el-last  ecologic content-align-middle avia-full-stretch'  ><div class='flex_cell_inner'><\/div><\/div>\n<\/div><\/p>\n","protected":false},"excerpt":{"rendered":"","protected":false},"author":1,"featured_media":0,"parent":0,"menu_order":0,"comment_status":"closed","ping_status":"closed","template":"","meta":{"footnotes":""},"class_list":["post-1450","page","type-page","status-publish","hentry"],"yoast_head":"<!-- This site is optimized with the Yoast SEO plugin v27.2 - https:\/\/yoast.com\/product\/yoast-seo-wordpress\/ -->\n<title>Camiseta personalizada dise\u00f1ada con amor y hecha s\u00f3lo para ti.<\/title>\n<meta name=\"description\" content=\"Si te apetece tener tu propia camiseta UNIQUE (o micro colecci\u00f3n de camisetas), sacada desde la imaginaci\u00f3n una prenda personalizada, o si deseas hacer un regalo exclusivo a alguien ...\" \/>\n<meta name=\"robots\" content=\"index, follow, max-snippet:-1, max-image-preview:large, max-video-preview:-1\" \/>\n<link rel=\"canonical\" href=\"https:\/\/brokendiva.com\/es\/unique\/\" \/>\n<meta property=\"og:locale\" content=\"es_ES\" \/>\n<meta property=\"og:type\" content=\"article\" \/>\n<meta property=\"og:title\" content=\"Camiseta personalizada dise\u00f1ada con amor y hecha s\u00f3lo para ti.\" \/>\n<meta property=\"og:description\" content=\"Si te apetece tener tu propia camiseta UNIQUE (o micro colecci\u00f3n de camisetas), sacada desde la imaginaci\u00f3n una prenda personalizada, o si deseas hacer un regalo exclusivo a alguien ...\" \/>\n<meta property=\"og:url\" content=\"https:\/\/brokendiva.com\/es\/unique\/\" \/>\n<meta property=\"og:site_name\" content=\"Broken Diva\" \/>\n<meta property=\"article:modified_time\" content=\"2020-05-24T11:53:08+00:00\" \/>\n<meta name=\"twitter:card\" content=\"summary_large_image\" \/>\n<meta name=\"twitter:label1\" content=\"Tiempo de lectura\" \/>\n\t<meta name=\"twitter:data1\" content=\"9 minutos\" \/>\n<script type=\"application\/ld+json\" class=\"yoast-schema-graph\">{\"@context\":\"https:\/\/schema.org\",\"@graph\":[{\"@type\":\"WebPage\",\"@id\":\"https:\/\/brokendiva.com\/es\/unique\/\",\"url\":\"https:\/\/brokendiva.com\/es\/unique\/\",\"name\":\"Camiseta personalizada dise\u00f1ada con amor y hecha s\u00f3lo para ti.\",\"isPartOf\":{\"@id\":\"https:\/\/brokendiva.com\/es\/#website\"},\"datePublished\":\"2020-05-23T15:24:00+00:00\",\"dateModified\":\"2020-05-24T11:53:08+00:00\",\"description\":\"Si te apetece tener tu propia camiseta UNIQUE (o micro colecci\u00f3n de camisetas), sacada desde la imaginaci\u00f3n una prenda personalizada, o si deseas hacer un regalo exclusivo a alguien ...\",\"breadcrumb\":{\"@id\":\"https:\/\/brokendiva.com\/es\/unique\/#breadcrumb\"},\"inLanguage\":\"es\",\"potentialAction\":[{\"@type\":\"ReadAction\",\"target\":[\"https:\/\/brokendiva.com\/es\/unique\/\"]}]},{\"@type\":\"BreadcrumbList\",\"@id\":\"https:\/\/brokendiva.com\/es\/unique\/#breadcrumb\",\"itemListElement\":[{\"@type\":\"ListItem\",\"position\":1,\"name\":\"Home\",\"item\":\"https:\/\/brokendiva.com\/es\/home\/\"},{\"@type\":\"ListItem\",\"position\":2,\"name\":\"UNIQUE\"}]},{\"@type\":\"WebSite\",\"@id\":\"https:\/\/brokendiva.com\/es\/#website\",\"url\":\"https:\/\/brokendiva.com\/es\/\",\"name\":\"Broken Diva\",\"description\":\"Just another WordPress site\",\"potentialAction\":[{\"@type\":\"SearchAction\",\"target\":{\"@type\":\"EntryPoint\",\"urlTemplate\":\"https:\/\/brokendiva.com\/es\/?s={search_term_string}\"},\"query-input\":{\"@type\":\"PropertyValueSpecification\",\"valueRequired\":true,\"valueName\":\"search_term_string\"}}],\"inLanguage\":\"es\"}]}<\/script>\n<!-- \/ Yoast SEO plugin. -->","yoast_head_json":{"title":"Camiseta personalizada dise\u00f1ada con amor y hecha s\u00f3lo para ti.","description":"Si te apetece tener tu propia camiseta UNIQUE (o micro colecci\u00f3n de camisetas), sacada desde la imaginaci\u00f3n una prenda personalizada, o si deseas hacer un regalo exclusivo a alguien ...","robots":{"index":"index","follow":"follow","max-snippet":"max-snippet:-1","max-image-preview":"max-image-preview:large","max-video-preview":"max-video-preview:-1"},"canonical":"https:\/\/brokendiva.com\/es\/unique\/","og_locale":"es_ES","og_type":"article","og_title":"Camiseta personalizada dise\u00f1ada con amor y hecha s\u00f3lo para ti.","og_description":"Si te apetece tener tu propia camiseta UNIQUE (o micro colecci\u00f3n de camisetas), sacada desde la imaginaci\u00f3n una prenda personalizada, o si deseas hacer un regalo exclusivo a alguien ...","og_url":"https:\/\/brokendiva.com\/es\/unique\/","og_site_name":"Broken Diva","article_modified_time":"2020-05-24T11:53:08+00:00","twitter_card":"summary_large_image","twitter_misc":{"Tiempo de lectura":"9 minutos"},"schema":{"@context":"https:\/\/schema.org","@graph":[{"@type":"WebPage","@id":"https:\/\/brokendiva.com\/es\/unique\/","url":"https:\/\/brokendiva.com\/es\/unique\/","name":"Camiseta personalizada dise\u00f1ada con amor y hecha s\u00f3lo para ti.","isPartOf":{"@id":"https:\/\/brokendiva.com\/es\/#website"},"datePublished":"2020-05-23T15:24:00+00:00","dateModified":"2020-05-24T11:53:08+00:00","description":"Si te apetece tener tu propia camiseta UNIQUE (o micro colecci\u00f3n de camisetas), sacada desde la imaginaci\u00f3n una prenda personalizada, o si deseas hacer un regalo exclusivo a alguien ...","breadcrumb":{"@id":"https:\/\/brokendiva.com\/es\/unique\/#breadcrumb"},"inLanguage":"es","potentialAction":[{"@type":"ReadAction","target":["https:\/\/brokendiva.com\/es\/unique\/"]}]},{"@type":"BreadcrumbList","@id":"https:\/\/brokendiva.com\/es\/unique\/#breadcrumb","itemListElement":[{"@type":"ListItem","position":1,"name":"Home","item":"https:\/\/brokendiva.com\/es\/home\/"},{"@type":"ListItem","position":2,"name":"UNIQUE"}]},{"@type":"WebSite","@id":"https:\/\/brokendiva.com\/es\/#website","url":"https:\/\/brokendiva.com\/es\/","name":"Broken Diva","description":"Just another WordPress site","potentialAction":[{"@type":"SearchAction","target":{"@type":"EntryPoint","urlTemplate":"https:\/\/brokendiva.com\/es\/?s={search_term_string}"},"query-input":{"@type":"PropertyValueSpecification","valueRequired":true,"valueName":"search_term_string"}}],"inLanguage":"es"}]}},"_links":{"self":[{"href":"https:\/\/brokendiva.com\/es\/wp-json\/wp\/v2\/pages\/1450","targetHints":{"allow":["GET"]}}],"collection":[{"href":"https:\/\/brokendiva.com\/es\/wp-json\/wp\/v2\/pages"}],"about":[{"href":"https:\/\/brokendiva.com\/es\/wp-json\/wp\/v2\/types\/page"}],"author":[{"embeddable":true,"href":"https:\/\/brokendiva.com\/es\/wp-json\/wp\/v2\/users\/1"}],"replies":[{"embeddable":true,"href":"https:\/\/brokendiva.com\/es\/wp-json\/wp\/v2\/comments?post=1450"}],"version-history":[{"count":2,"href":"https:\/\/brokendiva.com\/es\/wp-json\/wp\/v2\/pages\/1450\/revisions"}],"predecessor-version":[{"id":2105,"href":"https:\/\/brokendiva.com\/es\/wp-json\/wp\/v2\/pages\/1450\/revisions\/2105"}],"wp:attachment":[{"href":"https:\/\/brokendiva.com\/es\/wp-json\/wp\/v2\/media?parent=1450"}],"curies":[{"name":"wp","href":"https:\/\/api.w.org\/{rel}","templated":true}]}}