{"id":1470,"date":"2020-05-23T15:24:04","date_gmt":"2020-05-23T15:24:04","guid":{"rendered":"https:\/\/brokendiva.com\/acerca-de\/"},"modified":"2020-05-24T10:47:23","modified_gmt":"2020-05-24T10:47:23","slug":"acerca-de","status":"publish","type":"page","link":"https:\/\/brokendiva.com\/es\/acerca-de\/","title":{"rendered":"About"},"content":{"rendered":"<div id='av-layout-grid-1'  class='av-layout-grid-container av-r8cca-e3322d53701a23c976e46a59d7992583 entry-content-wrapper main_color av-flex-cells  avia-builder-el-0  el_before_av_layout_row  avia-builder-el-first   container_wrap sidebar_right'  >\n\n<style type=\"text\/css\" data-created_by=\"avia_inline_auto\" id=\"style-css-av-2nemi-d8ae53ff67a69c8e862b28a345dccd13\">\n.flex_cell.av-2nemi-d8ae53ff67a69c8e862b28a345dccd13{\nvertical-align:middle;\nheight:600px;\nmin-height:600px;\nbackground-color:#f2f2f2;\n}\n.responsive #top #wrap_all .flex_cell.av-2nemi-d8ae53ff67a69c8e862b28a345dccd13{\npadding:150px 150px 150px 150px !important;\n}\n<\/style>\n<div class='flex_cell av-2nemi-d8ae53ff67a69c8e862b28a345dccd13 av-gridrow-cell av_one_half no_margin  avia-builder-el-1  el_before_av_cell_one_half  avia-builder-el-first  content-align-middle'  ><div class='flex_cell_inner'><p>\n<style type=\"text\/css\" data-created_by=\"avia_inline_auto\" id=\"style-css-av-30z7e-760b6e5cb6028d7e0fcc3a07185b0d91\">\n#top .av-rotator-container.av-30z7e-760b6e5cb6028d7e0fcc3a07185b0d91{\ntext-align:center;\ncolor:#00000;\n}\n#top #wrap_all .av-rotator-container.av-30z7e-760b6e5cb6028d7e0fcc3a07185b0d91 .av-rotator-container-inner{\nfont-size:50px;\n}\n\n@media only screen and (min-width: 480px) and (max-width: 767px){ \n#top #wrap_all .av-rotator-container.av-30z7e-760b6e5cb6028d7e0fcc3a07185b0d91 .av-rotator-container-inner{\nfont-size:35px;\n}\n}\n\n@media only screen and (max-width: 479px){ \n#top #wrap_all .av-rotator-container.av-30z7e-760b6e5cb6028d7e0fcc3a07185b0d91 .av-rotator-container-inner{\nfont-size:35px;\n}\n}\n<\/style>\n\n<style type=\"text\/css\" data-created_by=\"avia_inline_auto\" id=\"style-css-sub-av-30z7e-760b6e5cb6028d7e0fcc3a07185b0d91\">\n#top .av-rotator-container .av-rotator-text-single.av-1vany-160c2c3be2a1cba42cc17388a24d737d{\ncolor:#d65799;\n}\n#top .av-rotator-container .av-rotator-text-single.av-av_rotator_item-ac6377ba5c7987d35a43846c6364148c{\ncolor:#d65799;\n}\n#top .av-rotator-container .av-rotator-text-single.av-av_rotator_item-22a3d6fef550e0b8bf437f282a892cdf{\ncolor:#d65799;\n}\n<\/style>\n<div  class='av-rotator-container av-rotation-container-center av-30z7e-760b6e5cb6028d7e0fcc3a07185b0d91  avia-builder-el-2  el_before_av_heading  avia-builder-el-first  av-fixed-rotator-width' data-interval='3' data-animation='-1' data-fixWidth='1'><h3 class='av-rotator-container-inner'>BrokenDiva <span class='av-rotator-text av-rotator-multiline-on'>\n<span class='av-rotator-text-single av-1vany-160c2c3be2a1cba42cc17388a24d737d av-rotator-text-single-1' >es ella,<\/span>\n<span class='av-rotator-text-single av-av_rotator_item-ac6377ba5c7987d35a43846c6364148c av-rotator-text-single-2' >eres t\u00fa,<\/span>\n<span class='av-rotator-text-single av-av_rotator_item-22a3d6fef550e0b8bf437f282a892cdf av-rotator-text-single-3' >y soy yo<\/span>\n<\/span><\/h3><\/div><br \/>\n\n<style type=\"text\/css\" data-created_by=\"avia_inline_auto\" id=\"style-css-av-kakxpwrw-4b7d4462416c44cb838df4ce54f616a0\">\n#top .av-special-heading.av-kakxpwrw-4b7d4462416c44cb838df4ce54f616a0{\npadding-bottom:10px;\ncolor:#000000;\nfont-size:30px;\n}\nbody .av-special-heading.av-kakxpwrw-4b7d4462416c44cb838df4ce54f616a0 .av-special-heading-tag .heading-char{\nfont-size:25px;\n}\n#top #wrap_all .av-special-heading.av-kakxpwrw-4b7d4462416c44cb838df4ce54f616a0 .av-special-heading-tag{\nfont-size:30px;\n}\n.av-special-heading.av-kakxpwrw-4b7d4462416c44cb838df4ce54f616a0 .special-heading-inner-border{\nborder-color:#000000;\n}\n.av-special-heading.av-kakxpwrw-4b7d4462416c44cb838df4ce54f616a0 .av-subheading{\nfont-size:15px;\n}\n\n@media only screen and (min-width: 480px) and (max-width: 767px){ \n#top #wrap_all .av-special-heading.av-kakxpwrw-4b7d4462416c44cb838df4ce54f616a0 .av-special-heading-tag{\nfont-size:0.8em;\n}\n}\n\n@media only screen and (max-width: 479px){ \n#top #wrap_all .av-special-heading.av-kakxpwrw-4b7d4462416c44cb838df4ce54f616a0 .av-special-heading-tag{\nfont-size:0.8em;\n}\n}\n<\/style>\n<div  class='av-special-heading av-kakxpwrw-4b7d4462416c44cb838df4ce54f616a0 av-special-heading-h3 custom-color-heading blockquote modern-quote modern-centered  avia-builder-el-3  el_after_av_headline_rotator  el_before_av_hr  av-inherit-size'><h3 class='av-special-heading-tag '  itemprop=\"headline\"  >&#8230;nosotras<\/h3><div class=\"special-heading-border\"><div class=\"special-heading-inner-border\"><\/div><\/div><\/div><br \/>\n\n<style type=\"text\/css\" data-created_by=\"avia_inline_auto\" id=\"style-css-av-p9gsq-32b45d101fd7bbd10071b6f64432dc7d\">\n#top .hr.av-p9gsq-32b45d101fd7bbd10071b6f64432dc7d{\nmargin-top:30px;\nmargin-bottom:30px;\n}\n.hr.av-p9gsq-32b45d101fd7bbd10071b6f64432dc7d .hr-inner{\nwidth:50px;\n}\n<\/style>\n<div  class='hr av-p9gsq-32b45d101fd7bbd10071b6f64432dc7d hr-custom  avia-builder-el-4  el_after_av_heading  el_before_av_textblock  hr-left hr-icon-no'><span class='hr-inner inner-border-av-border-fat'><span class=\"hr-inner-style\"><\/span><\/span><\/div><br \/>\n<section  class='av_textblock_section av-2gf2y-265c2930273f92acc848894c34bb8982 '   itemscope=\"itemscope\" itemtype=\"https:\/\/schema.org\/CreativeWork\" ><div class='avia_textblock'  itemprop=\"text\" ><p>Una llama desde la oscuridad se enciende siempre. Hay un camino, siempre hay un camino donde brilla la pureza de la vida. Un camino, aveces, empedrado que vale la pena trazar, porque en el vivimos, nos reinventamos. Forma parte de nosotras, de nuestra gran aventura, nuestra ilusi\u00f3n y ganas de vivir, amar, brillar como las estrellas.<\/p>\n<\/div><\/section><\/p>\n<\/div><\/div>\n<style type=\"text\/css\" data-created_by=\"avia_inline_auto\" id=\"style-css-av-o3b4m-34ab6732afcd808590dbdd4016548a9b\">\n.flex_cell.av-o3b4m-34ab6732afcd808590dbdd4016548a9b{\nvertical-align:top;\nheight:600px;\nmin-height:600px;\nbackground:url(https:\/\/brokendiva.com\/wp-content\/uploads\/2020\/02\/story-of-broken-diva-scaled.jpg) 50% 50% no-repeat scroll ;\n}\n.responsive #top #wrap_all .flex_cell.av-o3b4m-34ab6732afcd808590dbdd4016548a9b{\npadding:50px 50px 50px 50px !important;\n}\n<\/style>\n<div class='flex_cell av-o3b4m-34ab6732afcd808590dbdd4016548a9b av-gridrow-cell av_one_half no_margin  avia-builder-el-6  el_after_av_cell_one_half  avia-builder-el-last  content-align-top avia-full-stretch'  ><div class='flex_cell_inner'><\/div><\/div><\/div><div id='av-layout-grid-2'  class='av-layout-grid-container av-ndraq-208c83907d8640b61a57ff2ee6d11383 entry-content-wrapper main_color av-flex-cells  avia-builder-el-7  el_after_av_layout_row  el_before_av_layout_row  grid-row-not-first av-small-hide av-mini-hide container_wrap sidebar_right'  >\n\n<style type=\"text\/css\" data-created_by=\"avia_inline_auto\" id=\"style-css-av-n0byq-e08b2940cc9ce444b067ee2d9377cb76\">\n.flex_cell.av-n0byq-e08b2940cc9ce444b067ee2d9377cb76{\nvertical-align:middle;\nheight:600px;\nmin-height:600px;\nbackground:url(https:\/\/brokendiva.com\/wp-content\/uploads\/2020\/01\/girl-984155_1280-e1580570251193.jpg) 50% 50% no-repeat scroll ;\n}\n.responsive #top #wrap_all .flex_cell.av-n0byq-e08b2940cc9ce444b067ee2d9377cb76{\npadding:50px 50px 50px 50px !important;\n}\n<\/style>\n<div class='flex_cell av-n0byq-e08b2940cc9ce444b067ee2d9377cb76 av-gridrow-cell av_one_half no_margin  avia-builder-el-8  el_before_av_cell_one_half  avia-builder-el-first  content-align-middle avia-full-stretch'  ><div class='flex_cell_inner'><\/div><\/div>\n<style type=\"text\/css\" data-created_by=\"avia_inline_auto\" id=\"style-css-av-m6m22-afd813c03c4874701dab65604a4a49a3\">\n.flex_cell.av-m6m22-afd813c03c4874701dab65604a4a49a3{\nvertical-align:middle;\nheight:600px;\nmin-height:600px;\n}\n.responsive #top #wrap_all .flex_cell.av-m6m22-afd813c03c4874701dab65604a4a49a3{\npadding:150px 150px 150px 150px !important;\n}\n<\/style>\n<div class='flex_cell av-m6m22-afd813c03c4874701dab65604a4a49a3 av-gridrow-cell av_one_half no_margin  avia-builder-el-9  el_after_av_cell_one_half  avia-builder-el-last  content-align-middle'  ><div class='flex_cell_inner'><p>\n<style type=\"text\/css\" data-created_by=\"avia_inline_auto\" id=\"style-css-av-lcfhe-5953e5301a0803b7ef3d6ed06c17a871\">\n#top .hr.av-lcfhe-5953e5301a0803b7ef3d6ed06c17a871{\nmargin-top:30px;\nmargin-bottom:30px;\n}\n.hr.av-lcfhe-5953e5301a0803b7ef3d6ed06c17a871 .hr-inner{\nwidth:50px;\n}\n<\/style>\n<div  class='hr av-lcfhe-5953e5301a0803b7ef3d6ed06c17a871 hr-custom  avia-builder-el-10  el_before_av_textblock  avia-builder-el-first  hr-left hr-icon-no'><span class='hr-inner inner-border-av-border-fat'><span class=\"hr-inner-style\"><\/span><\/span><\/div><br \/>\n<section  class='av_textblock_section av-22ezq-ae0f2bf61107746700ddc932ee2775e7 '   itemscope=\"itemscope\" itemtype=\"https:\/\/schema.org\/CreativeWork\" ><div class='avia_textblock'  itemprop=\"text\" ><p>Somos un ser divino que emana luz&#8230; que r\u00ede, llora, sigue de frente con fuerza e \u00edmpetu. Es un pedacito de amor y respeto a la Madre Tierra. Siluetas sencillas como su propio mensaje; amor y apertura a nuevas oportunidades.<\/p>\n<\/div><\/section><\/p>\n<\/div><\/div>\n<\/div><\/p>\n<div id='av-layout-grid-3'  class='av-layout-grid-container av-ndraq-073c2cbef868495bc189ccd1a61e0466 entry-content-wrapper main_color av-flex-cells  avia-builder-el-12  el_after_av_layout_row  el_before_av_layout_row  grid-row-not-first av-desktop-hide av-medium-hide container_wrap sidebar_right'  >\n\n<style type=\"text\/css\" data-created_by=\"avia_inline_auto\" id=\"style-css-av-n0byq-6952f822d5befcaf974f290e11080ece\">\n.flex_cell.av-n0byq-6952f822d5befcaf974f290e11080ece{\nvertical-align:middle;\nheight:600px;\nmin-height:600px;\n}\n.responsive #top #wrap_all .flex_cell.av-n0byq-6952f822d5befcaf974f290e11080ece{\npadding:50px 50px 50px 50px !important;\n}\n<\/style>\n<div class='flex_cell av-n0byq-6952f822d5befcaf974f290e11080ece av-gridrow-cell av_one_half no_margin  avia-builder-el-13  el_before_av_cell_one_half  avia-builder-el-first  content-align-middle avia-full-stretch'  ><div class='flex_cell_inner'><p>\n<style type=\"text\/css\" data-created_by=\"avia_inline_auto\" id=\"style-css-av-lcfhe-5953e5301a0803b7ef3d6ed06c17a871\">\n#top .hr.av-lcfhe-5953e5301a0803b7ef3d6ed06c17a871{\nmargin-top:30px;\nmargin-bottom:30px;\n}\n.hr.av-lcfhe-5953e5301a0803b7ef3d6ed06c17a871 .hr-inner{\nwidth:50px;\n}\n<\/style>\n<div  class='hr av-lcfhe-5953e5301a0803b7ef3d6ed06c17a871 hr-custom  avia-builder-el-14  el_before_av_textblock  avia-builder-el-first  hr-left hr-icon-no'><span class='hr-inner inner-border-av-border-fat'><span class=\"hr-inner-style\"><\/span><\/span><\/div><br \/>\n<section  class='av_textblock_section av-22ezq-ae0f2bf61107746700ddc932ee2775e7 '   itemscope=\"itemscope\" itemtype=\"https:\/\/schema.org\/CreativeWork\" ><div class='avia_textblock'  itemprop=\"text\" ><p>Somos un ser divino que emana luz&#8230; re\u00edmos, lloramos, seguimos adelante con fuerza e impulso. El amor y el respeto por la Madre Tierra. Siluetas simples como su propio mensaje; amor y preparaci\u00f3n para nuevas oportunidades.<\/p>\n<\/div><\/section><\/p>\n<\/div><\/div>\n<style type=\"text\/css\" data-created_by=\"avia_inline_auto\" id=\"style-css-av-m6m22-a13bb33af2f59511ff67d7a3e801c380\">\n.flex_cell.av-m6m22-a13bb33af2f59511ff67d7a3e801c380{\nvertical-align:middle;\nheight:600px;\nmin-height:600px;\nbackground:url(https:\/\/brokendiva.com\/wp-content\/uploads\/2020\/01\/girl-984155_1280-e1580570171139-665x630.jpg) 50% 50% no-repeat scroll ;\n}\n.responsive #top #wrap_all .flex_cell.av-m6m22-a13bb33af2f59511ff67d7a3e801c380{\npadding:150px 150px 150px 150px !important;\n}\n<\/style>\n<div class='flex_cell av-m6m22-a13bb33af2f59511ff67d7a3e801c380 av-gridrow-cell av_one_half no_margin  avia-builder-el-16  el_after_av_cell_one_half  avia-builder-el-last  content-align-middle avia-full-stretch'  ><div class='flex_cell_inner'><\/div><\/div>\n<\/div>\n<div id='av-layout-grid-4'  class='av-layout-grid-container av-ndraq-208c83907d8640b61a57ff2ee6d11383 entry-content-wrapper main_color av-flex-cells  avia-builder-el-17  el_after_av_layout_row  el_before_av_layout_row  grid-row-not-first av-small-hide av-mini-hide container_wrap sidebar_right'  >\n\n<style type=\"text\/css\" data-created_by=\"avia_inline_auto\" id=\"style-css-av-n0byq-6952f822d5befcaf974f290e11080ece\">\n.flex_cell.av-n0byq-6952f822d5befcaf974f290e11080ece{\nvertical-align:middle;\nheight:600px;\nmin-height:600px;\n}\n.responsive #top #wrap_all .flex_cell.av-n0byq-6952f822d5befcaf974f290e11080ece{\npadding:50px 50px 50px 50px !important;\n}\n<\/style>\n<div class='flex_cell av-n0byq-6952f822d5befcaf974f290e11080ece av-gridrow-cell av_one_half no_margin  avia-builder-el-18  el_before_av_cell_one_half  avia-builder-el-first  content-align-middle avia-full-stretch'  ><div class='flex_cell_inner'><p>\n<style type=\"text\/css\" data-created_by=\"avia_inline_auto\" id=\"style-css-av-lcfhe-5953e5301a0803b7ef3d6ed06c17a871\">\n#top .hr.av-lcfhe-5953e5301a0803b7ef3d6ed06c17a871{\nmargin-top:30px;\nmargin-bottom:30px;\n}\n.hr.av-lcfhe-5953e5301a0803b7ef3d6ed06c17a871 .hr-inner{\nwidth:50px;\n}\n<\/style>\n<div  class='hr av-lcfhe-5953e5301a0803b7ef3d6ed06c17a871 hr-custom  avia-builder-el-19  el_before_av_textblock  avia-builder-el-first  hr-left hr-icon-no'><span class='hr-inner inner-border-av-border-fat'><span class=\"hr-inner-style\"><\/span><\/span><\/div><br \/>\n\n<style type=\"text\/css\" data-created_by=\"avia_inline_auto\" id=\"style-css-av-hc0sm-5b4b2bc85a668143b91cf9ded146507d\">\n#top .av_textblock_section.av-hc0sm-5b4b2bc85a668143b91cf9ded146507d .avia_textblock{\ncolor:#000000;\n}\n<\/style>\n<section  class='av_textblock_section av-hc0sm-5b4b2bc85a668143b91cf9ded146507d '   itemscope=\"itemscope\" itemtype=\"https:\/\/schema.org\/CreativeWork\" ><div class='avia_textblock av_inherit_color'  itemprop=\"text\" ><p>2020 es el a\u00f1o en el cual nace Broken Diva, un esp\u00edritu de optimismo y alegr\u00eda que se refleja en la nueva colecci\u00f3n de primavera-veranoNa tura, que hace alusi\u00f3n a las peque\u00f1as gemas de nuestra naturaleza.\u00a0 Haciendo uso de materias nobles como el algod\u00f3n y el lino. Broken Divaes\u00a0 una mujer que evoluciona constantemente, dejando huella por doquiera que vaya. <strong>Broken Diva, es ella, eres t\u00fa y soy yo.<\/strong><\/p>\n<\/div><\/section><\/p>\n<\/div><\/div>\n<style type=\"text\/css\" data-created_by=\"avia_inline_auto\" id=\"style-css-av-m6m22-d0218296a4f743d4d08c7c7bc6888ed2\">\n.flex_cell.av-m6m22-d0218296a4f743d4d08c7c7bc6888ed2{\nvertical-align:middle;\nheight:600px;\nmin-height:600px;\nbackground:url(https:\/\/brokendiva.com\/wp-content\/uploads\/2020\/02\/IMG_4208.jpg) 50% 50% no-repeat scroll #000000;\n}\n.responsive #top #wrap_all .flex_cell.av-m6m22-d0218296a4f743d4d08c7c7bc6888ed2{\npadding:150px 150px 150px 150px !important;\n}\n<\/style>\n<div class='flex_cell av-m6m22-d0218296a4f743d4d08c7c7bc6888ed2 av-gridrow-cell av_one_half no_margin  avia-builder-el-21  el_after_av_cell_one_half  avia-builder-el-last  content-align-middle avia-full-stretch'  ><div class='flex_cell_inner'><\/div><\/div>\n<\/div>\n<div id='av-layout-grid-5'  class='av-layout-grid-container av-ndraq-073c2cbef868495bc189ccd1a61e0466 entry-content-wrapper main_color av-flex-cells  avia-builder-el-22  el_after_av_layout_row  avia-builder-el-last  grid-row-not-first av-desktop-hide av-medium-hide container_wrap sidebar_right'  >\n\n<style type=\"text\/css\" data-created_by=\"avia_inline_auto\" id=\"style-css-av-n0byq-6952f822d5befcaf974f290e11080ece\">\n.flex_cell.av-n0byq-6952f822d5befcaf974f290e11080ece{\nvertical-align:middle;\nheight:600px;\nmin-height:600px;\n}\n.responsive #top #wrap_all .flex_cell.av-n0byq-6952f822d5befcaf974f290e11080ece{\npadding:50px 50px 50px 50px !important;\n}\n<\/style>\n<div class='flex_cell av-n0byq-6952f822d5befcaf974f290e11080ece av-gridrow-cell av_one_half no_margin  avia-builder-el-23  el_before_av_cell_one_half  avia-builder-el-first  content-align-middle avia-full-stretch'  ><div class='flex_cell_inner'><p>\n<style type=\"text\/css\" data-created_by=\"avia_inline_auto\" id=\"style-css-av-lcfhe-5953e5301a0803b7ef3d6ed06c17a871\">\n#top .hr.av-lcfhe-5953e5301a0803b7ef3d6ed06c17a871{\nmargin-top:30px;\nmargin-bottom:30px;\n}\n.hr.av-lcfhe-5953e5301a0803b7ef3d6ed06c17a871 .hr-inner{\nwidth:50px;\n}\n<\/style>\n<div  class='hr av-lcfhe-5953e5301a0803b7ef3d6ed06c17a871 hr-custom  avia-builder-el-24  el_before_av_textblock  avia-builder-el-first  hr-left hr-icon-no'><span class='hr-inner inner-border-av-border-fat'><span class=\"hr-inner-style\"><\/span><\/span><\/div><br \/>\n\n<style type=\"text\/css\" data-created_by=\"avia_inline_auto\" id=\"style-css-av-hc0sm-5b4b2bc85a668143b91cf9ded146507d\">\n#top .av_textblock_section.av-hc0sm-5b4b2bc85a668143b91cf9ded146507d .avia_textblock{\ncolor:#000000;\n}\n<\/style>\n<section  class='av_textblock_section av-hc0sm-5b4b2bc85a668143b91cf9ded146507d '   itemscope=\"itemscope\" itemtype=\"https:\/\/schema.org\/CreativeWork\" ><div class='avia_textblock av_inherit_color'  itemprop=\"text\" ><p>Broken Diva naci\u00f3 en 2020. Aporta un esp\u00edritu de optimismo y alegr\u00eda que se refleja en la nueva colecci\u00f3n de primavera-verano de Natura, que recuerda las peque\u00f1as gemas que nos constituyen como \u00abmujeres\u00bb. S\u00f3lo usamos telas nobles como el algod\u00f3n y el lino con un estilo simple, elegante y libre. La Diva Rota encarna a una mujer que evoluciona constantemente, dejando su marca dondequiera que vaya. <strong>Diva Rota, es ella, somos t\u00fa y yo.<\/strong><\/p>\n<\/div><\/section><\/p>\n<\/div><\/div>\n<style type=\"text\/css\" data-created_by=\"avia_inline_auto\" id=\"style-css-av-m6m22-8175149b6e85e6a24e9d77f434536369\">\n.flex_cell.av-m6m22-8175149b6e85e6a24e9d77f434536369{\nvertical-align:middle;\nheight:600px;\nmin-height:600px;\nbackground:url(https:\/\/brokendiva.com\/wp-content\/uploads\/2020\/02\/IMG_4208.jpg) 50% 50% no-repeat scroll #000000;\n}\n.responsive #top #wrap_all .flex_cell.av-m6m22-8175149b6e85e6a24e9d77f434536369{\npadding:150px 150px 150px 150px !important;\n}\n<\/style>\n<div class='flex_cell av-m6m22-8175149b6e85e6a24e9d77f434536369 av-gridrow-cell av_one_half no_margin  avia-builder-el-26  el_after_av_cell_one_half  avia-builder-el-last  content-align-middle avia-full-contain'  ><div class='flex_cell_inner'><\/div><\/div>\n<\/div>\n","protected":false},"excerpt":{"rendered":"","protected":false},"author":1,"featured_media":0,"parent":0,"menu_order":0,"comment_status":"open","ping_status":"open","template":"","meta":{"footnotes":""},"class_list":["post-1470","page","type-page","status-publish","hentry"],"yoast_head":"<!-- This site is optimized with the Yoast SEO plugin v27.2 - https:\/\/yoast.com\/product\/yoast-seo-wordpress\/ -->\n<title>About - Broken Diva<\/title>\n<meta name=\"robots\" content=\"index, follow, max-snippet:-1, max-image-preview:large, max-video-preview:-1\" \/>\n<link rel=\"canonical\" href=\"https:\/\/brokendiva.com\/es\/acerca-de\/\" \/>\n<meta property=\"og:locale\" content=\"es_ES\" \/>\n<meta property=\"og:type\" content=\"article\" \/>\n<meta property=\"og:title\" content=\"About - Broken Diva\" \/>\n<meta property=\"og:url\" content=\"https:\/\/brokendiva.com\/es\/acerca-de\/\" \/>\n<meta property=\"og:site_name\" content=\"Broken Diva\" \/>\n<meta property=\"article:modified_time\" content=\"2020-05-24T10:47:23+00:00\" \/>\n<meta name=\"twitter:card\" content=\"summary_large_image\" \/>\n<meta name=\"twitter:label1\" content=\"Tiempo de lectura\" \/>\n\t<meta name=\"twitter:data1\" content=\"9 minutos\" \/>\n<script type=\"application\/ld+json\" class=\"yoast-schema-graph\">{\"@context\":\"https:\/\/schema.org\",\"@graph\":[{\"@type\":\"WebPage\",\"@id\":\"https:\/\/brokendiva.com\/es\/acerca-de\/\",\"url\":\"https:\/\/brokendiva.com\/es\/acerca-de\/\",\"name\":\"About - Broken Diva\",\"isPartOf\":{\"@id\":\"https:\/\/brokendiva.com\/es\/#website\"},\"datePublished\":\"2020-05-23T15:24:04+00:00\",\"dateModified\":\"2020-05-24T10:47:23+00:00\",\"breadcrumb\":{\"@id\":\"https:\/\/brokendiva.com\/es\/acerca-de\/#breadcrumb\"},\"inLanguage\":\"es\",\"potentialAction\":[{\"@type\":\"ReadAction\",\"target\":[\"https:\/\/brokendiva.com\/es\/acerca-de\/\"]}]},{\"@type\":\"BreadcrumbList\",\"@id\":\"https:\/\/brokendiva.com\/es\/acerca-de\/#breadcrumb\",\"itemListElement\":[{\"@type\":\"ListItem\",\"position\":1,\"name\":\"Home\",\"item\":\"https:\/\/brokendiva.com\/es\/home\/\"},{\"@type\":\"ListItem\",\"position\":2,\"name\":\"About\"}]},{\"@type\":\"WebSite\",\"@id\":\"https:\/\/brokendiva.com\/es\/#website\",\"url\":\"https:\/\/brokendiva.com\/es\/\",\"name\":\"Broken Diva\",\"description\":\"Just another WordPress site\",\"potentialAction\":[{\"@type\":\"SearchAction\",\"target\":{\"@type\":\"EntryPoint\",\"urlTemplate\":\"https:\/\/brokendiva.com\/es\/?s={search_term_string}\"},\"query-input\":{\"@type\":\"PropertyValueSpecification\",\"valueRequired\":true,\"valueName\":\"search_term_string\"}}],\"inLanguage\":\"es\"}]}<\/script>\n<!-- \/ Yoast SEO plugin. -->","yoast_head_json":{"title":"About - Broken Diva","robots":{"index":"index","follow":"follow","max-snippet":"max-snippet:-1","max-image-preview":"max-image-preview:large","max-video-preview":"max-video-preview:-1"},"canonical":"https:\/\/brokendiva.com\/es\/acerca-de\/","og_locale":"es_ES","og_type":"article","og_title":"About - Broken Diva","og_url":"https:\/\/brokendiva.com\/es\/acerca-de\/","og_site_name":"Broken Diva","article_modified_time":"2020-05-24T10:47:23+00:00","twitter_card":"summary_large_image","twitter_misc":{"Tiempo de lectura":"9 minutos"},"schema":{"@context":"https:\/\/schema.org","@graph":[{"@type":"WebPage","@id":"https:\/\/brokendiva.com\/es\/acerca-de\/","url":"https:\/\/brokendiva.com\/es\/acerca-de\/","name":"About - Broken Diva","isPartOf":{"@id":"https:\/\/brokendiva.com\/es\/#website"},"datePublished":"2020-05-23T15:24:04+00:00","dateModified":"2020-05-24T10:47:23+00:00","breadcrumb":{"@id":"https:\/\/brokendiva.com\/es\/acerca-de\/#breadcrumb"},"inLanguage":"es","potentialAction":[{"@type":"ReadAction","target":["https:\/\/brokendiva.com\/es\/acerca-de\/"]}]},{"@type":"BreadcrumbList","@id":"https:\/\/brokendiva.com\/es\/acerca-de\/#breadcrumb","itemListElement":[{"@type":"ListItem","position":1,"name":"Home","item":"https:\/\/brokendiva.com\/es\/home\/"},{"@type":"ListItem","position":2,"name":"About"}]},{"@type":"WebSite","@id":"https:\/\/brokendiva.com\/es\/#website","url":"https:\/\/brokendiva.com\/es\/","name":"Broken Diva","description":"Just another WordPress site","potentialAction":[{"@type":"SearchAction","target":{"@type":"EntryPoint","urlTemplate":"https:\/\/brokendiva.com\/es\/?s={search_term_string}"},"query-input":{"@type":"PropertyValueSpecification","valueRequired":true,"valueName":"search_term_string"}}],"inLanguage":"es"}]}},"_links":{"self":[{"href":"https:\/\/brokendiva.com\/es\/wp-json\/wp\/v2\/pages\/1470","targetHints":{"allow":["GET"]}}],"collection":[{"href":"https:\/\/brokendiva.com\/es\/wp-json\/wp\/v2\/pages"}],"about":[{"href":"https:\/\/brokendiva.com\/es\/wp-json\/wp\/v2\/types\/page"}],"author":[{"embeddable":true,"href":"https:\/\/brokendiva.com\/es\/wp-json\/wp\/v2\/users\/1"}],"replies":[{"embeddable":true,"href":"https:\/\/brokendiva.com\/es\/wp-json\/wp\/v2\/comments?post=1470"}],"version-history":[{"count":4,"href":"https:\/\/brokendiva.com\/es\/wp-json\/wp\/v2\/pages\/1470\/revisions"}],"predecessor-version":[{"id":2111,"href":"https:\/\/brokendiva.com\/es\/wp-json\/wp\/v2\/pages\/1470\/revisions\/2111"}],"wp:attachment":[{"href":"https:\/\/brokendiva.com\/es\/wp-json\/wp\/v2\/media?parent=1470"}],"curies":[{"name":"wp","href":"https:\/\/api.w.org\/{rel}","templated":true}]}}