{"id":2661,"date":"2020-06-13T15:29:52","date_gmt":"2020-06-13T15:29:52","guid":{"rendered":"https:\/\/brokendiva.com\/?page_id=2661"},"modified":"2026-02-10T13:49:29","modified_gmt":"2026-02-10T13:49:29","slug":"home","status":"publish","type":"page","link":"https:\/\/brokendiva.com\/es\/","title":{"rendered":"Home2"},"content":{"rendered":"\n<\/div><\/div><\/div><!-- close content main div --><\/div><\/div>\n<style type=\"text\/css\" data-created_by=\"avia_inline_auto\" id=\"style-css-av-2v35h4-b041ca46c85397a69d9738c386fd3fde\">\n.avia-section.av-2v35h4-b041ca46c85397a69d9738c386fd3fde{\nbackground-color:#757575;\nbackground-image:unset;\n}\n<\/style>\n<div id='av_section_1'  class='avia-section av-2v35h4-b041ca46c85397a69d9738c386fd3fde alternate_color avia-section-large avia-no-border-styling  avia-builder-el-1  el_after_av_codeblock  el_before_av_section  avia-bg-style-scroll container_wrap sidebar_right'  ><div class='container av-section-cont-open' ><div class='template-page content  av-content-small alpha units'><div class='post-entry post-entry-type-page post-entry-2661'><div class='entry-content-wrapper clearfix'>\n\n<style type=\"text\/css\" data-created_by=\"avia_inline_auto\" id=\"style-css-av-9xl2w-765512039b4862a2a271d64b20916650\">\n.flex_column.av-9xl2w-765512039b4862a2a271d64b20916650{\nborder-radius:0px 0px 0px 0px;\npadding:0px 0px 0px 0px;\n}\n<\/style>\n<div  class='flex_column av-9xl2w-765512039b4862a2a271d64b20916650 av_one_half  avia-builder-el-2  el_before_av_one_half  avia-builder-el-first  first flex_column_div av-zero-column-padding  '     ><style type=\"text\/css\" data-created_by=\"avia_inline_auto\" id=\"style-css-av-2j5ink-9f64122125ca674ba28ec675a858fc95\">\n#top #wrap_all .iconbox.av-2j5ink-9f64122125ca674ba28ec675a858fc95 .iconbox_content_title{\ncolor:#ffffff;\n}\n.iconbox.av-2j5ink-9f64122125ca674ba28ec675a858fc95 .iconbox_content_container{\ncolor:#ffffff;\n}\n<\/style>\n<article  class='iconbox iconbox_left_content av-2j5ink-9f64122125ca674ba28ec675a858fc95  avia-builder-el-3  avia-builder-el-no-sibling '  itemscope=\"itemscope\" itemtype=\"https:\/\/schema.org\/CreativeWork\" ><div class='iconbox_icon heading-color avia-iconfont avia-font-entypo-fontello' data-av_icon='\ue8b1' data-av_iconfont='entypo-fontello'  ><\/div><div class=\"iconbox_content\"><header class=\"entry-content-header\" aria-label=\"Icon: Entrega a nivel mundial\"><h3 class='iconbox_content_title '  itemprop=\"headline\" >Entrega a nivel mundial<\/h3><\/header><div class='iconbox_content_container av_inherit_color'  itemprop=\"text\" ><p>Enviamos a todos los principales destinos del mundo.<\/p>\n<\/div><\/div><footer class=\"entry-footer\"><\/footer><\/article><\/div><div  class='flex_column av-2cbf34-29d15a48c9e08645c01481c96bfc4095 av_one_half  avia-builder-el-4  el_after_av_one_half  el_before_av_one_half  flex_column_div  '     ><style type=\"text\/css\" data-created_by=\"avia_inline_auto\" id=\"style-css-av-29y10g-db7701436cf18c5acc3568f1f9621eb5\">\n.iconbox.av-29y10g-db7701436cf18c5acc3568f1f9621eb5 .iconbox_icon{\ncolor:#ffffff;\n}\n.iconbox.av-29y10g-db7701436cf18c5acc3568f1f9621eb5 .iconbox_icon.avia-svg-icon svg:first-child{\nfill:#ffffff;\nstroke:#ffffff;\n}\n#top #wrap_all .iconbox.av-29y10g-db7701436cf18c5acc3568f1f9621eb5 .iconbox_content_title{\ncolor:#ffffff;\n}\n.iconbox.av-29y10g-db7701436cf18c5acc3568f1f9621eb5 .iconbox_content_container{\ncolor:#ffffff;\n}\n<\/style>\n<article  class='iconbox iconbox_left_content av-29y10g-db7701436cf18c5acc3568f1f9621eb5  avia-builder-el-5  avia-builder-el-no-sibling '  itemscope=\"itemscope\" itemtype=\"https:\/\/schema.org\/CreativeWork\" ><div class='iconbox_icon heading-color avia-iconfont avia-font-entypo-fontello' data-av_icon='\ue8e2' data-av_iconfont='entypo-fontello'  ><\/div><div class=\"iconbox_content\"><header class=\"entry-content-header\" aria-label=\"Icon: Env\u00edo gratuito\"><h3 class='iconbox_content_title '  itemprop=\"headline\" >Env\u00edo gratuito<\/h3><\/header><div class='iconbox_content_container av_inherit_color'  itemprop=\"text\" ><p>Nos complace ofrecer tarifas de gran descuento o env\u00edo gratuito (a pa\u00edses seleccionados).<\/p>\n<\/div><\/div><footer class=\"entry-footer\"><\/footer><\/article><\/div><div  class='flex_column av-24gznc-1cb795dab0efc7c39e4c32e2601a1f21 av_one_half  avia-builder-el-6  el_after_av_one_half  el_before_av_one_half  first flex_column_div  column-top-margin'     ><style type=\"text\/css\" data-created_by=\"avia_inline_auto\" id=\"style-css-av-6rdyw-808473f0bb71f1a21a6d94ad30042f7b\">\n.iconbox.av-6rdyw-808473f0bb71f1a21a6d94ad30042f7b .iconbox_icon{\ncolor:#ffffff;\n}\n.iconbox.av-6rdyw-808473f0bb71f1a21a6d94ad30042f7b .iconbox_icon.avia-svg-icon svg:first-child{\nfill:#ffffff;\nstroke:#ffffff;\n}\n#top #wrap_all .iconbox.av-6rdyw-808473f0bb71f1a21a6d94ad30042f7b .iconbox_content_title{\ncolor:#ffffff;\n}\n.iconbox.av-6rdyw-808473f0bb71f1a21a6d94ad30042f7b .iconbox_content_container{\ncolor:#ffffff;\n}\n<\/style>\n<article  class='iconbox iconbox_left_content av-6rdyw-808473f0bb71f1a21a6d94ad30042f7b  avia-builder-el-7  avia-builder-el-no-sibling '  itemscope=\"itemscope\" itemtype=\"https:\/\/schema.org\/CreativeWork\" ><div class='iconbox_icon heading-color avia-iconfont avia-font-entypo-fontello' data-av_icon='\ue824' data-av_iconfont='entypo-fontello'  ><\/div><div class=\"iconbox_content\"><header class=\"entry-content-header\" aria-label=\"Icon: Pago seguro\"><h3 class='iconbox_content_title '  itemprop=\"headline\" >Pago seguro<\/h3><\/header><div class='iconbox_content_container av_inherit_color'  itemprop=\"text\" ><p>Pagos seguros con Paypal, Strip y las principales tarjetas de d\u00e9bito y cr\u00e9dito.<\/p>\n<\/div><\/div><footer class=\"entry-footer\"><\/footer><\/article><\/div><div  class='flex_column av-1ro654-ca21ebb31d7dab3df180f4642d667ef2 av_one_half  avia-builder-el-8  el_after_av_one_half  avia-builder-el-last  flex_column_div  column-top-margin'     ><style type=\"text\/css\" data-created_by=\"avia_inline_auto\" id=\"style-css-av-1n2sfs-75efaf3dce1979332ed45cfed5648296\">\n#top #wrap_all .iconbox.av-1n2sfs-75efaf3dce1979332ed45cfed5648296 .iconbox_content_title{\ncolor:#ffffff;\n}\n.iconbox.av-1n2sfs-75efaf3dce1979332ed45cfed5648296 .iconbox_content_container{\ncolor:#ffffff;\n}\n<\/style>\n<article  class='iconbox iconbox_left_content av-1n2sfs-75efaf3dce1979332ed45cfed5648296  avia-builder-el-9  avia-builder-el-no-sibling '  itemscope=\"itemscope\" itemtype=\"https:\/\/schema.org\/CreativeWork\" ><div class='iconbox_icon heading-color avia-iconfont avia-font-entypo-fontello' data-av_icon='\ue8b9' data-av_iconfont='entypo-fontello'  ><\/div><div class=\"iconbox_content\"><header class=\"entry-content-header\" aria-label=\"Icon: Servicio de atenci\u00f3n al cliente\"><h3 class='iconbox_content_title '  itemprop=\"headline\" >Servicio de atenci\u00f3n al cliente<\/h3><\/header><div class='iconbox_content_container av_inherit_color'  itemprop=\"text\" ><p>De lunes a viernes, de 9 a 18 horas.<\/p>\n<\/div><\/div><footer class=\"entry-footer\"><\/footer><\/article><\/div>\n\n<\/div><\/div><\/div><!-- close content main div --><\/div><\/div>\n<style type=\"text\/css\" data-created_by=\"avia_inline_auto\" id=\"style-css-av-1dli68-82fbfd80e6db3509ad55f52eff420ba3\">\n.avia-section.av-1dli68-82fbfd80e6db3509ad55f52eff420ba3{\nbackground-color:#afafaf;\nbackground-image:unset;\n}\n.avia-section.av-1dli68-82fbfd80e6db3509ad55f52eff420ba3 .av-section-color-overlay{\nopacity:0.7;\nbackground-color:#bab8a9;\n}\n<\/style>\n<div id='sign-up'  class='avia-section av-1dli68-82fbfd80e6db3509ad55f52eff420ba3 main_color avia-section-default avia-no-shadow  avia-builder-el-10  el_after_av_section  avia-builder-el-last  avia-bg-style-parallax av-section-color-overlay-active container_wrap sidebar_right'  ><div class=\"av-section-color-overlay-wrap\"><div class=\"av-section-color-overlay\"><\/div><div class='container av-section-cont-open' ><div class='template-page content  av-content-small alpha units'><div class='post-entry post-entry-type-page post-entry-2661'><div class='entry-content-wrapper clearfix'>\n\n<style type=\"text\/css\" data-created_by=\"avia_inline_auto\" id=\"style-css-av-19hqq8-c837ca05cf57f55a1c00780d118df4d7\">\n#top .av-special-heading.av-19hqq8-c837ca05cf57f55a1c00780d118df4d7{\npadding-bottom:10px;\ncolor:#ffffff;\nfont-size:30px;\n}\nbody .av-special-heading.av-19hqq8-c837ca05cf57f55a1c00780d118df4d7 .av-special-heading-tag .heading-char{\nfont-size:25px;\n}\n#top #wrap_all .av-special-heading.av-19hqq8-c837ca05cf57f55a1c00780d118df4d7 .av-special-heading-tag{\nfont-size:30px;\n}\n.av-special-heading.av-19hqq8-c837ca05cf57f55a1c00780d118df4d7 .special-heading-inner-border{\nborder-color:#ffffff;\n}\n.av-special-heading.av-19hqq8-c837ca05cf57f55a1c00780d118df4d7 .av-subheading{\nfont-size:15px;\n}\n\n@media only screen and (min-width: 480px) and (max-width: 767px){ \n#top #wrap_all .av-special-heading.av-19hqq8-c837ca05cf57f55a1c00780d118df4d7 .av-special-heading-tag{\nfont-size:0.8em;\n}\n}\n\n@media only screen and (max-width: 479px){ \n#top #wrap_all .av-special-heading.av-19hqq8-c837ca05cf57f55a1c00780d118df4d7 .av-special-heading-tag{\nfont-size:0.8em;\n}\n}\n<\/style>\n<div  class='av-special-heading av-19hqq8-c837ca05cf57f55a1c00780d118df4d7 av-special-heading-h3 custom-color-heading blockquote modern-quote modern-centered  avia-builder-el-11  el_before_av_one_fifth  avia-builder-el-first  av-inherit-size'><h3 class='av-special-heading-tag '  itemprop=\"headline\"  >\u00bfQuieres estar al d\u00eda? Suscr\u00edbete a nuestro bolet\u00edn de noticias!<\/h3><div class=\"special-heading-border\"><div class=\"special-heading-inner-border\"><\/div><\/div><\/div>\n<div  class='flex_column av-152dug-cba9072915ec396a527e6ca9a17fb363 av_one_fifth  avia-builder-el-12  el_after_av_heading  el_before_av_three_fifth  first flex_column_div  '     ><\/div><div  class='flex_column av-v8bpc-c831e39631365e6953bb2ffd404d0d79 av_three_fifth  avia-builder-el-13  el_after_av_one_fifth  el_before_av_one_fifth  flex_column_div  '     ><form action=\"https:\/\/brokendiva.com\/es\/\" method=\"post\" data-fields-with-error=\"Found errors in the following field(s):\" class=\"avia_ajax_form av-form-labels-hidden   avia-builder-el-14  avia-builder-el-no-sibling  av-custom-form-color av-light-form \" data-avia-form-id=\"1\" data-avia-redirect='' ><fieldset><p class='  first_form  form_element form_element_third' id='element_avia_1_1'><label for=\"avia_1_1\">Nombre <abbr class=\"required\" title=\"requerido\">*<\/abbr><\/label> <input name=\"avia_1_1\" class=\"text_input is_empty\" type=\"text\" id=\"avia_1_1\" value=\"\"  placeholder='Nombre*'\/><\/p><p class='  form_element form_element_third av-last-visible-form-element' id='element_avia_2_1'><label for=\"avia_2_1\">E-Mail <abbr class=\"required\" title=\"requerido\">*<\/abbr><\/label> <input name=\"avia_2_1\" class=\"text_input is_email\" type=\"text\" id=\"avia_2_1\" value=\"\"  placeholder='E-Mail*'\/><\/p><p class=\"hidden\"><input type=\"text\" name=\"avia_3_1\" class=\"hidden \" id=\"avia_3_1\" value=\"\" \/><\/p><p class=\"form_element form_element_third modified_width\"><input type=\"hidden\" value=\"1\" name=\"avia_generated_form1\" \/><input type=\"submit\" value=\"Suscr\u00edbase a\" class=\"button\"  data-sending-label=\"Enviando\"\/><\/p><\/fieldset><\/form><div id=\"ajaxresponse_1\" class=\"ajaxresponse ajaxresponse_1 hidden\"><\/div><\/div><div  class='flex_column av-u0n4-8d956fcd8cbf89757dbc211e0d837606 av_one_fifth  avia-builder-el-15  el_after_av_three_fifth  avia-builder-el-last  flex_column_div  '     ><\/div>\n<\/div><\/div><\/div><!-- close content main div --><\/div><\/div><\/div><div id='after_section_2'  class='main_color av_default_container_wrap container_wrap sidebar_right'  ><div class='container av-section-cont-open' ><div class='template-page content  av-content-small alpha units'><div class='post-entry post-entry-type-page post-entry-2661'><div class='entry-content-wrapper clearfix'>\n","protected":false},"excerpt":{"rendered":"","protected":false},"author":1,"featured_media":0,"parent":0,"menu_order":0,"comment_status":"closed","ping_status":"closed","template":"","meta":{"footnotes":""},"class_list":["post-2661","page","type-page","status-publish","hentry"],"yoast_head":"<!-- This site is optimized with the Yoast SEO plugin v27.2 - https:\/\/yoast.com\/product\/yoast-seo-wordpress\/ -->\n<title>Broken Diva - camisetas org\u00e1nicas - tienda online<\/title>\n<meta name=\"description\" content=\"Tu tienda online de ropa de comercio justo &amp; eco eashion. Descubra nuestra gama de camisetas org\u00e1nicas.\" \/>\n<meta name=\"robots\" content=\"index, follow, max-snippet:-1, max-image-preview:large, max-video-preview:-1\" \/>\n<link rel=\"canonical\" href=\"https:\/\/brokendiva.com\/es\/\" \/>\n<meta property=\"og:locale\" content=\"es_ES\" \/>\n<meta property=\"og:type\" content=\"article\" \/>\n<meta property=\"og:title\" content=\"Broken Diva - camisetas org\u00e1nicas - tienda online\" \/>\n<meta property=\"og:description\" content=\"Tu tienda online de ropa de comercio justo &amp; eco eashion. Descubra nuestra gama de camisetas org\u00e1nicas.\" \/>\n<meta property=\"og:url\" content=\"https:\/\/brokendiva.com\/es\/\" \/>\n<meta property=\"og:site_name\" content=\"Broken Diva\" \/>\n<meta property=\"article:modified_time\" content=\"2026-02-10T13:49:29+00:00\" \/>\n<meta property=\"og:image\" content=\"https:\/\/brokendiva.com\/wp-content\/uploads\/2026\/02\/broken-diva.jpg\" \/>\n<meta name=\"twitter:card\" content=\"summary_large_image\" \/>\n<meta name=\"twitter:label1\" content=\"Tiempo de lectura\" \/>\n\t<meta name=\"twitter:data1\" content=\"1 minuto\" \/>\n<script type=\"application\/ld+json\" class=\"yoast-schema-graph\">{\"@context\":\"https:\/\/schema.org\",\"@graph\":[{\"@type\":\"WebPage\",\"@id\":\"https:\/\/brokendiva.com\/es\/\",\"url\":\"https:\/\/brokendiva.com\/es\/\",\"name\":\"Broken Diva - camisetas org\u00e1nicas - tienda online\",\"isPartOf\":{\"@id\":\"https:\/\/brokendiva.com\/es\/#website\"},\"primaryImageOfPage\":{\"@id\":\"https:\/\/brokendiva.com\/es\/#primaryimage\"},\"image\":{\"@id\":\"https:\/\/brokendiva.com\/es\/#primaryimage\"},\"thumbnailUrl\":\"https:\/\/brokendiva.com\/wp-content\/uploads\/2026\/02\/broken-diva.jpg\",\"datePublished\":\"2020-06-13T15:29:52+00:00\",\"dateModified\":\"2026-02-10T13:49:29+00:00\",\"description\":\"Tu tienda online de ropa de comercio justo & eco eashion. Descubra nuestra gama de camisetas org\u00e1nicas.\",\"breadcrumb\":{\"@id\":\"https:\/\/brokendiva.com\/es\/#breadcrumb\"},\"inLanguage\":\"es\",\"potentialAction\":[{\"@type\":\"ReadAction\",\"target\":[\"https:\/\/brokendiva.com\/es\/\"]}]},{\"@type\":\"ImageObject\",\"inLanguage\":\"es\",\"@id\":\"https:\/\/brokendiva.com\/es\/#primaryimage\",\"url\":\"https:\/\/brokendiva.com\/wp-content\/uploads\/2026\/02\/broken-diva.jpg\",\"contentUrl\":\"https:\/\/brokendiva.com\/wp-content\/uploads\/2026\/02\/broken-diva.jpg\"},{\"@type\":\"BreadcrumbList\",\"@id\":\"https:\/\/brokendiva.com\/es\/#breadcrumb\",\"itemListElement\":[{\"@type\":\"ListItem\",\"position\":1,\"name\":\"Home\",\"item\":\"https:\/\/brokendiva.com\/es\/home\/\"},{\"@type\":\"ListItem\",\"position\":2,\"name\":\"Home2\"}]},{\"@type\":\"WebSite\",\"@id\":\"https:\/\/brokendiva.com\/es\/#website\",\"url\":\"https:\/\/brokendiva.com\/es\/\",\"name\":\"Broken Diva\",\"description\":\"Just another WordPress site\",\"potentialAction\":[{\"@type\":\"SearchAction\",\"target\":{\"@type\":\"EntryPoint\",\"urlTemplate\":\"https:\/\/brokendiva.com\/es\/?s={search_term_string}\"},\"query-input\":{\"@type\":\"PropertyValueSpecification\",\"valueRequired\":true,\"valueName\":\"search_term_string\"}}],\"inLanguage\":\"es\"}]}<\/script>\n<!-- \/ Yoast SEO plugin. -->","yoast_head_json":{"title":"Broken Diva - camisetas org\u00e1nicas - tienda online","description":"Tu tienda online de ropa de comercio justo & eco eashion. Descubra nuestra gama de camisetas org\u00e1nicas.","robots":{"index":"index","follow":"follow","max-snippet":"max-snippet:-1","max-image-preview":"max-image-preview:large","max-video-preview":"max-video-preview:-1"},"canonical":"https:\/\/brokendiva.com\/es\/","og_locale":"es_ES","og_type":"article","og_title":"Broken Diva - camisetas org\u00e1nicas - tienda online","og_description":"Tu tienda online de ropa de comercio justo & eco eashion. Descubra nuestra gama de camisetas org\u00e1nicas.","og_url":"https:\/\/brokendiva.com\/es\/","og_site_name":"Broken Diva","article_modified_time":"2026-02-10T13:49:29+00:00","og_image":[{"url":"https:\/\/brokendiva.com\/wp-content\/uploads\/2026\/02\/broken-diva.jpg","type":"","width":"","height":""}],"twitter_card":"summary_large_image","twitter_misc":{"Tiempo de lectura":"1 minuto"},"schema":{"@context":"https:\/\/schema.org","@graph":[{"@type":"WebPage","@id":"https:\/\/brokendiva.com\/es\/","url":"https:\/\/brokendiva.com\/es\/","name":"Broken Diva - camisetas org\u00e1nicas - tienda online","isPartOf":{"@id":"https:\/\/brokendiva.com\/es\/#website"},"primaryImageOfPage":{"@id":"https:\/\/brokendiva.com\/es\/#primaryimage"},"image":{"@id":"https:\/\/brokendiva.com\/es\/#primaryimage"},"thumbnailUrl":"https:\/\/brokendiva.com\/wp-content\/uploads\/2026\/02\/broken-diva.jpg","datePublished":"2020-06-13T15:29:52+00:00","dateModified":"2026-02-10T13:49:29+00:00","description":"Tu tienda online de ropa de comercio justo & eco eashion. Descubra nuestra gama de camisetas org\u00e1nicas.","breadcrumb":{"@id":"https:\/\/brokendiva.com\/es\/#breadcrumb"},"inLanguage":"es","potentialAction":[{"@type":"ReadAction","target":["https:\/\/brokendiva.com\/es\/"]}]},{"@type":"ImageObject","inLanguage":"es","@id":"https:\/\/brokendiva.com\/es\/#primaryimage","url":"https:\/\/brokendiva.com\/wp-content\/uploads\/2026\/02\/broken-diva.jpg","contentUrl":"https:\/\/brokendiva.com\/wp-content\/uploads\/2026\/02\/broken-diva.jpg"},{"@type":"BreadcrumbList","@id":"https:\/\/brokendiva.com\/es\/#breadcrumb","itemListElement":[{"@type":"ListItem","position":1,"name":"Home","item":"https:\/\/brokendiva.com\/es\/home\/"},{"@type":"ListItem","position":2,"name":"Home2"}]},{"@type":"WebSite","@id":"https:\/\/brokendiva.com\/es\/#website","url":"https:\/\/brokendiva.com\/es\/","name":"Broken Diva","description":"Just another WordPress site","potentialAction":[{"@type":"SearchAction","target":{"@type":"EntryPoint","urlTemplate":"https:\/\/brokendiva.com\/es\/?s={search_term_string}"},"query-input":{"@type":"PropertyValueSpecification","valueRequired":true,"valueName":"search_term_string"}}],"inLanguage":"es"}]}},"_links":{"self":[{"href":"https:\/\/brokendiva.com\/es\/wp-json\/wp\/v2\/pages\/2661","targetHints":{"allow":["GET"]}}],"collection":[{"href":"https:\/\/brokendiva.com\/es\/wp-json\/wp\/v2\/pages"}],"about":[{"href":"https:\/\/brokendiva.com\/es\/wp-json\/wp\/v2\/types\/page"}],"author":[{"embeddable":true,"href":"https:\/\/brokendiva.com\/es\/wp-json\/wp\/v2\/users\/1"}],"replies":[{"embeddable":true,"href":"https:\/\/brokendiva.com\/es\/wp-json\/wp\/v2\/comments?post=2661"}],"version-history":[{"count":13,"href":"https:\/\/brokendiva.com\/es\/wp-json\/wp\/v2\/pages\/2661\/revisions"}],"predecessor-version":[{"id":3897,"href":"https:\/\/brokendiva.com\/es\/wp-json\/wp\/v2\/pages\/2661\/revisions\/3897"}],"wp:attachment":[{"href":"https:\/\/brokendiva.com\/es\/wp-json\/wp\/v2\/media?parent=2661"}],"curies":[{"name":"wp","href":"https:\/\/api.w.org\/{rel}","templated":true}]}}