{"id":1258,"date":"2020-05-09T12:20:33","date_gmt":"2020-05-23T15:23:32","guid":{"rendered":"https:\/\/brokendiva.com\/product\/azul\/"},"modified":"2020-07-13T22:05:55","modified_gmt":"2020-07-13T22:05:55","slug":"azul","status":"publish","type":"product","link":"https:\/\/brokendiva.com\/es\/producto\/azul\/","title":{"rendered":"Blue"},"content":{"rendered":"","protected":false},"excerpt":{"rendered":"<p>&#8230;Blue, como el mar y el cielo en verano. <br class=\"avia-permanent-lb\" \/>100% algod\u00f3n, camiseta org\u00e1nica hecha a mano respetando el comercio justo. <br class=\"avia-permanent-lb\" \/>Con cada nueva temporada, evaluamos lo que tenemos en nuestros armarios y consideramos lo que realmente podr\u00eda necesitar. Cada vez que a\u00f1adimos algo nuevo, siempre consideramos c\u00f3mo conjuntar\u00e1 con el resto de nuestra ropa en los a\u00f1os venideros. Esta c\u00f3moda camiseta de algod\u00f3n encajar\u00e1 perfectamente en tu armario: org\u00e1nico, moderno y funcional, que encaja con cualquier prenda. Cuello de cuello abierto m\u00e1s corto. Longitud del cuerpo m\u00e1s corta. Tejido propio en el cuello con una sola puntada superior Dobladillo de la manga y dobladillo inferior con una sola puntada superior ciega Un solo jersey 100% ALGOD\u00d3N COMBINADO ORG\u00c1NICO DE ANILLOS 120 G\/M\u00b2<\/p>\n","protected":false},"featured_media":791,"template":"","meta":[],"product_brand":[],"product_cat":[62,61],"product_tag":[],"class_list":{"0":"post-1258","1":"product","2":"type-product","3":"status-publish","4":"has-post-thumbnail","6":"product_cat-inicio","7":"product_cat-mujeres","9":"first","10":"instock","11":"taxable","12":"shipping-taxable","13":"purchasable","14":"product-type-variable"},"yoast_head":"<!-- This site is optimized with the Yoast SEO plugin v27.2 - https:\/\/yoast.com\/product\/yoast-seo-wordpress\/ -->\n<title>100% algod\u00f3n, camiseta org\u00e1nica hecha a mano respetando el comercio justo - Azul<\/title>\n<meta name=\"description\" content=\"Esta c\u00f3moda camiseta de algod\u00f3n encajar\u00e1 perfectamente en su armario: org\u00e1nico, moderno y funcional, que encaja con cualquier equipo.\" \/>\n<meta name=\"robots\" content=\"index, follow, max-snippet:-1, max-image-preview:large, max-video-preview:-1\" \/>\n<link rel=\"canonical\" href=\"https:\/\/brokendiva.com\/es\/producto\/azul\/\" \/>\n<meta property=\"og:locale\" content=\"es_ES\" \/>\n<meta property=\"og:type\" content=\"article\" \/>\n<meta property=\"og:title\" content=\"100% algod\u00f3n, camiseta org\u00e1nica hecha a mano respetando el comercio justo - Azul\" \/>\n<meta property=\"og:description\" content=\"Esta c\u00f3moda camiseta de algod\u00f3n encajar\u00e1 perfectamente en su armario: org\u00e1nico, moderno y funcional, que encaja con cualquier equipo.\" \/>\n<meta property=\"og:url\" content=\"https:\/\/brokendiva.com\/es\/producto\/azul\/\" \/>\n<meta property=\"og:site_name\" content=\"Broken Diva\" \/>\n<meta property=\"article:modified_time\" content=\"2020-07-13T22:05:55+00:00\" \/>\n<meta property=\"og:image\" content=\"https:\/\/brokendiva.com\/wp-content\/uploads\/2015\/03\/IMG-20200209-WA0013.jpg\" \/>\n\t<meta property=\"og:image:width\" content=\"828\" \/>\n\t<meta property=\"og:image:height\" content=\"1010\" \/>\n\t<meta property=\"og:image:type\" content=\"image\/jpeg\" \/>\n<meta name=\"twitter:card\" content=\"summary_large_image\" \/>\n<script type=\"application\/ld+json\" class=\"yoast-schema-graph\">{\"@context\":\"https:\/\/schema.org\",\"@graph\":[{\"@type\":\"WebPage\",\"@id\":\"https:\/\/brokendiva.com\/es\/producto\/azul\/\",\"url\":\"https:\/\/brokendiva.com\/es\/producto\/azul\/\",\"name\":\"100% algod\u00f3n, camiseta org\u00e1nica hecha a mano respetando el comercio justo - Azul\",\"isPartOf\":{\"@id\":\"https:\/\/brokendiva.com\/es\/#website\"},\"primaryImageOfPage\":{\"@id\":\"https:\/\/brokendiva.com\/es\/producto\/azul\/#primaryimage\"},\"image\":{\"@id\":\"https:\/\/brokendiva.com\/es\/producto\/azul\/#primaryimage\"},\"thumbnailUrl\":\"https:\/\/brokendiva.com\/wp-content\/uploads\/2015\/03\/IMG-20200209-WA0013.jpg\",\"datePublished\":\"2020-05-23T15:23:32+00:00\",\"dateModified\":\"2020-07-13T22:05:55+00:00\",\"description\":\"Esta c\u00f3moda camiseta de algod\u00f3n encajar\u00e1 perfectamente en su armario: org\u00e1nico, moderno y funcional, que encaja con cualquier equipo.\",\"breadcrumb\":{\"@id\":\"https:\/\/brokendiva.com\/es\/producto\/azul\/#breadcrumb\"},\"inLanguage\":\"es\",\"potentialAction\":[{\"@type\":\"ReadAction\",\"target\":[\"https:\/\/brokendiva.com\/es\/producto\/azul\/\"]}]},{\"@type\":\"ImageObject\",\"inLanguage\":\"es\",\"@id\":\"https:\/\/brokendiva.com\/es\/producto\/azul\/#primaryimage\",\"url\":\"https:\/\/brokendiva.com\/wp-content\/uploads\/2015\/03\/IMG-20200209-WA0013.jpg\",\"contentUrl\":\"https:\/\/brokendiva.com\/wp-content\/uploads\/2015\/03\/IMG-20200209-WA0013.jpg\",\"width\":828,\"height\":1010},{\"@type\":\"BreadcrumbList\",\"@id\":\"https:\/\/brokendiva.com\/es\/producto\/azul\/#breadcrumb\",\"itemListElement\":[{\"@type\":\"ListItem\",\"position\":1,\"name\":\"Home\",\"item\":\"https:\/\/brokendiva.com\/es\/home\/\"},{\"@type\":\"ListItem\",\"position\":2,\"name\":\"Tienda\",\"item\":\"https:\/\/brokendiva.com\/es\/tienda\/\"},{\"@type\":\"ListItem\",\"position\":3,\"name\":\"Blue\"}]},{\"@type\":\"WebSite\",\"@id\":\"https:\/\/brokendiva.com\/es\/#website\",\"url\":\"https:\/\/brokendiva.com\/es\/\",\"name\":\"Broken Diva\",\"description\":\"Just another WordPress site\",\"potentialAction\":[{\"@type\":\"SearchAction\",\"target\":{\"@type\":\"EntryPoint\",\"urlTemplate\":\"https:\/\/brokendiva.com\/es\/?s={search_term_string}\"},\"query-input\":{\"@type\":\"PropertyValueSpecification\",\"valueRequired\":true,\"valueName\":\"search_term_string\"}}],\"inLanguage\":\"es\"}]}<\/script>\n<!-- \/ Yoast SEO plugin. -->","yoast_head_json":{"title":"100% algod\u00f3n, camiseta org\u00e1nica hecha a mano respetando el comercio justo - Azul","description":"Esta c\u00f3moda camiseta de algod\u00f3n encajar\u00e1 perfectamente en su armario: org\u00e1nico, moderno y funcional, que encaja con cualquier equipo.","robots":{"index":"index","follow":"follow","max-snippet":"max-snippet:-1","max-image-preview":"max-image-preview:large","max-video-preview":"max-video-preview:-1"},"canonical":"https:\/\/brokendiva.com\/es\/producto\/azul\/","og_locale":"es_ES","og_type":"article","og_title":"100% algod\u00f3n, camiseta org\u00e1nica hecha a mano respetando el comercio justo - Azul","og_description":"Esta c\u00f3moda camiseta de algod\u00f3n encajar\u00e1 perfectamente en su armario: org\u00e1nico, moderno y funcional, que encaja con cualquier equipo.","og_url":"https:\/\/brokendiva.com\/es\/producto\/azul\/","og_site_name":"Broken Diva","article_modified_time":"2020-07-13T22:05:55+00:00","og_image":[{"width":828,"height":1010,"url":"https:\/\/brokendiva.com\/wp-content\/uploads\/2015\/03\/IMG-20200209-WA0013.jpg","type":"image\/jpeg"}],"twitter_card":"summary_large_image","schema":{"@context":"https:\/\/schema.org","@graph":[{"@type":"WebPage","@id":"https:\/\/brokendiva.com\/es\/producto\/azul\/","url":"https:\/\/brokendiva.com\/es\/producto\/azul\/","name":"100% algod\u00f3n, camiseta org\u00e1nica hecha a mano respetando el comercio justo - Azul","isPartOf":{"@id":"https:\/\/brokendiva.com\/es\/#website"},"primaryImageOfPage":{"@id":"https:\/\/brokendiva.com\/es\/producto\/azul\/#primaryimage"},"image":{"@id":"https:\/\/brokendiva.com\/es\/producto\/azul\/#primaryimage"},"thumbnailUrl":"https:\/\/brokendiva.com\/wp-content\/uploads\/2015\/03\/IMG-20200209-WA0013.jpg","datePublished":"2020-05-23T15:23:32+00:00","dateModified":"2020-07-13T22:05:55+00:00","description":"Esta c\u00f3moda camiseta de algod\u00f3n encajar\u00e1 perfectamente en su armario: org\u00e1nico, moderno y funcional, que encaja con cualquier equipo.","breadcrumb":{"@id":"https:\/\/brokendiva.com\/es\/producto\/azul\/#breadcrumb"},"inLanguage":"es","potentialAction":[{"@type":"ReadAction","target":["https:\/\/brokendiva.com\/es\/producto\/azul\/"]}]},{"@type":"ImageObject","inLanguage":"es","@id":"https:\/\/brokendiva.com\/es\/producto\/azul\/#primaryimage","url":"https:\/\/brokendiva.com\/wp-content\/uploads\/2015\/03\/IMG-20200209-WA0013.jpg","contentUrl":"https:\/\/brokendiva.com\/wp-content\/uploads\/2015\/03\/IMG-20200209-WA0013.jpg","width":828,"height":1010},{"@type":"BreadcrumbList","@id":"https:\/\/brokendiva.com\/es\/producto\/azul\/#breadcrumb","itemListElement":[{"@type":"ListItem","position":1,"name":"Home","item":"https:\/\/brokendiva.com\/es\/home\/"},{"@type":"ListItem","position":2,"name":"Tienda","item":"https:\/\/brokendiva.com\/es\/tienda\/"},{"@type":"ListItem","position":3,"name":"Blue"}]},{"@type":"WebSite","@id":"https:\/\/brokendiva.com\/es\/#website","url":"https:\/\/brokendiva.com\/es\/","name":"Broken Diva","description":"Just another WordPress site","potentialAction":[{"@type":"SearchAction","target":{"@type":"EntryPoint","urlTemplate":"https:\/\/brokendiva.com\/es\/?s={search_term_string}"},"query-input":{"@type":"PropertyValueSpecification","valueRequired":true,"valueName":"search_term_string"}}],"inLanguage":"es"}]}},"_links":{"self":[{"href":"https:\/\/brokendiva.com\/es\/wp-json\/wp\/v2\/product\/1258","targetHints":{"allow":["GET"]}}],"collection":[{"href":"https:\/\/brokendiva.com\/es\/wp-json\/wp\/v2\/product"}],"about":[{"href":"https:\/\/brokendiva.com\/es\/wp-json\/wp\/v2\/types\/product"}],"wp:featuredmedia":[{"embeddable":true,"href":"https:\/\/brokendiva.com\/es\/wp-json\/wp\/v2\/media\/791"}],"wp:attachment":[{"href":"https:\/\/brokendiva.com\/es\/wp-json\/wp\/v2\/media?parent=1258"}],"wp:term":[{"taxonomy":"product_brand","embeddable":true,"href":"https:\/\/brokendiva.com\/es\/wp-json\/wp\/v2\/product_brand?post=1258"},{"taxonomy":"product_cat","embeddable":true,"href":"https:\/\/brokendiva.com\/es\/wp-json\/wp\/v2\/product_cat?post=1258"},{"taxonomy":"product_tag","embeddable":true,"href":"https:\/\/brokendiva.com\/es\/wp-json\/wp\/v2\/product_tag?post=1258"}],"curies":[{"name":"wp","href":"https:\/\/api.w.org\/{rel}","templated":true}]}}