{"id":1330,"date":"2020-05-09T12:20:33","date_gmt":"2020-05-23T15:23:41","guid":{"rendered":"https:\/\/brokendiva.com\/product\/diente-de-leon\/"},"modified":"2020-05-24T11:35:40","modified_gmt":"2020-05-24T11:35:40","slug":"diente-de-leon","status":"publish","type":"product","link":"https:\/\/brokendiva.com\/es\/producto\/diente-de-leon\/","title":{"rendered":"Dandelion"},"content":{"rendered":"","protected":false},"excerpt":{"rendered":"<p>&#8230; pide un deseo, sopla <br class=\"avia-permanent-lb\" \/>Hecho con algod\u00f3n org\u00e1nico, esta camiseta de mangas \u00be viene en varios tama\u00f1os y un color que coinciden con cualquier ropa o cualquier temporada. Comb\u00ednalo con una chaqueta o con unos vaqueros, y lo llevar\u00e1s durante toda la temporada (y m\u00e1s all\u00e1). Aplicaci\u00f3n de pedreria de cristal. CAMISETA DE MUJER DE MANGA 3\/4 DE<br class=\"avia-permanent-lb\" \/> HOMBROs CA\u00cdDOS Hombro ca\u00eddo Tejido propio en el cuello Cinta de cuello interior en el tejido propio Dobladillo de la manga y dobladillo inferior con doble pespunte estrecho Dobladillo inferior ligeramente curvado JERSEY 100% ORGANIC RING-SPUN COMBED COTTON<\/p>\n","protected":false},"featured_media":886,"template":"","meta":[],"product_brand":[],"product_cat":[62,61],"product_tag":[],"class_list":{"0":"post-1330","1":"product","2":"type-product","3":"status-publish","4":"has-post-thumbnail","6":"product_cat-inicio","7":"product_cat-mujeres","9":"first","10":"instock","11":"taxable","12":"shipping-taxable","13":"purchasable","14":"product-type-variable"},"yoast_head":"<!-- This site is optimized with the Yoast SEO plugin v27.2 - https:\/\/yoast.com\/product\/yoast-seo-wordpress\/ -->\n<title>Diente de le\u00f3n - Camiseta de manga larga de algod\u00f3n org\u00e1nico - Comprar en l\u00ednea - Broken Diva<\/title>\n<meta name=\"description\" content=\"Hecha con algod\u00f3n org\u00e1nico, esta camiseta de mangas \u00be viene en varios tama\u00f1os y un color que combina con cualquier ropa o cualquier temporada.\" \/>\n<meta name=\"robots\" content=\"index, follow, max-snippet:-1, max-image-preview:large, max-video-preview:-1\" \/>\n<link rel=\"canonical\" href=\"https:\/\/brokendiva.com\/es\/producto\/diente-de-leon\/\" \/>\n<meta property=\"og:locale\" content=\"es_ES\" \/>\n<meta property=\"og:type\" content=\"article\" \/>\n<meta property=\"og:title\" content=\"Diente de le\u00f3n - Camiseta de manga larga de algod\u00f3n org\u00e1nico - Comprar en l\u00ednea - Broken Diva\" \/>\n<meta property=\"og:description\" content=\"Hecha con algod\u00f3n org\u00e1nico, esta camiseta de mangas \u00be viene en varios tama\u00f1os y un color que combina con cualquier ropa o cualquier temporada.\" \/>\n<meta property=\"og:url\" content=\"https:\/\/brokendiva.com\/es\/producto\/diente-de-leon\/\" \/>\n<meta property=\"og:site_name\" content=\"Broken Diva\" \/>\n<meta property=\"article:modified_time\" content=\"2020-05-24T11:35:40+00:00\" \/>\n<meta property=\"og:image\" content=\"https:\/\/brokendiva.com\/wp-content\/uploads\/2020\/02\/dandelion-scaled.jpg\" \/>\n\t<meta property=\"og:image:width\" content=\"2104\" \/>\n\t<meta property=\"og:image:height\" content=\"2560\" \/>\n\t<meta property=\"og:image:type\" content=\"image\/jpeg\" \/>\n<meta name=\"twitter:card\" content=\"summary_large_image\" \/>\n<script type=\"application\/ld+json\" class=\"yoast-schema-graph\">{\"@context\":\"https:\/\/schema.org\",\"@graph\":[{\"@type\":\"WebPage\",\"@id\":\"https:\/\/brokendiva.com\/es\/producto\/diente-de-leon\/\",\"url\":\"https:\/\/brokendiva.com\/es\/producto\/diente-de-leon\/\",\"name\":\"Diente de le\u00f3n - Camiseta de manga larga de algod\u00f3n org\u00e1nico - Comprar en l\u00ednea - Broken Diva\",\"isPartOf\":{\"@id\":\"https:\/\/brokendiva.com\/es\/#website\"},\"primaryImageOfPage\":{\"@id\":\"https:\/\/brokendiva.com\/es\/producto\/diente-de-leon\/#primaryimage\"},\"image\":{\"@id\":\"https:\/\/brokendiva.com\/es\/producto\/diente-de-leon\/#primaryimage\"},\"thumbnailUrl\":\"https:\/\/brokendiva.com\/wp-content\/uploads\/2020\/02\/dandelion-scaled.jpg\",\"datePublished\":\"2020-05-23T15:23:41+00:00\",\"dateModified\":\"2020-05-24T11:35:40+00:00\",\"description\":\"Hecha con algod\u00f3n org\u00e1nico, esta camiseta de mangas \u00be viene en varios tama\u00f1os y un color que combina con cualquier ropa o cualquier temporada.\",\"breadcrumb\":{\"@id\":\"https:\/\/brokendiva.com\/es\/producto\/diente-de-leon\/#breadcrumb\"},\"inLanguage\":\"es\",\"potentialAction\":[{\"@type\":\"ReadAction\",\"target\":[\"https:\/\/brokendiva.com\/es\/producto\/diente-de-leon\/\"]}]},{\"@type\":\"ImageObject\",\"inLanguage\":\"es\",\"@id\":\"https:\/\/brokendiva.com\/es\/producto\/diente-de-leon\/#primaryimage\",\"url\":\"https:\/\/brokendiva.com\/wp-content\/uploads\/2020\/02\/dandelion-scaled.jpg\",\"contentUrl\":\"https:\/\/brokendiva.com\/wp-content\/uploads\/2020\/02\/dandelion-scaled.jpg\",\"width\":2104,\"height\":2560},{\"@type\":\"BreadcrumbList\",\"@id\":\"https:\/\/brokendiva.com\/es\/producto\/diente-de-leon\/#breadcrumb\",\"itemListElement\":[{\"@type\":\"ListItem\",\"position\":1,\"name\":\"Home\",\"item\":\"https:\/\/brokendiva.com\/es\/home\/\"},{\"@type\":\"ListItem\",\"position\":2,\"name\":\"Tienda\",\"item\":\"https:\/\/brokendiva.com\/es\/tienda\/\"},{\"@type\":\"ListItem\",\"position\":3,\"name\":\"Dandelion\"}]},{\"@type\":\"WebSite\",\"@id\":\"https:\/\/brokendiva.com\/es\/#website\",\"url\":\"https:\/\/brokendiva.com\/es\/\",\"name\":\"Broken Diva\",\"description\":\"Just another WordPress site\",\"potentialAction\":[{\"@type\":\"SearchAction\",\"target\":{\"@type\":\"EntryPoint\",\"urlTemplate\":\"https:\/\/brokendiva.com\/es\/?s={search_term_string}\"},\"query-input\":{\"@type\":\"PropertyValueSpecification\",\"valueRequired\":true,\"valueName\":\"search_term_string\"}}],\"inLanguage\":\"es\"}]}<\/script>\n<!-- \/ Yoast SEO plugin. -->","yoast_head_json":{"title":"Diente de le\u00f3n - Camiseta de manga larga de algod\u00f3n org\u00e1nico - Comprar en l\u00ednea - Broken Diva","description":"Hecha con algod\u00f3n org\u00e1nico, esta camiseta de mangas \u00be viene en varios tama\u00f1os y un color que combina con cualquier ropa o cualquier temporada.","robots":{"index":"index","follow":"follow","max-snippet":"max-snippet:-1","max-image-preview":"max-image-preview:large","max-video-preview":"max-video-preview:-1"},"canonical":"https:\/\/brokendiva.com\/es\/producto\/diente-de-leon\/","og_locale":"es_ES","og_type":"article","og_title":"Diente de le\u00f3n - Camiseta de manga larga de algod\u00f3n org\u00e1nico - Comprar en l\u00ednea - Broken Diva","og_description":"Hecha con algod\u00f3n org\u00e1nico, esta camiseta de mangas \u00be viene en varios tama\u00f1os y un color que combina con cualquier ropa o cualquier temporada.","og_url":"https:\/\/brokendiva.com\/es\/producto\/diente-de-leon\/","og_site_name":"Broken Diva","article_modified_time":"2020-05-24T11:35:40+00:00","og_image":[{"width":2104,"height":2560,"url":"https:\/\/brokendiva.com\/wp-content\/uploads\/2020\/02\/dandelion-scaled.jpg","type":"image\/jpeg"}],"twitter_card":"summary_large_image","schema":{"@context":"https:\/\/schema.org","@graph":[{"@type":"WebPage","@id":"https:\/\/brokendiva.com\/es\/producto\/diente-de-leon\/","url":"https:\/\/brokendiva.com\/es\/producto\/diente-de-leon\/","name":"Diente de le\u00f3n - Camiseta de manga larga de algod\u00f3n org\u00e1nico - Comprar en l\u00ednea - Broken Diva","isPartOf":{"@id":"https:\/\/brokendiva.com\/es\/#website"},"primaryImageOfPage":{"@id":"https:\/\/brokendiva.com\/es\/producto\/diente-de-leon\/#primaryimage"},"image":{"@id":"https:\/\/brokendiva.com\/es\/producto\/diente-de-leon\/#primaryimage"},"thumbnailUrl":"https:\/\/brokendiva.com\/wp-content\/uploads\/2020\/02\/dandelion-scaled.jpg","datePublished":"2020-05-23T15:23:41+00:00","dateModified":"2020-05-24T11:35:40+00:00","description":"Hecha con algod\u00f3n org\u00e1nico, esta camiseta de mangas \u00be viene en varios tama\u00f1os y un color que combina con cualquier ropa o cualquier temporada.","breadcrumb":{"@id":"https:\/\/brokendiva.com\/es\/producto\/diente-de-leon\/#breadcrumb"},"inLanguage":"es","potentialAction":[{"@type":"ReadAction","target":["https:\/\/brokendiva.com\/es\/producto\/diente-de-leon\/"]}]},{"@type":"ImageObject","inLanguage":"es","@id":"https:\/\/brokendiva.com\/es\/producto\/diente-de-leon\/#primaryimage","url":"https:\/\/brokendiva.com\/wp-content\/uploads\/2020\/02\/dandelion-scaled.jpg","contentUrl":"https:\/\/brokendiva.com\/wp-content\/uploads\/2020\/02\/dandelion-scaled.jpg","width":2104,"height":2560},{"@type":"BreadcrumbList","@id":"https:\/\/brokendiva.com\/es\/producto\/diente-de-leon\/#breadcrumb","itemListElement":[{"@type":"ListItem","position":1,"name":"Home","item":"https:\/\/brokendiva.com\/es\/home\/"},{"@type":"ListItem","position":2,"name":"Tienda","item":"https:\/\/brokendiva.com\/es\/tienda\/"},{"@type":"ListItem","position":3,"name":"Dandelion"}]},{"@type":"WebSite","@id":"https:\/\/brokendiva.com\/es\/#website","url":"https:\/\/brokendiva.com\/es\/","name":"Broken Diva","description":"Just another WordPress site","potentialAction":[{"@type":"SearchAction","target":{"@type":"EntryPoint","urlTemplate":"https:\/\/brokendiva.com\/es\/?s={search_term_string}"},"query-input":{"@type":"PropertyValueSpecification","valueRequired":true,"valueName":"search_term_string"}}],"inLanguage":"es"}]}},"_links":{"self":[{"href":"https:\/\/brokendiva.com\/es\/wp-json\/wp\/v2\/product\/1330","targetHints":{"allow":["GET"]}}],"collection":[{"href":"https:\/\/brokendiva.com\/es\/wp-json\/wp\/v2\/product"}],"about":[{"href":"https:\/\/brokendiva.com\/es\/wp-json\/wp\/v2\/types\/product"}],"wp:featuredmedia":[{"embeddable":true,"href":"https:\/\/brokendiva.com\/es\/wp-json\/wp\/v2\/media\/886"}],"wp:attachment":[{"href":"https:\/\/brokendiva.com\/es\/wp-json\/wp\/v2\/media?parent=1330"}],"wp:term":[{"taxonomy":"product_brand","embeddable":true,"href":"https:\/\/brokendiva.com\/es\/wp-json\/wp\/v2\/product_brand?post=1330"},{"taxonomy":"product_cat","embeddable":true,"href":"https:\/\/brokendiva.com\/es\/wp-json\/wp\/v2\/product_cat?post=1330"},{"taxonomy":"product_tag","embeddable":true,"href":"https:\/\/brokendiva.com\/es\/wp-json\/wp\/v2\/product_tag?post=1330"}],"curies":[{"name":"wp","href":"https:\/\/api.w.org\/{rel}","templated":true}]}}