{"id":1353,"date":"2020-05-09T12:20:33","date_gmt":"2020-05-23T15:23:44","guid":{"rendered":"https:\/\/brokendiva.com\/product\/mariposa\/"},"modified":"2020-07-13T22:08:58","modified_gmt":"2020-07-13T22:08:58","slug":"mariposa","status":"publish","type":"product","link":"https:\/\/brokendiva.com\/es\/producto\/mariposa\/","title":{"rendered":"Butterfly"},"content":{"rendered":"","protected":false},"excerpt":{"rendered":"<p>Sue\u00f1a a lo grande, vuela m\u00e1s alto que nunca. <br class=\"avia-permanent-lb\" \/>Todas las prendas de Broken Diva son org\u00e1nicas y ecol\u00f3gicas. Estamos usando algod\u00f3n org\u00e1nico para crear camisetas \u00fanicas y de edicines cortas. La sostenibilidad est\u00e1 en nuestros genes. Nuestro proceso es lento pero tiene en cuenta todos los factores ambientales para asegurarnos de que estamos cuidando el planeta, desde las f\u00e1bricas en las que producimos hasta los materiales que utilizamos. Por amor al medio ambiente, hemos pasado de la impresi\u00f3n a la estampaci\u00f3n digital. \u00a1Cons\u00edgue un look excepcionalmente casual usando nuestra camiseta Butterfly! Cuello redondo de la mujer Camiseta de borde crudo Gorra manga dolman Dobladillo de la manga enrollado con barbas Cuello de borde crudo con una sola puntada superior Dobladillo inferior con doble puntada superior estrecha Hendidura en las costuras laterales SLUB SINGLE JERSEY 100% ALGOD\u00d3N ORG\u00c1NICO DE PUNTO ANILLO 120 G\/M\u00b2<\/p>\n","protected":false},"featured_media":929,"template":"","meta":[],"product_brand":[],"product_cat":[61],"product_tag":[],"class_list":{"0":"post-1353","1":"product","2":"type-product","3":"status-publish","4":"has-post-thumbnail","6":"product_cat-mujeres","8":"first","9":"instock","10":"taxable","11":"shipping-taxable","12":"purchasable","13":"product-type-variable"},"yoast_head":"<!-- This site is optimized with the Yoast SEO plugin v27.2 - https:\/\/yoast.com\/product\/yoast-seo-wordpress\/ -->\n<title>Lib\u00e9lula B&amp;W - Tienda online de camisetas org\u00e1nicas<\/title>\n<meta name=\"robots\" content=\"index, follow, max-snippet:-1, max-image-preview:large, max-video-preview:-1\" \/>\n<link rel=\"canonical\" href=\"https:\/\/brokendiva.com\/es\/producto\/mariposa\/\" \/>\n<meta property=\"og:locale\" content=\"es_ES\" \/>\n<meta property=\"og:type\" content=\"article\" \/>\n<meta property=\"og:title\" content=\"Lib\u00e9lula B&amp;W - Tienda online de camisetas org\u00e1nicas\" \/>\n<meta property=\"og:description\" content=\"Sue\u00f1a a lo grande, vuela m\u00e1s alto que nunca. Todas las prendas de Broken Diva son org\u00e1nicas y ecol\u00f3gicas. Estamos usando algod\u00f3n org\u00e1nico para crear camisetas \u00fanicas y de edicines cortas. La sostenibilidad est\u00e1 en nuestros genes. Nuestro proceso es lento pero tiene en cuenta todos los factores ambientales para asegurarnos de que estamos cuidando el planeta, desde las f\u00e1bricas en las que producimos hasta los materiales que utilizamos. Por amor al medio ambiente, hemos pasado de la impresi\u00f3n a la estampaci\u00f3n digital. \u00a1Cons\u00edgue un look excepcionalmente casual usando nuestra camiseta Butterfly! Cuello redondo de la mujer Camiseta de borde crudo Gorra manga dolman Dobladillo de la manga enrollado con barbas Cuello de borde crudo con una sola puntada superior Dobladillo inferior con doble puntada superior estrecha Hendidura en las costuras laterales SLUB SINGLE JERSEY 100% ALGOD\u00d3N ORG\u00c1NICO DE PUNTO ANILLO 120 G\/M\u00b2\" \/>\n<meta property=\"og:url\" content=\"https:\/\/brokendiva.com\/es\/producto\/mariposa\/\" \/>\n<meta property=\"og:site_name\" content=\"Broken Diva\" \/>\n<meta property=\"article:modified_time\" content=\"2020-07-13T22:08:58+00:00\" \/>\n<meta property=\"og:image\" content=\"https:\/\/brokendiva.com\/wp-content\/uploads\/2020\/02\/butttterfly1-scaled.jpg\" \/>\n\t<meta property=\"og:image:width\" content=\"1920\" \/>\n\t<meta property=\"og:image:height\" content=\"2560\" \/>\n\t<meta property=\"og:image:type\" content=\"image\/jpeg\" \/>\n<meta name=\"twitter:card\" content=\"summary_large_image\" \/>\n<script type=\"application\/ld+json\" class=\"yoast-schema-graph\">{\"@context\":\"https:\/\/schema.org\",\"@graph\":[{\"@type\":\"WebPage\",\"@id\":\"https:\/\/brokendiva.com\/es\/producto\/mariposa\/\",\"url\":\"https:\/\/brokendiva.com\/es\/producto\/mariposa\/\",\"name\":\"Lib\u00e9lula B&W - Tienda online de camisetas org\u00e1nicas\",\"isPartOf\":{\"@id\":\"https:\/\/brokendiva.com\/es\/#website\"},\"primaryImageOfPage\":{\"@id\":\"https:\/\/brokendiva.com\/es\/producto\/mariposa\/#primaryimage\"},\"image\":{\"@id\":\"https:\/\/brokendiva.com\/es\/producto\/mariposa\/#primaryimage\"},\"thumbnailUrl\":\"https:\/\/brokendiva.com\/wp-content\/uploads\/2020\/02\/butttterfly1-scaled.jpg\",\"datePublished\":\"2020-05-23T15:23:44+00:00\",\"dateModified\":\"2020-07-13T22:08:58+00:00\",\"breadcrumb\":{\"@id\":\"https:\/\/brokendiva.com\/es\/producto\/mariposa\/#breadcrumb\"},\"inLanguage\":\"es\",\"potentialAction\":[{\"@type\":\"ReadAction\",\"target\":[\"https:\/\/brokendiva.com\/es\/producto\/mariposa\/\"]}]},{\"@type\":\"ImageObject\",\"inLanguage\":\"es\",\"@id\":\"https:\/\/brokendiva.com\/es\/producto\/mariposa\/#primaryimage\",\"url\":\"https:\/\/brokendiva.com\/wp-content\/uploads\/2020\/02\/butttterfly1-scaled.jpg\",\"contentUrl\":\"https:\/\/brokendiva.com\/wp-content\/uploads\/2020\/02\/butttterfly1-scaled.jpg\",\"width\":1920,\"height\":2560},{\"@type\":\"BreadcrumbList\",\"@id\":\"https:\/\/brokendiva.com\/es\/producto\/mariposa\/#breadcrumb\",\"itemListElement\":[{\"@type\":\"ListItem\",\"position\":1,\"name\":\"Home\",\"item\":\"https:\/\/brokendiva.com\/es\/home\/\"},{\"@type\":\"ListItem\",\"position\":2,\"name\":\"Tienda\",\"item\":\"https:\/\/brokendiva.com\/es\/tienda\/\"},{\"@type\":\"ListItem\",\"position\":3,\"name\":\"Butterfly\"}]},{\"@type\":\"WebSite\",\"@id\":\"https:\/\/brokendiva.com\/es\/#website\",\"url\":\"https:\/\/brokendiva.com\/es\/\",\"name\":\"Broken Diva\",\"description\":\"Just another WordPress site\",\"potentialAction\":[{\"@type\":\"SearchAction\",\"target\":{\"@type\":\"EntryPoint\",\"urlTemplate\":\"https:\/\/brokendiva.com\/es\/?s={search_term_string}\"},\"query-input\":{\"@type\":\"PropertyValueSpecification\",\"valueRequired\":true,\"valueName\":\"search_term_string\"}}],\"inLanguage\":\"es\"}]}<\/script>\n<!-- \/ Yoast SEO plugin. -->","yoast_head_json":{"title":"Lib\u00e9lula B&W - Tienda online de camisetas org\u00e1nicas","robots":{"index":"index","follow":"follow","max-snippet":"max-snippet:-1","max-image-preview":"max-image-preview:large","max-video-preview":"max-video-preview:-1"},"canonical":"https:\/\/brokendiva.com\/es\/producto\/mariposa\/","og_locale":"es_ES","og_type":"article","og_title":"Lib\u00e9lula B&W - Tienda online de camisetas org\u00e1nicas","og_description":"Sue\u00f1a a lo grande, vuela m\u00e1s alto que nunca. Todas las prendas de Broken Diva son org\u00e1nicas y ecol\u00f3gicas. Estamos usando algod\u00f3n org\u00e1nico para crear camisetas \u00fanicas y de edicines cortas. La sostenibilidad est\u00e1 en nuestros genes. Nuestro proceso es lento pero tiene en cuenta todos los factores ambientales para asegurarnos de que estamos cuidando el planeta, desde las f\u00e1bricas en las que producimos hasta los materiales que utilizamos. Por amor al medio ambiente, hemos pasado de la impresi\u00f3n a la estampaci\u00f3n digital. \u00a1Cons\u00edgue un look excepcionalmente casual usando nuestra camiseta Butterfly! Cuello redondo de la mujer Camiseta de borde crudo Gorra manga dolman Dobladillo de la manga enrollado con barbas Cuello de borde crudo con una sola puntada superior Dobladillo inferior con doble puntada superior estrecha Hendidura en las costuras laterales SLUB SINGLE JERSEY 100% ALGOD\u00d3N ORG\u00c1NICO DE PUNTO ANILLO 120 G\/M\u00b2","og_url":"https:\/\/brokendiva.com\/es\/producto\/mariposa\/","og_site_name":"Broken Diva","article_modified_time":"2020-07-13T22:08:58+00:00","og_image":[{"width":1920,"height":2560,"url":"https:\/\/brokendiva.com\/wp-content\/uploads\/2020\/02\/butttterfly1-scaled.jpg","type":"image\/jpeg"}],"twitter_card":"summary_large_image","schema":{"@context":"https:\/\/schema.org","@graph":[{"@type":"WebPage","@id":"https:\/\/brokendiva.com\/es\/producto\/mariposa\/","url":"https:\/\/brokendiva.com\/es\/producto\/mariposa\/","name":"Lib\u00e9lula B&W - Tienda online de camisetas org\u00e1nicas","isPartOf":{"@id":"https:\/\/brokendiva.com\/es\/#website"},"primaryImageOfPage":{"@id":"https:\/\/brokendiva.com\/es\/producto\/mariposa\/#primaryimage"},"image":{"@id":"https:\/\/brokendiva.com\/es\/producto\/mariposa\/#primaryimage"},"thumbnailUrl":"https:\/\/brokendiva.com\/wp-content\/uploads\/2020\/02\/butttterfly1-scaled.jpg","datePublished":"2020-05-23T15:23:44+00:00","dateModified":"2020-07-13T22:08:58+00:00","breadcrumb":{"@id":"https:\/\/brokendiva.com\/es\/producto\/mariposa\/#breadcrumb"},"inLanguage":"es","potentialAction":[{"@type":"ReadAction","target":["https:\/\/brokendiva.com\/es\/producto\/mariposa\/"]}]},{"@type":"ImageObject","inLanguage":"es","@id":"https:\/\/brokendiva.com\/es\/producto\/mariposa\/#primaryimage","url":"https:\/\/brokendiva.com\/wp-content\/uploads\/2020\/02\/butttterfly1-scaled.jpg","contentUrl":"https:\/\/brokendiva.com\/wp-content\/uploads\/2020\/02\/butttterfly1-scaled.jpg","width":1920,"height":2560},{"@type":"BreadcrumbList","@id":"https:\/\/brokendiva.com\/es\/producto\/mariposa\/#breadcrumb","itemListElement":[{"@type":"ListItem","position":1,"name":"Home","item":"https:\/\/brokendiva.com\/es\/home\/"},{"@type":"ListItem","position":2,"name":"Tienda","item":"https:\/\/brokendiva.com\/es\/tienda\/"},{"@type":"ListItem","position":3,"name":"Butterfly"}]},{"@type":"WebSite","@id":"https:\/\/brokendiva.com\/es\/#website","url":"https:\/\/brokendiva.com\/es\/","name":"Broken Diva","description":"Just another WordPress site","potentialAction":[{"@type":"SearchAction","target":{"@type":"EntryPoint","urlTemplate":"https:\/\/brokendiva.com\/es\/?s={search_term_string}"},"query-input":{"@type":"PropertyValueSpecification","valueRequired":true,"valueName":"search_term_string"}}],"inLanguage":"es"}]}},"_links":{"self":[{"href":"https:\/\/brokendiva.com\/es\/wp-json\/wp\/v2\/product\/1353","targetHints":{"allow":["GET"]}}],"collection":[{"href":"https:\/\/brokendiva.com\/es\/wp-json\/wp\/v2\/product"}],"about":[{"href":"https:\/\/brokendiva.com\/es\/wp-json\/wp\/v2\/types\/product"}],"wp:featuredmedia":[{"embeddable":true,"href":"https:\/\/brokendiva.com\/es\/wp-json\/wp\/v2\/media\/929"}],"wp:attachment":[{"href":"https:\/\/brokendiva.com\/es\/wp-json\/wp\/v2\/media?parent=1353"}],"wp:term":[{"taxonomy":"product_brand","embeddable":true,"href":"https:\/\/brokendiva.com\/es\/wp-json\/wp\/v2\/product_brand?post=1353"},{"taxonomy":"product_cat","embeddable":true,"href":"https:\/\/brokendiva.com\/es\/wp-json\/wp\/v2\/product_cat?post=1353"},{"taxonomy":"product_tag","embeddable":true,"href":"https:\/\/brokendiva.com\/es\/wp-json\/wp\/v2\/product_tag?post=1353"}],"curies":[{"name":"wp","href":"https:\/\/api.w.org\/{rel}","templated":true}]}}