{"id":1366,"date":"2020-05-09T12:20:34","date_gmt":"2020-05-23T15:23:45","guid":{"rendered":"https:\/\/brokendiva.com\/product\/libelula-bw\/"},"modified":"2020-05-24T11:21:05","modified_gmt":"2020-05-24T11:21:05","slug":"libelula-bw","status":"publish","type":"product","link":"https:\/\/brokendiva.com\/es\/producto\/libelula-bw\/","title":{"rendered":"Lib\u00e9lula B&#038;W"},"content":{"rendered":"","protected":false},"excerpt":{"rendered":"<p>Una combinaci\u00f3n cl\u00e1sica que encaja con cualquier equipo. <br class=\"avia-permanent-lb\" \/>Normalmente, las camisetas se usan en todas las ocasiones, pero eso significa que hay que reemplazarlas a menudo una vez que se desgastan y se manchan. El estilo de la Lib\u00e9lula B&#038;W es atemporal: la llevar\u00e1s durante d\u00e9cadas. Est\u00e1 hecho con algod\u00f3n org\u00e1nico y ecol\u00f3gico. Esta camiseta no muy suelta pero no muy ajustada se ve bien con todo. \u00a1Que esta camiseta de cuello redondo y borde crudo de mujer se convierta en tu est\u00e1ndar de oro! CAMISETA DE MUJER DE MANGA 3\/4 CON CA\u00cdDA HOMBRO Tejido propio en el cuello Cinta de cuello interior en el tejido propio Dobladillo de la manga y dobladillo inferior con doble pespunte estrecho Dobladillo inferior ligeramente curvado JERSEY \u00daNICO 100% ALGOD\u00d3N ORG\u00c1NICO COMBINADO CON ARANDELAS 130 G\/M\u00b2<\/p>\n","protected":false},"featured_media":946,"template":"","meta":[],"product_brand":[],"product_cat":[61],"product_tag":[],"class_list":{"0":"post-1366","1":"product","2":"type-product","3":"status-publish","4":"has-post-thumbnail","6":"product_cat-mujeres","8":"first","9":"instock","10":"taxable","11":"shipping-taxable","12":"purchasable","13":"product-type-variable"},"yoast_head":"<!-- This site is optimized with the Yoast SEO plugin v27.2 - https:\/\/yoast.com\/product\/yoast-seo-wordpress\/ -->\n<title>Camiseta mariposa de Broken DIva - Tienda online de camisetas org\u00e1nicas<\/title>\n<meta name=\"description\" content=\"El estilo de la camiseta de Lib\u00e9lula B&amp;W es atemporal y la prenda bien hecha: la llevar\u00e1s durante d\u00e9cadas.\" \/>\n<meta name=\"robots\" content=\"index, follow, max-snippet:-1, max-image-preview:large, max-video-preview:-1\" \/>\n<link rel=\"canonical\" href=\"https:\/\/brokendiva.com\/es\/producto\/libelula-bw\/\" \/>\n<meta property=\"og:locale\" content=\"es_ES\" \/>\n<meta property=\"og:type\" content=\"article\" \/>\n<meta property=\"og:title\" content=\"Camiseta mariposa de Broken DIva - Tienda online de camisetas org\u00e1nicas\" \/>\n<meta property=\"og:description\" content=\"El estilo de la camiseta de Lib\u00e9lula B&amp;W es atemporal y la prenda bien hecha: la llevar\u00e1s durante d\u00e9cadas.\" \/>\n<meta property=\"og:url\" content=\"https:\/\/brokendiva.com\/es\/producto\/libelula-bw\/\" \/>\n<meta property=\"og:site_name\" content=\"Broken Diva\" \/>\n<meta property=\"article:modified_time\" content=\"2020-05-24T11:21:05+00:00\" \/>\n<meta property=\"og:image\" content=\"https:\/\/brokendiva.com\/wp-content\/uploads\/2020\/02\/libelula-b-w-1-scaled.jpg\" \/>\n\t<meta property=\"og:image:width\" content=\"1969\" \/>\n\t<meta property=\"og:image:height\" content=\"2560\" \/>\n\t<meta property=\"og:image:type\" content=\"image\/jpeg\" \/>\n<meta name=\"twitter:card\" content=\"summary_large_image\" \/>\n<script type=\"application\/ld+json\" class=\"yoast-schema-graph\">{\"@context\":\"https:\/\/schema.org\",\"@graph\":[{\"@type\":\"WebPage\",\"@id\":\"https:\/\/brokendiva.com\/es\/producto\/libelula-bw\/\",\"url\":\"https:\/\/brokendiva.com\/es\/producto\/libelula-bw\/\",\"name\":\"Camiseta mariposa de Broken DIva - Tienda online de camisetas org\u00e1nicas\",\"isPartOf\":{\"@id\":\"https:\/\/brokendiva.com\/es\/#website\"},\"primaryImageOfPage\":{\"@id\":\"https:\/\/brokendiva.com\/es\/producto\/libelula-bw\/#primaryimage\"},\"image\":{\"@id\":\"https:\/\/brokendiva.com\/es\/producto\/libelula-bw\/#primaryimage\"},\"thumbnailUrl\":\"https:\/\/brokendiva.com\/wp-content\/uploads\/2020\/02\/libelula-b-w-1-scaled.jpg\",\"datePublished\":\"2020-05-23T15:23:45+00:00\",\"dateModified\":\"2020-05-24T11:21:05+00:00\",\"description\":\"El estilo de la camiseta de Lib\u00e9lula B&W es atemporal y la prenda bien hecha: la llevar\u00e1s durante d\u00e9cadas.\",\"breadcrumb\":{\"@id\":\"https:\/\/brokendiva.com\/es\/producto\/libelula-bw\/#breadcrumb\"},\"inLanguage\":\"es\",\"potentialAction\":[{\"@type\":\"ReadAction\",\"target\":[\"https:\/\/brokendiva.com\/es\/producto\/libelula-bw\/\"]}]},{\"@type\":\"ImageObject\",\"inLanguage\":\"es\",\"@id\":\"https:\/\/brokendiva.com\/es\/producto\/libelula-bw\/#primaryimage\",\"url\":\"https:\/\/brokendiva.com\/wp-content\/uploads\/2020\/02\/libelula-b-w-1-scaled.jpg\",\"contentUrl\":\"https:\/\/brokendiva.com\/wp-content\/uploads\/2020\/02\/libelula-b-w-1-scaled.jpg\",\"width\":1969,\"height\":2560},{\"@type\":\"BreadcrumbList\",\"@id\":\"https:\/\/brokendiva.com\/es\/producto\/libelula-bw\/#breadcrumb\",\"itemListElement\":[{\"@type\":\"ListItem\",\"position\":1,\"name\":\"Home\",\"item\":\"https:\/\/brokendiva.com\/es\/home\/\"},{\"@type\":\"ListItem\",\"position\":2,\"name\":\"Tienda\",\"item\":\"https:\/\/brokendiva.com\/es\/tienda\/\"},{\"@type\":\"ListItem\",\"position\":3,\"name\":\"Lib\u00e9lula B&#038;W\"}]},{\"@type\":\"WebSite\",\"@id\":\"https:\/\/brokendiva.com\/es\/#website\",\"url\":\"https:\/\/brokendiva.com\/es\/\",\"name\":\"Broken Diva\",\"description\":\"Just another WordPress site\",\"potentialAction\":[{\"@type\":\"SearchAction\",\"target\":{\"@type\":\"EntryPoint\",\"urlTemplate\":\"https:\/\/brokendiva.com\/es\/?s={search_term_string}\"},\"query-input\":{\"@type\":\"PropertyValueSpecification\",\"valueRequired\":true,\"valueName\":\"search_term_string\"}}],\"inLanguage\":\"es\"}]}<\/script>\n<!-- \/ Yoast SEO plugin. -->","yoast_head_json":{"title":"Camiseta mariposa de Broken DIva - Tienda online de camisetas org\u00e1nicas","description":"El estilo de la camiseta de Lib\u00e9lula B&W es atemporal y la prenda bien hecha: la llevar\u00e1s durante d\u00e9cadas.","robots":{"index":"index","follow":"follow","max-snippet":"max-snippet:-1","max-image-preview":"max-image-preview:large","max-video-preview":"max-video-preview:-1"},"canonical":"https:\/\/brokendiva.com\/es\/producto\/libelula-bw\/","og_locale":"es_ES","og_type":"article","og_title":"Camiseta mariposa de Broken DIva - Tienda online de camisetas org\u00e1nicas","og_description":"El estilo de la camiseta de Lib\u00e9lula B&W es atemporal y la prenda bien hecha: la llevar\u00e1s durante d\u00e9cadas.","og_url":"https:\/\/brokendiva.com\/es\/producto\/libelula-bw\/","og_site_name":"Broken Diva","article_modified_time":"2020-05-24T11:21:05+00:00","og_image":[{"width":1969,"height":2560,"url":"https:\/\/brokendiva.com\/wp-content\/uploads\/2020\/02\/libelula-b-w-1-scaled.jpg","type":"image\/jpeg"}],"twitter_card":"summary_large_image","schema":{"@context":"https:\/\/schema.org","@graph":[{"@type":"WebPage","@id":"https:\/\/brokendiva.com\/es\/producto\/libelula-bw\/","url":"https:\/\/brokendiva.com\/es\/producto\/libelula-bw\/","name":"Camiseta mariposa de Broken DIva - Tienda online de camisetas org\u00e1nicas","isPartOf":{"@id":"https:\/\/brokendiva.com\/es\/#website"},"primaryImageOfPage":{"@id":"https:\/\/brokendiva.com\/es\/producto\/libelula-bw\/#primaryimage"},"image":{"@id":"https:\/\/brokendiva.com\/es\/producto\/libelula-bw\/#primaryimage"},"thumbnailUrl":"https:\/\/brokendiva.com\/wp-content\/uploads\/2020\/02\/libelula-b-w-1-scaled.jpg","datePublished":"2020-05-23T15:23:45+00:00","dateModified":"2020-05-24T11:21:05+00:00","description":"El estilo de la camiseta de Lib\u00e9lula B&W es atemporal y la prenda bien hecha: la llevar\u00e1s durante d\u00e9cadas.","breadcrumb":{"@id":"https:\/\/brokendiva.com\/es\/producto\/libelula-bw\/#breadcrumb"},"inLanguage":"es","potentialAction":[{"@type":"ReadAction","target":["https:\/\/brokendiva.com\/es\/producto\/libelula-bw\/"]}]},{"@type":"ImageObject","inLanguage":"es","@id":"https:\/\/brokendiva.com\/es\/producto\/libelula-bw\/#primaryimage","url":"https:\/\/brokendiva.com\/wp-content\/uploads\/2020\/02\/libelula-b-w-1-scaled.jpg","contentUrl":"https:\/\/brokendiva.com\/wp-content\/uploads\/2020\/02\/libelula-b-w-1-scaled.jpg","width":1969,"height":2560},{"@type":"BreadcrumbList","@id":"https:\/\/brokendiva.com\/es\/producto\/libelula-bw\/#breadcrumb","itemListElement":[{"@type":"ListItem","position":1,"name":"Home","item":"https:\/\/brokendiva.com\/es\/home\/"},{"@type":"ListItem","position":2,"name":"Tienda","item":"https:\/\/brokendiva.com\/es\/tienda\/"},{"@type":"ListItem","position":3,"name":"Lib\u00e9lula B&#038;W"}]},{"@type":"WebSite","@id":"https:\/\/brokendiva.com\/es\/#website","url":"https:\/\/brokendiva.com\/es\/","name":"Broken Diva","description":"Just another WordPress site","potentialAction":[{"@type":"SearchAction","target":{"@type":"EntryPoint","urlTemplate":"https:\/\/brokendiva.com\/es\/?s={search_term_string}"},"query-input":{"@type":"PropertyValueSpecification","valueRequired":true,"valueName":"search_term_string"}}],"inLanguage":"es"}]}},"_links":{"self":[{"href":"https:\/\/brokendiva.com\/es\/wp-json\/wp\/v2\/product\/1366","targetHints":{"allow":["GET"]}}],"collection":[{"href":"https:\/\/brokendiva.com\/es\/wp-json\/wp\/v2\/product"}],"about":[{"href":"https:\/\/brokendiva.com\/es\/wp-json\/wp\/v2\/types\/product"}],"wp:featuredmedia":[{"embeddable":true,"href":"https:\/\/brokendiva.com\/es\/wp-json\/wp\/v2\/media\/946"}],"wp:attachment":[{"href":"https:\/\/brokendiva.com\/es\/wp-json\/wp\/v2\/media?parent=1366"}],"wp:term":[{"taxonomy":"product_brand","embeddable":true,"href":"https:\/\/brokendiva.com\/es\/wp-json\/wp\/v2\/product_brand?post=1366"},{"taxonomy":"product_cat","embeddable":true,"href":"https:\/\/brokendiva.com\/es\/wp-json\/wp\/v2\/product_cat?post=1366"},{"taxonomy":"product_tag","embeddable":true,"href":"https:\/\/brokendiva.com\/es\/wp-json\/wp\/v2\/product_tag?post=1366"}],"curies":[{"name":"wp","href":"https:\/\/api.w.org\/{rel}","templated":true}]}}