{"id":1375,"date":"2020-05-09T12:20:35","date_gmt":"2020-05-23T15:23:46","guid":{"rendered":"https:\/\/brokendiva.com\/product\/libelula-noire\/"},"modified":"2020-05-24T11:15:21","modified_gmt":"2020-05-24T11:15:21","slug":"libelula-noire","status":"publish","type":"product","link":"https:\/\/brokendiva.com\/es\/producto\/libelula-noire\/","title":{"rendered":"Lib\u00e9lula noire"},"content":{"rendered":"","protected":false},"excerpt":{"rendered":"<p>Lib\u00e9lula noire como la noche&#8230; <br class=\"avia-permanent-lb\" \/>La tela usada para esta camiseta es tan suave como un susurro. Esta camiseta ligera es un best-seller por su estilo, facilidad de uso y c\u00f3modo ajuste. Todas las prendas de Broken Diva son org\u00e1nicas y ecol\u00f3gicas. Estamos usando algod\u00f3n org\u00e1nico para crear camisetas \u00fanicas y exclusivas como la Lib\u00e9lula noire. Cinta adhesiva en el cuello interior de la espalda en la tela de la manga dobladillo de la manga y dobladillo inferior con doble puntada estrecha JERSEY 100% ORGANIC RING-SPUN COMBED COTTON WASH INSTRUCTIONS<\/p>\n","protected":false},"featured_media":944,"template":"","meta":[],"product_brand":[],"product_cat":[61],"product_tag":[],"class_list":{"0":"post-1375","1":"product","2":"type-product","3":"status-publish","4":"has-post-thumbnail","6":"product_cat-mujeres","8":"first","9":"instock","10":"taxable","11":"shipping-taxable","12":"purchasable","13":"product-type-variable"},"yoast_head":"<!-- This site is optimized with the Yoast SEO plugin v27.2 - https:\/\/yoast.com\/product\/yoast-seo-wordpress\/ -->\n<title>Lib\u00e9lula Noire - Camiseta org\u00e1nica de comercio &amp;justo y \u00e9tico<\/title>\n<meta name=\"description\" content=\"Camiseta org\u00e1nica de comercio justo \u00e9tico &amp;\" \/>\n<meta name=\"robots\" content=\"index, follow, max-snippet:-1, max-image-preview:large, max-video-preview:-1\" \/>\n<link rel=\"canonical\" href=\"https:\/\/brokendiva.com\/es\/producto\/libelula-noire\/\" \/>\n<meta property=\"og:locale\" content=\"es_ES\" \/>\n<meta property=\"og:type\" content=\"article\" \/>\n<meta property=\"og:title\" content=\"Lib\u00e9lula Noire - Camiseta org\u00e1nica de comercio &amp;justo y \u00e9tico\" \/>\n<meta property=\"og:description\" content=\"Camiseta org\u00e1nica de comercio justo \u00e9tico &amp;\" \/>\n<meta property=\"og:url\" content=\"https:\/\/brokendiva.com\/es\/producto\/libelula-noire\/\" \/>\n<meta property=\"og:site_name\" content=\"Broken Diva\" \/>\n<meta property=\"article:modified_time\" content=\"2020-05-24T11:15:21+00:00\" \/>\n<meta property=\"og:image\" content=\"https:\/\/brokendiva.com\/wp-content\/uploads\/2020\/02\/libelula-noire-scaled.jpg\" \/>\n\t<meta property=\"og:image:width\" content=\"2062\" \/>\n\t<meta property=\"og:image:height\" content=\"2560\" \/>\n\t<meta property=\"og:image:type\" content=\"image\/jpeg\" \/>\n<meta name=\"twitter:card\" content=\"summary_large_image\" \/>\n<script type=\"application\/ld+json\" class=\"yoast-schema-graph\">{\"@context\":\"https:\/\/schema.org\",\"@graph\":[{\"@type\":\"WebPage\",\"@id\":\"https:\/\/brokendiva.com\/es\/producto\/libelula-noire\/\",\"url\":\"https:\/\/brokendiva.com\/es\/producto\/libelula-noire\/\",\"name\":\"Lib\u00e9lula Noire - Camiseta org\u00e1nica de comercio &justo y \u00e9tico\",\"isPartOf\":{\"@id\":\"https:\/\/brokendiva.com\/es\/#website\"},\"primaryImageOfPage\":{\"@id\":\"https:\/\/brokendiva.com\/es\/producto\/libelula-noire\/#primaryimage\"},\"image\":{\"@id\":\"https:\/\/brokendiva.com\/es\/producto\/libelula-noire\/#primaryimage\"},\"thumbnailUrl\":\"https:\/\/brokendiva.com\/wp-content\/uploads\/2020\/02\/libelula-noire-scaled.jpg\",\"datePublished\":\"2020-05-23T15:23:46+00:00\",\"dateModified\":\"2020-05-24T11:15:21+00:00\",\"description\":\"Camiseta org\u00e1nica de comercio justo \u00e9tico &\",\"breadcrumb\":{\"@id\":\"https:\/\/brokendiva.com\/es\/producto\/libelula-noire\/#breadcrumb\"},\"inLanguage\":\"es\",\"potentialAction\":[{\"@type\":\"ReadAction\",\"target\":[\"https:\/\/brokendiva.com\/es\/producto\/libelula-noire\/\"]}]},{\"@type\":\"ImageObject\",\"inLanguage\":\"es\",\"@id\":\"https:\/\/brokendiva.com\/es\/producto\/libelula-noire\/#primaryimage\",\"url\":\"https:\/\/brokendiva.com\/wp-content\/uploads\/2020\/02\/libelula-noire-scaled.jpg\",\"contentUrl\":\"https:\/\/brokendiva.com\/wp-content\/uploads\/2020\/02\/libelula-noire-scaled.jpg\",\"width\":2062,\"height\":2560},{\"@type\":\"BreadcrumbList\",\"@id\":\"https:\/\/brokendiva.com\/es\/producto\/libelula-noire\/#breadcrumb\",\"itemListElement\":[{\"@type\":\"ListItem\",\"position\":1,\"name\":\"Home\",\"item\":\"https:\/\/brokendiva.com\/es\/home\/\"},{\"@type\":\"ListItem\",\"position\":2,\"name\":\"Tienda\",\"item\":\"https:\/\/brokendiva.com\/es\/tienda\/\"},{\"@type\":\"ListItem\",\"position\":3,\"name\":\"Lib\u00e9lula noire\"}]},{\"@type\":\"WebSite\",\"@id\":\"https:\/\/brokendiva.com\/es\/#website\",\"url\":\"https:\/\/brokendiva.com\/es\/\",\"name\":\"Broken Diva\",\"description\":\"Just another WordPress site\",\"potentialAction\":[{\"@type\":\"SearchAction\",\"target\":{\"@type\":\"EntryPoint\",\"urlTemplate\":\"https:\/\/brokendiva.com\/es\/?s={search_term_string}\"},\"query-input\":{\"@type\":\"PropertyValueSpecification\",\"valueRequired\":true,\"valueName\":\"search_term_string\"}}],\"inLanguage\":\"es\"}]}<\/script>\n<!-- \/ Yoast SEO plugin. -->","yoast_head_json":{"title":"Lib\u00e9lula Noire - Camiseta org\u00e1nica de comercio &justo y \u00e9tico","description":"Camiseta org\u00e1nica de comercio justo \u00e9tico &","robots":{"index":"index","follow":"follow","max-snippet":"max-snippet:-1","max-image-preview":"max-image-preview:large","max-video-preview":"max-video-preview:-1"},"canonical":"https:\/\/brokendiva.com\/es\/producto\/libelula-noire\/","og_locale":"es_ES","og_type":"article","og_title":"Lib\u00e9lula Noire - Camiseta org\u00e1nica de comercio &justo y \u00e9tico","og_description":"Camiseta org\u00e1nica de comercio justo \u00e9tico &","og_url":"https:\/\/brokendiva.com\/es\/producto\/libelula-noire\/","og_site_name":"Broken Diva","article_modified_time":"2020-05-24T11:15:21+00:00","og_image":[{"width":2062,"height":2560,"url":"https:\/\/brokendiva.com\/wp-content\/uploads\/2020\/02\/libelula-noire-scaled.jpg","type":"image\/jpeg"}],"twitter_card":"summary_large_image","schema":{"@context":"https:\/\/schema.org","@graph":[{"@type":"WebPage","@id":"https:\/\/brokendiva.com\/es\/producto\/libelula-noire\/","url":"https:\/\/brokendiva.com\/es\/producto\/libelula-noire\/","name":"Lib\u00e9lula Noire - Camiseta org\u00e1nica de comercio &justo y \u00e9tico","isPartOf":{"@id":"https:\/\/brokendiva.com\/es\/#website"},"primaryImageOfPage":{"@id":"https:\/\/brokendiva.com\/es\/producto\/libelula-noire\/#primaryimage"},"image":{"@id":"https:\/\/brokendiva.com\/es\/producto\/libelula-noire\/#primaryimage"},"thumbnailUrl":"https:\/\/brokendiva.com\/wp-content\/uploads\/2020\/02\/libelula-noire-scaled.jpg","datePublished":"2020-05-23T15:23:46+00:00","dateModified":"2020-05-24T11:15:21+00:00","description":"Camiseta org\u00e1nica de comercio justo \u00e9tico &","breadcrumb":{"@id":"https:\/\/brokendiva.com\/es\/producto\/libelula-noire\/#breadcrumb"},"inLanguage":"es","potentialAction":[{"@type":"ReadAction","target":["https:\/\/brokendiva.com\/es\/producto\/libelula-noire\/"]}]},{"@type":"ImageObject","inLanguage":"es","@id":"https:\/\/brokendiva.com\/es\/producto\/libelula-noire\/#primaryimage","url":"https:\/\/brokendiva.com\/wp-content\/uploads\/2020\/02\/libelula-noire-scaled.jpg","contentUrl":"https:\/\/brokendiva.com\/wp-content\/uploads\/2020\/02\/libelula-noire-scaled.jpg","width":2062,"height":2560},{"@type":"BreadcrumbList","@id":"https:\/\/brokendiva.com\/es\/producto\/libelula-noire\/#breadcrumb","itemListElement":[{"@type":"ListItem","position":1,"name":"Home","item":"https:\/\/brokendiva.com\/es\/home\/"},{"@type":"ListItem","position":2,"name":"Tienda","item":"https:\/\/brokendiva.com\/es\/tienda\/"},{"@type":"ListItem","position":3,"name":"Lib\u00e9lula noire"}]},{"@type":"WebSite","@id":"https:\/\/brokendiva.com\/es\/#website","url":"https:\/\/brokendiva.com\/es\/","name":"Broken Diva","description":"Just another WordPress site","potentialAction":[{"@type":"SearchAction","target":{"@type":"EntryPoint","urlTemplate":"https:\/\/brokendiva.com\/es\/?s={search_term_string}"},"query-input":{"@type":"PropertyValueSpecification","valueRequired":true,"valueName":"search_term_string"}}],"inLanguage":"es"}]}},"_links":{"self":[{"href":"https:\/\/brokendiva.com\/es\/wp-json\/wp\/v2\/product\/1375","targetHints":{"allow":["GET"]}}],"collection":[{"href":"https:\/\/brokendiva.com\/es\/wp-json\/wp\/v2\/product"}],"about":[{"href":"https:\/\/brokendiva.com\/es\/wp-json\/wp\/v2\/types\/product"}],"wp:featuredmedia":[{"embeddable":true,"href":"https:\/\/brokendiva.com\/es\/wp-json\/wp\/v2\/media\/944"}],"wp:attachment":[{"href":"https:\/\/brokendiva.com\/es\/wp-json\/wp\/v2\/media?parent=1375"}],"wp:term":[{"taxonomy":"product_brand","embeddable":true,"href":"https:\/\/brokendiva.com\/es\/wp-json\/wp\/v2\/product_brand?post=1375"},{"taxonomy":"product_cat","embeddable":true,"href":"https:\/\/brokendiva.com\/es\/wp-json\/wp\/v2\/product_cat?post=1375"},{"taxonomy":"product_tag","embeddable":true,"href":"https:\/\/brokendiva.com\/es\/wp-json\/wp\/v2\/product_tag?post=1375"}],"curies":[{"name":"wp","href":"https:\/\/api.w.org\/{rel}","templated":true}]}}