{"id":1392,"date":"2020-05-09T12:20:35","date_gmt":"2020-05-23T15:23:50","guid":{"rendered":"https:\/\/brokendiva.com\/product\/oro\/"},"modified":"2020-07-13T21:59:46","modified_gmt":"2020-07-13T21:59:46","slug":"oro","status":"publish","type":"product","link":"https:\/\/brokendiva.com\/es\/producto\/oro\/","title":{"rendered":"Oro"},"content":{"rendered":"","protected":false},"excerpt":{"rendered":"[av_dropcap2 color=\"default\" custom_bg=\"#444444\"]Ltda[\/av_dropcap2]\n<p><strong>Edici\u00f3n Limitada de Oro<\/strong><br \/>\n<br class=\"avia-permanent-lb\" \/>Un dise\u00f1o b\u00e1sico con un brillo de oro que brilla como una estrella. <br class=\"avia-permanent-lb\" \/>Como lucir bien y sentirse comodo actuando para tener un impacto limitado en el cambio clim\u00e1tico, con esta camisa de algod\u00f3n org\u00e1nico 100%.<br \/>\n<br class=\"avia-permanent-lb\" \/>Para un encuentro casual con tus amigos, o para bailar bajo la luna, \u00a1descubra nuestra edici\u00f3n Gold y deja que este tee se convierta en tu est\u00e1ndar dorado!<br \/>\n<br class=\"avia-permanent-lb\" \/>CAMISA DE MANGA LARGA DE HOMBRO DE MUJERES HOMBRE CA\u00cdDA<br \/>\nHombro ca\u00eddo<br \/>\nTejido propio en el cuello<br \/>\nCinta de cuello interior en el tejido propio<br \/>\nDobladillo de la manga y dobladillo inferior con doble pespunte estrecho<br \/>\nDobladillo inferior ligeramente curvado<br \/>\nJERSEY \u00daNICO 100% ALGOD\u00d3N COMBINADO ORG\u00c1NICO DE ANILLOS 130 G\/M\u00b2<\/p>\n","protected":false},"featured_media":2216,"template":"","meta":[],"product_brand":[],"product_cat":[64,61],"product_tag":[],"class_list":{"0":"post-1392","1":"product","2":"type-product","3":"status-publish","4":"has-post-thumbnail","6":"product_cat-edicion-limitada","7":"product_cat-mujeres","9":"first","10":"instock","11":"taxable","12":"shipping-taxable","13":"purchasable","14":"product-type-variable"},"yoast_head":"<!-- This site is optimized with the Yoast SEO plugin v27.2 - https:\/\/yoast.com\/product\/yoast-seo-wordpress\/ -->\n<title>Camiseta dorada - Tienda online de camiseta de manga larga org\u00e1nica<\/title>\n<meta name=\"description\" content=\"Luce bien y si\u00e9ntete bien haciendo tu parte para reducir el impacto de la moda en el cambio clim\u00e1tico con esta camisa de algod\u00f3n org\u00e1nico 100%.\" \/>\n<meta name=\"robots\" content=\"index, follow, max-snippet:-1, max-image-preview:large, max-video-preview:-1\" \/>\n<link rel=\"canonical\" href=\"https:\/\/brokendiva.com\/es\/producto\/oro\/\" \/>\n<meta property=\"og:locale\" content=\"es_ES\" \/>\n<meta property=\"og:type\" content=\"article\" \/>\n<meta property=\"og:title\" content=\"Camiseta dorada - Tienda online de camiseta de manga larga org\u00e1nica\" \/>\n<meta property=\"og:description\" content=\"Luce bien y si\u00e9ntete bien haciendo tu parte para reducir el impacto de la moda en el cambio clim\u00e1tico con esta camisa de algod\u00f3n org\u00e1nico 100%.\" \/>\n<meta property=\"og:url\" content=\"https:\/\/brokendiva.com\/es\/producto\/oro\/\" \/>\n<meta property=\"og:site_name\" content=\"Broken Diva\" \/>\n<meta property=\"article:modified_time\" content=\"2020-07-13T21:59:46+00:00\" \/>\n<meta property=\"og:image\" content=\"https:\/\/brokendiva.com\/wp-content\/uploads\/2020\/05\/foto-24-scaled.jpg\" \/>\n\t<meta property=\"og:image:width\" content=\"2560\" \/>\n\t<meta property=\"og:image:height\" content=\"1440\" \/>\n\t<meta property=\"og:image:type\" content=\"image\/jpeg\" \/>\n<meta name=\"twitter:card\" content=\"summary_large_image\" \/>\n<script type=\"application\/ld+json\" class=\"yoast-schema-graph\">{\"@context\":\"https:\/\/schema.org\",\"@graph\":[{\"@type\":\"WebPage\",\"@id\":\"https:\/\/brokendiva.com\/es\/producto\/oro\/\",\"url\":\"https:\/\/brokendiva.com\/es\/producto\/oro\/\",\"name\":\"Camiseta dorada - Tienda online de camiseta de manga larga org\u00e1nica\",\"isPartOf\":{\"@id\":\"https:\/\/brokendiva.com\/es\/#website\"},\"primaryImageOfPage\":{\"@id\":\"https:\/\/brokendiva.com\/es\/producto\/oro\/#primaryimage\"},\"image\":{\"@id\":\"https:\/\/brokendiva.com\/es\/producto\/oro\/#primaryimage\"},\"thumbnailUrl\":\"https:\/\/brokendiva.com\/wp-content\/uploads\/2020\/05\/foto-24-scaled.jpg\",\"datePublished\":\"2020-05-23T15:23:50+00:00\",\"dateModified\":\"2020-07-13T21:59:46+00:00\",\"description\":\"Luce bien y si\u00e9ntete bien haciendo tu parte para reducir el impacto de la moda en el cambio clim\u00e1tico con esta camisa de algod\u00f3n org\u00e1nico 100%.\",\"breadcrumb\":{\"@id\":\"https:\/\/brokendiva.com\/es\/producto\/oro\/#breadcrumb\"},\"inLanguage\":\"es\",\"potentialAction\":[{\"@type\":\"ReadAction\",\"target\":[\"https:\/\/brokendiva.com\/es\/producto\/oro\/\"]}]},{\"@type\":\"ImageObject\",\"inLanguage\":\"es\",\"@id\":\"https:\/\/brokendiva.com\/es\/producto\/oro\/#primaryimage\",\"url\":\"https:\/\/brokendiva.com\/wp-content\/uploads\/2020\/05\/foto-24-scaled.jpg\",\"contentUrl\":\"https:\/\/brokendiva.com\/wp-content\/uploads\/2020\/05\/foto-24-scaled.jpg\",\"width\":2560,\"height\":1440},{\"@type\":\"BreadcrumbList\",\"@id\":\"https:\/\/brokendiva.com\/es\/producto\/oro\/#breadcrumb\",\"itemListElement\":[{\"@type\":\"ListItem\",\"position\":1,\"name\":\"Home\",\"item\":\"https:\/\/brokendiva.com\/es\/home\/\"},{\"@type\":\"ListItem\",\"position\":2,\"name\":\"Tienda\",\"item\":\"https:\/\/brokendiva.com\/es\/tienda\/\"},{\"@type\":\"ListItem\",\"position\":3,\"name\":\"Oro\"}]},{\"@type\":\"WebSite\",\"@id\":\"https:\/\/brokendiva.com\/es\/#website\",\"url\":\"https:\/\/brokendiva.com\/es\/\",\"name\":\"Broken Diva\",\"description\":\"Just another WordPress site\",\"potentialAction\":[{\"@type\":\"SearchAction\",\"target\":{\"@type\":\"EntryPoint\",\"urlTemplate\":\"https:\/\/brokendiva.com\/es\/?s={search_term_string}\"},\"query-input\":{\"@type\":\"PropertyValueSpecification\",\"valueRequired\":true,\"valueName\":\"search_term_string\"}}],\"inLanguage\":\"es\"}]}<\/script>\n<!-- \/ Yoast SEO plugin. -->","yoast_head_json":{"title":"Camiseta dorada - Tienda online de camiseta de manga larga org\u00e1nica","description":"Luce bien y si\u00e9ntete bien haciendo tu parte para reducir el impacto de la moda en el cambio clim\u00e1tico con esta camisa de algod\u00f3n org\u00e1nico 100%.","robots":{"index":"index","follow":"follow","max-snippet":"max-snippet:-1","max-image-preview":"max-image-preview:large","max-video-preview":"max-video-preview:-1"},"canonical":"https:\/\/brokendiva.com\/es\/producto\/oro\/","og_locale":"es_ES","og_type":"article","og_title":"Camiseta dorada - Tienda online de camiseta de manga larga org\u00e1nica","og_description":"Luce bien y si\u00e9ntete bien haciendo tu parte para reducir el impacto de la moda en el cambio clim\u00e1tico con esta camisa de algod\u00f3n org\u00e1nico 100%.","og_url":"https:\/\/brokendiva.com\/es\/producto\/oro\/","og_site_name":"Broken Diva","article_modified_time":"2020-07-13T21:59:46+00:00","og_image":[{"width":2560,"height":1440,"url":"https:\/\/brokendiva.com\/wp-content\/uploads\/2020\/05\/foto-24-scaled.jpg","type":"image\/jpeg"}],"twitter_card":"summary_large_image","schema":{"@context":"https:\/\/schema.org","@graph":[{"@type":"WebPage","@id":"https:\/\/brokendiva.com\/es\/producto\/oro\/","url":"https:\/\/brokendiva.com\/es\/producto\/oro\/","name":"Camiseta dorada - Tienda online de camiseta de manga larga org\u00e1nica","isPartOf":{"@id":"https:\/\/brokendiva.com\/es\/#website"},"primaryImageOfPage":{"@id":"https:\/\/brokendiva.com\/es\/producto\/oro\/#primaryimage"},"image":{"@id":"https:\/\/brokendiva.com\/es\/producto\/oro\/#primaryimage"},"thumbnailUrl":"https:\/\/brokendiva.com\/wp-content\/uploads\/2020\/05\/foto-24-scaled.jpg","datePublished":"2020-05-23T15:23:50+00:00","dateModified":"2020-07-13T21:59:46+00:00","description":"Luce bien y si\u00e9ntete bien haciendo tu parte para reducir el impacto de la moda en el cambio clim\u00e1tico con esta camisa de algod\u00f3n org\u00e1nico 100%.","breadcrumb":{"@id":"https:\/\/brokendiva.com\/es\/producto\/oro\/#breadcrumb"},"inLanguage":"es","potentialAction":[{"@type":"ReadAction","target":["https:\/\/brokendiva.com\/es\/producto\/oro\/"]}]},{"@type":"ImageObject","inLanguage":"es","@id":"https:\/\/brokendiva.com\/es\/producto\/oro\/#primaryimage","url":"https:\/\/brokendiva.com\/wp-content\/uploads\/2020\/05\/foto-24-scaled.jpg","contentUrl":"https:\/\/brokendiva.com\/wp-content\/uploads\/2020\/05\/foto-24-scaled.jpg","width":2560,"height":1440},{"@type":"BreadcrumbList","@id":"https:\/\/brokendiva.com\/es\/producto\/oro\/#breadcrumb","itemListElement":[{"@type":"ListItem","position":1,"name":"Home","item":"https:\/\/brokendiva.com\/es\/home\/"},{"@type":"ListItem","position":2,"name":"Tienda","item":"https:\/\/brokendiva.com\/es\/tienda\/"},{"@type":"ListItem","position":3,"name":"Oro"}]},{"@type":"WebSite","@id":"https:\/\/brokendiva.com\/es\/#website","url":"https:\/\/brokendiva.com\/es\/","name":"Broken Diva","description":"Just another WordPress site","potentialAction":[{"@type":"SearchAction","target":{"@type":"EntryPoint","urlTemplate":"https:\/\/brokendiva.com\/es\/?s={search_term_string}"},"query-input":{"@type":"PropertyValueSpecification","valueRequired":true,"valueName":"search_term_string"}}],"inLanguage":"es"}]}},"_links":{"self":[{"href":"https:\/\/brokendiva.com\/es\/wp-json\/wp\/v2\/product\/1392","targetHints":{"allow":["GET"]}}],"collection":[{"href":"https:\/\/brokendiva.com\/es\/wp-json\/wp\/v2\/product"}],"about":[{"href":"https:\/\/brokendiva.com\/es\/wp-json\/wp\/v2\/types\/product"}],"wp:featuredmedia":[{"embeddable":true,"href":"https:\/\/brokendiva.com\/es\/wp-json\/wp\/v2\/media\/2216"}],"wp:attachment":[{"href":"https:\/\/brokendiva.com\/es\/wp-json\/wp\/v2\/media?parent=1392"}],"wp:term":[{"taxonomy":"product_brand","embeddable":true,"href":"https:\/\/brokendiva.com\/es\/wp-json\/wp\/v2\/product_brand?post=1392"},{"taxonomy":"product_cat","embeddable":true,"href":"https:\/\/brokendiva.com\/es\/wp-json\/wp\/v2\/product_cat?post=1392"},{"taxonomy":"product_tag","embeddable":true,"href":"https:\/\/brokendiva.com\/es\/wp-json\/wp\/v2\/product_tag?post=1392"}],"curies":[{"name":"wp","href":"https:\/\/api.w.org\/{rel}","templated":true}]}}