{"id":1409,"date":"2020-05-09T12:20:35","date_gmt":"2020-05-23T15:23:51","guid":{"rendered":"https:\/\/brokendiva.com\/product\/plata\/"},"modified":"2020-05-24T11:13:01","modified_gmt":"2020-05-24T11:13:01","slug":"plata","status":"publish","type":"product","link":"https:\/\/brokendiva.com\/es\/producto\/plata\/","title":{"rendered":"Plata"},"content":{"rendered":"","protected":false},"excerpt":{"rendered":"[av_dropcap2 color=\"default\" custom_bg=\"#444444\"]Ltd[\/av_dropcap2]\n<p><strong>Edici\u00f3n Limitada de Plata<\/strong> <br class=\"avia-permanent-lb\" \/> Un b\u00e1sico con un esp\u00edritu de plata, que brilla como una estrella. Una camiseta org\u00e1nica que se ajusta muy bien bajo una chaqueta afilada y combina perfectamente con tus vaqueros favoritos.<br class=\"avia-permanent-lb\" \/> En cuanto a los tejidos, esta camiseta de edici\u00f3n limitada est\u00e1 hecha de fibras naturales como el algod\u00f3n org\u00e1nico. Un corte simple pero favorecedor, en un algod\u00f3n suave y duradero con el cuello redondo perfecto. Luce bien y si\u00e9ntete bien haciendo tu parte para reducir el impacto de la moda en el cambio clim\u00e1tico con esta camiseta de algod\u00f3n org\u00e1nico 100%. CAMISETA DE MANGA LARGA DE HOMBRO CA\u00cdDO Hombro ca\u00eddo Tejido propio en el cuello Cinta de cuello interior en el tejido propio Dobladillo de la manga y dobladillo inferior con doble pespunte estrecho Dobladillo inferior ligeramente curvado JERSEY \u00daNICO 100% ALGOD\u00d3N COMBINADO ORG\u00c1NICO DE ANILLOS 130 G\/M\u00b2<\/p>\n","protected":false},"featured_media":977,"template":"","meta":[],"product_brand":[],"product_cat":[64,61],"product_tag":[],"class_list":{"0":"post-1409","1":"product","2":"type-product","3":"status-publish","4":"has-post-thumbnail","6":"product_cat-edicion-limitada","7":"product_cat-mujeres","9":"first","10":"instock","11":"taxable","12":"shipping-taxable","13":"product-type-variable","14":"has-default-attributes"},"yoast_head":"<!-- This site is optimized with the Yoast SEO plugin v27.2 - https:\/\/yoast.com\/product\/yoast-seo-wordpress\/ -->\n<title>Camiseta de plata - Mejor camiseta de algod\u00f3n org\u00e1nico en l\u00ednea<\/title>\n<meta name=\"description\" content=\"Un corte simple pero favorecedor, en un algod\u00f3n suave y duradero con el cuello redondo perfecto. Verse bien y sentirse bien\" \/>\n<meta name=\"robots\" content=\"index, follow, max-snippet:-1, max-image-preview:large, max-video-preview:-1\" \/>\n<link rel=\"canonical\" href=\"https:\/\/brokendiva.com\/es\/producto\/plata\/\" \/>\n<meta property=\"og:locale\" content=\"es_ES\" \/>\n<meta property=\"og:type\" content=\"article\" \/>\n<meta property=\"og:title\" content=\"Camiseta de plata - Mejor camiseta de algod\u00f3n org\u00e1nico en l\u00ednea\" \/>\n<meta property=\"og:description\" content=\"Un corte simple pero favorecedor, en un algod\u00f3n suave y duradero con el cuello redondo perfecto. Verse bien y sentirse bien\" \/>\n<meta property=\"og:url\" content=\"https:\/\/brokendiva.com\/es\/producto\/plata\/\" \/>\n<meta property=\"og:site_name\" content=\"Broken Diva\" \/>\n<meta property=\"article:modified_time\" content=\"2020-05-24T11:13:01+00:00\" \/>\n<meta property=\"og:image\" content=\"https:\/\/brokendiva.com\/wp-content\/uploads\/2020\/02\/diva-silver-negro-1030x983.jpg\" \/>\n\t<meta property=\"og:image:width\" content=\"1030\" \/>\n\t<meta property=\"og:image:height\" content=\"983\" \/>\n\t<meta property=\"og:image:type\" content=\"image\/jpeg\" \/>\n<meta name=\"twitter:card\" content=\"summary_large_image\" \/>\n<script type=\"application\/ld+json\" class=\"yoast-schema-graph\">{\"@context\":\"https:\/\/schema.org\",\"@graph\":[{\"@type\":\"WebPage\",\"@id\":\"https:\/\/brokendiva.com\/es\/producto\/plata\/\",\"url\":\"https:\/\/brokendiva.com\/es\/producto\/plata\/\",\"name\":\"Camiseta de plata - Mejor camiseta de algod\u00f3n org\u00e1nico en l\u00ednea\",\"isPartOf\":{\"@id\":\"https:\/\/brokendiva.com\/es\/#website\"},\"primaryImageOfPage\":{\"@id\":\"https:\/\/brokendiva.com\/es\/producto\/plata\/#primaryimage\"},\"image\":{\"@id\":\"https:\/\/brokendiva.com\/es\/producto\/plata\/#primaryimage\"},\"thumbnailUrl\":\"https:\/\/brokendiva.com\/wp-content\/uploads\/2020\/02\/diva-silver-negro-scaled.jpg\",\"datePublished\":\"2020-05-23T15:23:51+00:00\",\"dateModified\":\"2020-05-24T11:13:01+00:00\",\"description\":\"Un corte simple pero favorecedor, en un algod\u00f3n suave y duradero con el cuello redondo perfecto. Verse bien y sentirse bien\",\"breadcrumb\":{\"@id\":\"https:\/\/brokendiva.com\/es\/producto\/plata\/#breadcrumb\"},\"inLanguage\":\"es\",\"potentialAction\":[{\"@type\":\"ReadAction\",\"target\":[\"https:\/\/brokendiva.com\/es\/producto\/plata\/\"]}]},{\"@type\":\"ImageObject\",\"inLanguage\":\"es\",\"@id\":\"https:\/\/brokendiva.com\/es\/producto\/plata\/#primaryimage\",\"url\":\"https:\/\/brokendiva.com\/wp-content\/uploads\/2020\/02\/diva-silver-negro-scaled.jpg\",\"contentUrl\":\"https:\/\/brokendiva.com\/wp-content\/uploads\/2020\/02\/diva-silver-negro-scaled.jpg\",\"width\":2560,\"height\":2444},{\"@type\":\"BreadcrumbList\",\"@id\":\"https:\/\/brokendiva.com\/es\/producto\/plata\/#breadcrumb\",\"itemListElement\":[{\"@type\":\"ListItem\",\"position\":1,\"name\":\"Home\",\"item\":\"https:\/\/brokendiva.com\/es\/home\/\"},{\"@type\":\"ListItem\",\"position\":2,\"name\":\"Tienda\",\"item\":\"https:\/\/brokendiva.com\/es\/tienda\/\"},{\"@type\":\"ListItem\",\"position\":3,\"name\":\"Plata\"}]},{\"@type\":\"WebSite\",\"@id\":\"https:\/\/brokendiva.com\/es\/#website\",\"url\":\"https:\/\/brokendiva.com\/es\/\",\"name\":\"Broken Diva\",\"description\":\"Just another WordPress site\",\"potentialAction\":[{\"@type\":\"SearchAction\",\"target\":{\"@type\":\"EntryPoint\",\"urlTemplate\":\"https:\/\/brokendiva.com\/es\/?s={search_term_string}\"},\"query-input\":{\"@type\":\"PropertyValueSpecification\",\"valueRequired\":true,\"valueName\":\"search_term_string\"}}],\"inLanguage\":\"es\"}]}<\/script>\n<!-- \/ Yoast SEO plugin. -->","yoast_head_json":{"title":"Camiseta de plata - Mejor camiseta de algod\u00f3n org\u00e1nico en l\u00ednea","description":"Un corte simple pero favorecedor, en un algod\u00f3n suave y duradero con el cuello redondo perfecto. Verse bien y sentirse bien","robots":{"index":"index","follow":"follow","max-snippet":"max-snippet:-1","max-image-preview":"max-image-preview:large","max-video-preview":"max-video-preview:-1"},"canonical":"https:\/\/brokendiva.com\/es\/producto\/plata\/","og_locale":"es_ES","og_type":"article","og_title":"Camiseta de plata - Mejor camiseta de algod\u00f3n org\u00e1nico en l\u00ednea","og_description":"Un corte simple pero favorecedor, en un algod\u00f3n suave y duradero con el cuello redondo perfecto. Verse bien y sentirse bien","og_url":"https:\/\/brokendiva.com\/es\/producto\/plata\/","og_site_name":"Broken Diva","article_modified_time":"2020-05-24T11:13:01+00:00","og_image":[{"width":1030,"height":983,"url":"https:\/\/brokendiva.com\/wp-content\/uploads\/2020\/02\/diva-silver-negro-1030x983.jpg","type":"image\/jpeg"}],"twitter_card":"summary_large_image","schema":{"@context":"https:\/\/schema.org","@graph":[{"@type":"WebPage","@id":"https:\/\/brokendiva.com\/es\/producto\/plata\/","url":"https:\/\/brokendiva.com\/es\/producto\/plata\/","name":"Camiseta de plata - Mejor camiseta de algod\u00f3n org\u00e1nico en l\u00ednea","isPartOf":{"@id":"https:\/\/brokendiva.com\/es\/#website"},"primaryImageOfPage":{"@id":"https:\/\/brokendiva.com\/es\/producto\/plata\/#primaryimage"},"image":{"@id":"https:\/\/brokendiva.com\/es\/producto\/plata\/#primaryimage"},"thumbnailUrl":"https:\/\/brokendiva.com\/wp-content\/uploads\/2020\/02\/diva-silver-negro-scaled.jpg","datePublished":"2020-05-23T15:23:51+00:00","dateModified":"2020-05-24T11:13:01+00:00","description":"Un corte simple pero favorecedor, en un algod\u00f3n suave y duradero con el cuello redondo perfecto. Verse bien y sentirse bien","breadcrumb":{"@id":"https:\/\/brokendiva.com\/es\/producto\/plata\/#breadcrumb"},"inLanguage":"es","potentialAction":[{"@type":"ReadAction","target":["https:\/\/brokendiva.com\/es\/producto\/plata\/"]}]},{"@type":"ImageObject","inLanguage":"es","@id":"https:\/\/brokendiva.com\/es\/producto\/plata\/#primaryimage","url":"https:\/\/brokendiva.com\/wp-content\/uploads\/2020\/02\/diva-silver-negro-scaled.jpg","contentUrl":"https:\/\/brokendiva.com\/wp-content\/uploads\/2020\/02\/diva-silver-negro-scaled.jpg","width":2560,"height":2444},{"@type":"BreadcrumbList","@id":"https:\/\/brokendiva.com\/es\/producto\/plata\/#breadcrumb","itemListElement":[{"@type":"ListItem","position":1,"name":"Home","item":"https:\/\/brokendiva.com\/es\/home\/"},{"@type":"ListItem","position":2,"name":"Tienda","item":"https:\/\/brokendiva.com\/es\/tienda\/"},{"@type":"ListItem","position":3,"name":"Plata"}]},{"@type":"WebSite","@id":"https:\/\/brokendiva.com\/es\/#website","url":"https:\/\/brokendiva.com\/es\/","name":"Broken Diva","description":"Just another WordPress site","potentialAction":[{"@type":"SearchAction","target":{"@type":"EntryPoint","urlTemplate":"https:\/\/brokendiva.com\/es\/?s={search_term_string}"},"query-input":{"@type":"PropertyValueSpecification","valueRequired":true,"valueName":"search_term_string"}}],"inLanguage":"es"}]}},"_links":{"self":[{"href":"https:\/\/brokendiva.com\/es\/wp-json\/wp\/v2\/product\/1409","targetHints":{"allow":["GET"]}}],"collection":[{"href":"https:\/\/brokendiva.com\/es\/wp-json\/wp\/v2\/product"}],"about":[{"href":"https:\/\/brokendiva.com\/es\/wp-json\/wp\/v2\/types\/product"}],"wp:featuredmedia":[{"embeddable":true,"href":"https:\/\/brokendiva.com\/es\/wp-json\/wp\/v2\/media\/977"}],"wp:attachment":[{"href":"https:\/\/brokendiva.com\/es\/wp-json\/wp\/v2\/media?parent=1409"}],"wp:term":[{"taxonomy":"product_brand","embeddable":true,"href":"https:\/\/brokendiva.com\/es\/wp-json\/wp\/v2\/product_brand?post=1409"},{"taxonomy":"product_cat","embeddable":true,"href":"https:\/\/brokendiva.com\/es\/wp-json\/wp\/v2\/product_cat?post=1409"},{"taxonomy":"product_tag","embeddable":true,"href":"https:\/\/brokendiva.com\/es\/wp-json\/wp\/v2\/product_tag?post=1409"}],"curies":[{"name":"wp","href":"https:\/\/api.w.org\/{rel}","templated":true}]}}