{"id":1421,"date":"2020-05-09T12:20:36","date_gmt":"2020-05-09T12:20:36","guid":{"rendered":"https:\/\/brokendiva.com\/product\/ciclamenca\/"},"modified":"2020-05-24T11:44:20","modified_gmt":"2020-05-24T11:44:20","slug":"ciclamenca","status":"publish","type":"product","link":"https:\/\/brokendiva.com\/es\/producto\/ciclamenca\/","title":{"rendered":"Cyclamen"},"content":{"rendered":"","protected":false},"excerpt":{"rendered":"<p>Cyclamen. El amor est\u00e1 en el aire. <br class=\"avia-permanent-lb\" \/>Esta camiseta 100% de algod\u00f3n de Broken Diva tiene la talla perfecta, y es realmente suave. Se lava muy bien, por lo que se puede disfrutar durante muchos a\u00f1os. Los valores de conciencia ecol\u00f3gica y el estilo de vida sostenible son los valores centrales de Broken Diva, y la camiseta Cyclamen, adem\u00e1s de aportar estilo a su guardarropa, fue creada para concienciar sobre cuestiones medioambientales. Cuello redondo de la mujer Camiseta de borde crudo Gorra manga dolman Dobladillo de la manga enrollado con barbas Cuello de borde crudo con una sola puntada superior Dobladillo inferior con doble puntada superior estrecha Hendidura en las costuras laterales SLUB SINGLE JERSEY 100% ALGOD\u00d3N ORG\u00c1NICO DE PUNTO ANILLO 120 G\/M\u00b2<\/p>\n","protected":false},"featured_media":3966,"template":"","meta":[],"product_brand":[],"product_cat":[61],"product_tag":[],"class_list":{"0":"post-1421","1":"product","2":"type-product","3":"status-publish","4":"has-post-thumbnail","6":"product_cat-mujeres","8":"first","9":"instock","10":"taxable","11":"shipping-taxable","12":"purchasable","13":"product-type-variable"},"yoast_head":"<!-- This site is optimized with the Yoast SEO plugin v27.2 - https:\/\/yoast.com\/product\/yoast-seo-wordpress\/ -->\n<title>Camiseta de cuello redondo Cyclamen - org\u00e1nico - compra online<\/title>\n<meta name=\"description\" content=\"Este 100 por ciento de algod\u00f3n de Broken Diva tiene el tama\u00f1o perfecto\" \/>\n<meta name=\"robots\" content=\"index, follow, max-snippet:-1, max-image-preview:large, max-video-preview:-1\" \/>\n<link rel=\"canonical\" href=\"https:\/\/brokendiva.com\/es\/producto\/ciclamenca\/\" \/>\n<meta property=\"og:locale\" content=\"es_ES\" \/>\n<meta property=\"og:type\" content=\"article\" \/>\n<meta property=\"og:title\" content=\"Camiseta de cuello redondo Cyclamen - org\u00e1nico - compra online\" \/>\n<meta property=\"og:description\" content=\"Este 100 por ciento de algod\u00f3n de Broken Diva tiene el tama\u00f1o perfecto\" \/>\n<meta property=\"og:url\" content=\"https:\/\/brokendiva.com\/es\/producto\/ciclamenca\/\" \/>\n<meta property=\"og:site_name\" content=\"Broken Diva\" \/>\n<meta property=\"article:modified_time\" content=\"2020-05-24T11:44:20+00:00\" \/>\n<meta name=\"twitter:card\" content=\"summary_large_image\" \/>\n<script type=\"application\/ld+json\" class=\"yoast-schema-graph\">{\"@context\":\"https:\/\/schema.org\",\"@graph\":[{\"@type\":\"WebPage\",\"@id\":\"https:\/\/brokendiva.com\/es\/producto\/ciclamenca\/\",\"url\":\"https:\/\/brokendiva.com\/es\/producto\/ciclamenca\/\",\"name\":\"Camiseta de cuello redondo Cyclamen - org\u00e1nico - compra online\",\"isPartOf\":{\"@id\":\"https:\/\/brokendiva.com\/es\/#website\"},\"primaryImageOfPage\":{\"@id\":\"https:\/\/brokendiva.com\/es\/producto\/ciclamenca\/#primaryimage\"},\"image\":{\"@id\":\"https:\/\/brokendiva.com\/es\/producto\/ciclamenca\/#primaryimage\"},\"thumbnailUrl\":\"https:\/\/brokendiva.com\/wp-content\/uploads\/2020\/05\/broken-diva-in-the-forest.jpeg\",\"datePublished\":\"2020-05-09T12:20:36+00:00\",\"dateModified\":\"2020-05-24T11:44:20+00:00\",\"description\":\"Este 100 por ciento de algod\u00f3n de Broken Diva tiene el tama\u00f1o perfecto\",\"breadcrumb\":{\"@id\":\"https:\/\/brokendiva.com\/es\/producto\/ciclamenca\/#breadcrumb\"},\"inLanguage\":\"es\",\"potentialAction\":[{\"@type\":\"ReadAction\",\"target\":[\"https:\/\/brokendiva.com\/es\/producto\/ciclamenca\/\"]}]},{\"@type\":\"ImageObject\",\"inLanguage\":\"es\",\"@id\":\"https:\/\/brokendiva.com\/es\/producto\/ciclamenca\/#primaryimage\",\"url\":\"https:\/\/brokendiva.com\/wp-content\/uploads\/2020\/05\/broken-diva-in-the-forest.jpeg\",\"contentUrl\":\"https:\/\/brokendiva.com\/wp-content\/uploads\/2020\/05\/broken-diva-in-the-forest.jpeg\",\"width\":1024,\"height\":1024},{\"@type\":\"BreadcrumbList\",\"@id\":\"https:\/\/brokendiva.com\/es\/producto\/ciclamenca\/#breadcrumb\",\"itemListElement\":[{\"@type\":\"ListItem\",\"position\":1,\"name\":\"Home\",\"item\":\"https:\/\/brokendiva.com\/es\/home\/\"},{\"@type\":\"ListItem\",\"position\":2,\"name\":\"Tienda\",\"item\":\"https:\/\/brokendiva.com\/es\/tienda\/\"},{\"@type\":\"ListItem\",\"position\":3,\"name\":\"Cyclamen\"}]},{\"@type\":\"WebSite\",\"@id\":\"https:\/\/brokendiva.com\/es\/#website\",\"url\":\"https:\/\/brokendiva.com\/es\/\",\"name\":\"Broken Diva\",\"description\":\"Just another WordPress site\",\"potentialAction\":[{\"@type\":\"SearchAction\",\"target\":{\"@type\":\"EntryPoint\",\"urlTemplate\":\"https:\/\/brokendiva.com\/es\/?s={search_term_string}\"},\"query-input\":{\"@type\":\"PropertyValueSpecification\",\"valueRequired\":true,\"valueName\":\"search_term_string\"}}],\"inLanguage\":\"es\"}]}<\/script>\n<!-- \/ Yoast SEO plugin. -->","yoast_head_json":{"title":"Camiseta de cuello redondo Cyclamen - org\u00e1nico - compra online","description":"Este 100 por ciento de algod\u00f3n de Broken Diva tiene el tama\u00f1o perfecto","robots":{"index":"index","follow":"follow","max-snippet":"max-snippet:-1","max-image-preview":"max-image-preview:large","max-video-preview":"max-video-preview:-1"},"canonical":"https:\/\/brokendiva.com\/es\/producto\/ciclamenca\/","og_locale":"es_ES","og_type":"article","og_title":"Camiseta de cuello redondo Cyclamen - org\u00e1nico - compra online","og_description":"Este 100 por ciento de algod\u00f3n de Broken Diva tiene el tama\u00f1o perfecto","og_url":"https:\/\/brokendiva.com\/es\/producto\/ciclamenca\/","og_site_name":"Broken Diva","article_modified_time":"2020-05-24T11:44:20+00:00","twitter_card":"summary_large_image","schema":{"@context":"https:\/\/schema.org","@graph":[{"@type":"WebPage","@id":"https:\/\/brokendiva.com\/es\/producto\/ciclamenca\/","url":"https:\/\/brokendiva.com\/es\/producto\/ciclamenca\/","name":"Camiseta de cuello redondo Cyclamen - org\u00e1nico - compra online","isPartOf":{"@id":"https:\/\/brokendiva.com\/es\/#website"},"primaryImageOfPage":{"@id":"https:\/\/brokendiva.com\/es\/producto\/ciclamenca\/#primaryimage"},"image":{"@id":"https:\/\/brokendiva.com\/es\/producto\/ciclamenca\/#primaryimage"},"thumbnailUrl":"https:\/\/brokendiva.com\/wp-content\/uploads\/2020\/05\/broken-diva-in-the-forest.jpeg","datePublished":"2020-05-09T12:20:36+00:00","dateModified":"2020-05-24T11:44:20+00:00","description":"Este 100 por ciento de algod\u00f3n de Broken Diva tiene el tama\u00f1o perfecto","breadcrumb":{"@id":"https:\/\/brokendiva.com\/es\/producto\/ciclamenca\/#breadcrumb"},"inLanguage":"es","potentialAction":[{"@type":"ReadAction","target":["https:\/\/brokendiva.com\/es\/producto\/ciclamenca\/"]}]},{"@type":"ImageObject","inLanguage":"es","@id":"https:\/\/brokendiva.com\/es\/producto\/ciclamenca\/#primaryimage","url":"https:\/\/brokendiva.com\/wp-content\/uploads\/2020\/05\/broken-diva-in-the-forest.jpeg","contentUrl":"https:\/\/brokendiva.com\/wp-content\/uploads\/2020\/05\/broken-diva-in-the-forest.jpeg","width":1024,"height":1024},{"@type":"BreadcrumbList","@id":"https:\/\/brokendiva.com\/es\/producto\/ciclamenca\/#breadcrumb","itemListElement":[{"@type":"ListItem","position":1,"name":"Home","item":"https:\/\/brokendiva.com\/es\/home\/"},{"@type":"ListItem","position":2,"name":"Tienda","item":"https:\/\/brokendiva.com\/es\/tienda\/"},{"@type":"ListItem","position":3,"name":"Cyclamen"}]},{"@type":"WebSite","@id":"https:\/\/brokendiva.com\/es\/#website","url":"https:\/\/brokendiva.com\/es\/","name":"Broken Diva","description":"Just another WordPress site","potentialAction":[{"@type":"SearchAction","target":{"@type":"EntryPoint","urlTemplate":"https:\/\/brokendiva.com\/es\/?s={search_term_string}"},"query-input":{"@type":"PropertyValueSpecification","valueRequired":true,"valueName":"search_term_string"}}],"inLanguage":"es"}]}},"_links":{"self":[{"href":"https:\/\/brokendiva.com\/es\/wp-json\/wp\/v2\/product\/1421","targetHints":{"allow":["GET"]}}],"collection":[{"href":"https:\/\/brokendiva.com\/es\/wp-json\/wp\/v2\/product"}],"about":[{"href":"https:\/\/brokendiva.com\/es\/wp-json\/wp\/v2\/types\/product"}],"wp:featuredmedia":[{"embeddable":true,"href":"https:\/\/brokendiva.com\/es\/wp-json\/wp\/v2\/media\/3966"}],"wp:attachment":[{"href":"https:\/\/brokendiva.com\/es\/wp-json\/wp\/v2\/media?parent=1421"}],"wp:term":[{"taxonomy":"product_brand","embeddable":true,"href":"https:\/\/brokendiva.com\/es\/wp-json\/wp\/v2\/product_brand?post=1421"},{"taxonomy":"product_cat","embeddable":true,"href":"https:\/\/brokendiva.com\/es\/wp-json\/wp\/v2\/product_cat?post=1421"},{"taxonomy":"product_tag","embeddable":true,"href":"https:\/\/brokendiva.com\/es\/wp-json\/wp\/v2\/product_tag?post=1421"}],"curies":[{"name":"wp","href":"https:\/\/api.w.org\/{rel}","templated":true}]}}