{"id":1438,"date":"2020-05-09T12:20:36","date_gmt":"2020-05-23T15:23:56","guid":{"rendered":"https:\/\/brokendiva.com\/product\/mariposa-glamorosa\/"},"modified":"2020-05-24T11:04:23","modified_gmt":"2020-05-24T11:04:23","slug":"glam-butterfly","status":"publish","type":"product","link":"https:\/\/brokendiva.com\/es\/producto\/glam-butterfly\/","title":{"rendered":"Glam Butterfly"},"content":{"rendered":"","protected":false},"excerpt":{"rendered":"<p>Glam Butterfly. La felicidad es como una mariposa, llega a tus hombros cuando menos te lo esperas. <br class=\"avia-permanent-lb\" \/>Cuando invierta en una camiseta para usar en los a\u00f1os venideros, considere la camiseta Glam Butterfly. Su estilo perfecto seguro que durar\u00e1, y te animamos a que uses esta camiseta ecol\u00f3gica una y otra vez. Est\u00e1 hecho de algod\u00f3n org\u00e1nico, cultivado sin el uso de pesticidas o fertilizantes sint\u00e9ticos, \u00a1lo que es bueno para el planeta te queda bien!<\/p>\n<div class=\"short-description\">\n<p class=\"pim-short-description\">LA CAMISETA DE CUELLO EN V DE LAS MUJERES<\/p>\n<div class=\"short-description-list\">\n<ul>\n<li>Manga de montaje<\/li>\n<li>Tejido propio en el cuello de la camisa<\/li>\n<li>Dentro de la cinta del cuello de la espalda en tela propia<\/li>\n<li>Dobladillo de la manga y dobladillo de abajo con doble puntada superior estrecha<\/li>\n<\/ul>\n<\/div>\n<\/div>\n<div class=\"pim-data-section font-darkest\">\n<div class=\"constraction-list pim-row\">JERSEY \u00daNICO<\/div>\n<div class=\"composition-list pim-row\">100% ALGOD\u00d3N ORG\u00c1NICO HILADO EN FORMA DE ANILLO<\/div>\n<\/div>\n<p>120 G\/M129<\/p>\n","protected":false},"featured_media":2168,"template":"","meta":[],"product_brand":[],"product_cat":[61],"product_tag":[],"class_list":{"0":"post-1438","1":"product","2":"type-product","3":"status-publish","4":"has-post-thumbnail","6":"product_cat-mujeres","8":"first","9":"instock","10":"taxable","11":"shipping-taxable","12":"purchasable","13":"product-type-variable"},"yoast_head":"<!-- This site is optimized with the Yoast SEO plugin v27.2 - https:\/\/yoast.com\/product\/yoast-seo-wordpress\/ -->\n<title>Glam Butterfly - Tienda online de camisetas org\u00e1nicas<\/title>\n<meta name=\"description\" content=\"Esta camiseta est\u00e1 hecha de algod\u00f3n org\u00e1nico, cultivado sin el uso de pesticidas o fertilizantes sint\u00e9ticos, \u00a1lo que es bueno para el planeta te queda bien!\" \/>\n<meta name=\"robots\" content=\"index, follow, max-snippet:-1, max-image-preview:large, max-video-preview:-1\" \/>\n<link rel=\"canonical\" href=\"https:\/\/brokendiva.com\/es\/producto\/glam-butterfly\/\" \/>\n<meta property=\"og:locale\" content=\"es_ES\" \/>\n<meta property=\"og:type\" content=\"article\" \/>\n<meta property=\"og:title\" content=\"Glam Butterfly - Tienda online de camisetas org\u00e1nicas\" \/>\n<meta property=\"og:description\" content=\"Esta camiseta est\u00e1 hecha de algod\u00f3n org\u00e1nico, cultivado sin el uso de pesticidas o fertilizantes sint\u00e9ticos, \u00a1lo que es bueno para el planeta te queda bien!\" \/>\n<meta property=\"og:url\" content=\"https:\/\/brokendiva.com\/es\/producto\/glam-butterfly\/\" \/>\n<meta property=\"og:site_name\" content=\"Broken Diva\" \/>\n<meta property=\"article:modified_time\" content=\"2020-05-24T11:04:23+00:00\" \/>\n<meta property=\"og:image\" content=\"https:\/\/brokendiva.com\/wp-content\/uploads\/2020\/05\/foto-11-scaled.jpg\" \/>\n\t<meta property=\"og:image:width\" content=\"1440\" \/>\n\t<meta property=\"og:image:height\" content=\"2560\" \/>\n\t<meta property=\"og:image:type\" content=\"image\/jpeg\" \/>\n<meta name=\"twitter:card\" content=\"summary_large_image\" \/>\n<script type=\"application\/ld+json\" class=\"yoast-schema-graph\">{\"@context\":\"https:\/\/schema.org\",\"@graph\":[{\"@type\":\"WebPage\",\"@id\":\"https:\/\/brokendiva.com\/es\/producto\/glam-butterfly\/\",\"url\":\"https:\/\/brokendiva.com\/es\/producto\/glam-butterfly\/\",\"name\":\"Glam Butterfly - Tienda online de camisetas org\u00e1nicas\",\"isPartOf\":{\"@id\":\"https:\/\/brokendiva.com\/es\/#website\"},\"primaryImageOfPage\":{\"@id\":\"https:\/\/brokendiva.com\/es\/producto\/glam-butterfly\/#primaryimage\"},\"image\":{\"@id\":\"https:\/\/brokendiva.com\/es\/producto\/glam-butterfly\/#primaryimage\"},\"thumbnailUrl\":\"https:\/\/brokendiva.com\/wp-content\/uploads\/2020\/05\/foto-11-scaled.jpg\",\"datePublished\":\"2020-05-23T15:23:56+00:00\",\"dateModified\":\"2020-05-24T11:04:23+00:00\",\"description\":\"Esta camiseta est\u00e1 hecha de algod\u00f3n org\u00e1nico, cultivado sin el uso de pesticidas o fertilizantes sint\u00e9ticos, \u00a1lo que es bueno para el planeta te queda bien!\",\"breadcrumb\":{\"@id\":\"https:\/\/brokendiva.com\/es\/producto\/glam-butterfly\/#breadcrumb\"},\"inLanguage\":\"es\",\"potentialAction\":[{\"@type\":\"ReadAction\",\"target\":[\"https:\/\/brokendiva.com\/es\/producto\/glam-butterfly\/\"]}]},{\"@type\":\"ImageObject\",\"inLanguage\":\"es\",\"@id\":\"https:\/\/brokendiva.com\/es\/producto\/glam-butterfly\/#primaryimage\",\"url\":\"https:\/\/brokendiva.com\/wp-content\/uploads\/2020\/05\/foto-11-scaled.jpg\",\"contentUrl\":\"https:\/\/brokendiva.com\/wp-content\/uploads\/2020\/05\/foto-11-scaled.jpg\",\"width\":1440,\"height\":2560},{\"@type\":\"BreadcrumbList\",\"@id\":\"https:\/\/brokendiva.com\/es\/producto\/glam-butterfly\/#breadcrumb\",\"itemListElement\":[{\"@type\":\"ListItem\",\"position\":1,\"name\":\"Home\",\"item\":\"https:\/\/brokendiva.com\/es\/home\/\"},{\"@type\":\"ListItem\",\"position\":2,\"name\":\"Tienda\",\"item\":\"https:\/\/brokendiva.com\/es\/tienda\/\"},{\"@type\":\"ListItem\",\"position\":3,\"name\":\"Glam Butterfly\"}]},{\"@type\":\"WebSite\",\"@id\":\"https:\/\/brokendiva.com\/es\/#website\",\"url\":\"https:\/\/brokendiva.com\/es\/\",\"name\":\"Broken Diva\",\"description\":\"Just another WordPress site\",\"potentialAction\":[{\"@type\":\"SearchAction\",\"target\":{\"@type\":\"EntryPoint\",\"urlTemplate\":\"https:\/\/brokendiva.com\/es\/?s={search_term_string}\"},\"query-input\":{\"@type\":\"PropertyValueSpecification\",\"valueRequired\":true,\"valueName\":\"search_term_string\"}}],\"inLanguage\":\"es\"}]}<\/script>\n<!-- \/ Yoast SEO plugin. -->","yoast_head_json":{"title":"Glam Butterfly - Tienda online de camisetas org\u00e1nicas","description":"Esta camiseta est\u00e1 hecha de algod\u00f3n org\u00e1nico, cultivado sin el uso de pesticidas o fertilizantes sint\u00e9ticos, \u00a1lo que es bueno para el planeta te queda bien!","robots":{"index":"index","follow":"follow","max-snippet":"max-snippet:-1","max-image-preview":"max-image-preview:large","max-video-preview":"max-video-preview:-1"},"canonical":"https:\/\/brokendiva.com\/es\/producto\/glam-butterfly\/","og_locale":"es_ES","og_type":"article","og_title":"Glam Butterfly - Tienda online de camisetas org\u00e1nicas","og_description":"Esta camiseta est\u00e1 hecha de algod\u00f3n org\u00e1nico, cultivado sin el uso de pesticidas o fertilizantes sint\u00e9ticos, \u00a1lo que es bueno para el planeta te queda bien!","og_url":"https:\/\/brokendiva.com\/es\/producto\/glam-butterfly\/","og_site_name":"Broken Diva","article_modified_time":"2020-05-24T11:04:23+00:00","og_image":[{"width":1440,"height":2560,"url":"https:\/\/brokendiva.com\/wp-content\/uploads\/2020\/05\/foto-11-scaled.jpg","type":"image\/jpeg"}],"twitter_card":"summary_large_image","schema":{"@context":"https:\/\/schema.org","@graph":[{"@type":"WebPage","@id":"https:\/\/brokendiva.com\/es\/producto\/glam-butterfly\/","url":"https:\/\/brokendiva.com\/es\/producto\/glam-butterfly\/","name":"Glam Butterfly - Tienda online de camisetas org\u00e1nicas","isPartOf":{"@id":"https:\/\/brokendiva.com\/es\/#website"},"primaryImageOfPage":{"@id":"https:\/\/brokendiva.com\/es\/producto\/glam-butterfly\/#primaryimage"},"image":{"@id":"https:\/\/brokendiva.com\/es\/producto\/glam-butterfly\/#primaryimage"},"thumbnailUrl":"https:\/\/brokendiva.com\/wp-content\/uploads\/2020\/05\/foto-11-scaled.jpg","datePublished":"2020-05-23T15:23:56+00:00","dateModified":"2020-05-24T11:04:23+00:00","description":"Esta camiseta est\u00e1 hecha de algod\u00f3n org\u00e1nico, cultivado sin el uso de pesticidas o fertilizantes sint\u00e9ticos, \u00a1lo que es bueno para el planeta te queda bien!","breadcrumb":{"@id":"https:\/\/brokendiva.com\/es\/producto\/glam-butterfly\/#breadcrumb"},"inLanguage":"es","potentialAction":[{"@type":"ReadAction","target":["https:\/\/brokendiva.com\/es\/producto\/glam-butterfly\/"]}]},{"@type":"ImageObject","inLanguage":"es","@id":"https:\/\/brokendiva.com\/es\/producto\/glam-butterfly\/#primaryimage","url":"https:\/\/brokendiva.com\/wp-content\/uploads\/2020\/05\/foto-11-scaled.jpg","contentUrl":"https:\/\/brokendiva.com\/wp-content\/uploads\/2020\/05\/foto-11-scaled.jpg","width":1440,"height":2560},{"@type":"BreadcrumbList","@id":"https:\/\/brokendiva.com\/es\/producto\/glam-butterfly\/#breadcrumb","itemListElement":[{"@type":"ListItem","position":1,"name":"Home","item":"https:\/\/brokendiva.com\/es\/home\/"},{"@type":"ListItem","position":2,"name":"Tienda","item":"https:\/\/brokendiva.com\/es\/tienda\/"},{"@type":"ListItem","position":3,"name":"Glam Butterfly"}]},{"@type":"WebSite","@id":"https:\/\/brokendiva.com\/es\/#website","url":"https:\/\/brokendiva.com\/es\/","name":"Broken Diva","description":"Just another WordPress site","potentialAction":[{"@type":"SearchAction","target":{"@type":"EntryPoint","urlTemplate":"https:\/\/brokendiva.com\/es\/?s={search_term_string}"},"query-input":{"@type":"PropertyValueSpecification","valueRequired":true,"valueName":"search_term_string"}}],"inLanguage":"es"}]}},"_links":{"self":[{"href":"https:\/\/brokendiva.com\/es\/wp-json\/wp\/v2\/product\/1438","targetHints":{"allow":["GET"]}}],"collection":[{"href":"https:\/\/brokendiva.com\/es\/wp-json\/wp\/v2\/product"}],"about":[{"href":"https:\/\/brokendiva.com\/es\/wp-json\/wp\/v2\/types\/product"}],"wp:featuredmedia":[{"embeddable":true,"href":"https:\/\/brokendiva.com\/es\/wp-json\/wp\/v2\/media\/2168"}],"wp:attachment":[{"href":"https:\/\/brokendiva.com\/es\/wp-json\/wp\/v2\/media?parent=1438"}],"wp:term":[{"taxonomy":"product_brand","embeddable":true,"href":"https:\/\/brokendiva.com\/es\/wp-json\/wp\/v2\/product_brand?post=1438"},{"taxonomy":"product_cat","embeddable":true,"href":"https:\/\/brokendiva.com\/es\/wp-json\/wp\/v2\/product_cat?post=1438"},{"taxonomy":"product_tag","embeddable":true,"href":"https:\/\/brokendiva.com\/es\/wp-json\/wp\/v2\/product_tag?post=1438"}],"curies":[{"name":"wp","href":"https:\/\/api.w.org\/{rel}","templated":true}]}}