{"id":2434,"date":"2020-06-13T07:02:08","date_gmt":"2020-06-13T07:02:08","guid":{"rendered":"https:\/\/brokendiva.com\/product\/divine-2\/"},"modified":"2020-06-13T09:12:33","modified_gmt":"2020-06-13T09:12:33","slug":"divine-2","status":"publish","type":"product","link":"https:\/\/brokendiva.com\/es\/producto\/divine-2\/","title":{"rendered":"Divine"},"content":{"rendered":"","protected":false},"excerpt":{"rendered":"[av_dropcap2 color=\"default\" custom_bg=\"#444444\"]Ltd[\/av_dropcap2]\n<p><strong>Edici\u00f3n limitada<\/strong><br \/>\n<br class=\"avia-permanent-lb\" \/><\/p>\n<p>\u00a1Las divas han nacido! Divine es una camiseta de color blanco cruto y se ve bien con todo.<\/p>\n<p>Comprar una camiseta \u00e9tica y ecol\u00f3gica es m\u00e1s f\u00e1cil que nunca. Ecol\u00f3gica, s\u00ed, pero a\u00fan as\u00ed es una prenda de moda.<\/p>\n<p>Estamos usando algod\u00f3n org\u00e1nico para crear camisetas \u00fanicas y de edici\u00f3n limitada como la camiseta de Divine.<\/p>\n<p>Dentro de la cinta del cuello de la espalda en tela propia<br \/>\nDobladillo de la manga y dobladillo de abajo con doble puntada superior estrecha<br \/>\nJERSEY \u00daNICO<br \/>\n100% ALGOD\u00d3N ORG\u00c1NICO HILADO EN FORMA DE ANILLO<br \/>\nINSTRUCCIONES DE LAVADO<\/p>\n","protected":false},"featured_media":2415,"template":"","meta":[],"product_brand":[],"product_cat":[64,61],"product_tag":[],"class_list":{"0":"post-2434","1":"product","2":"type-product","3":"status-publish","4":"has-post-thumbnail","6":"product_cat-edicion-limitada","7":"product_cat-mujeres","9":"first","10":"instock","11":"taxable","12":"shipping-taxable","13":"purchasable","14":"product-type-variable"},"yoast_head":"<!-- This site is optimized with the Yoast SEO plugin v27.2 - https:\/\/yoast.com\/product\/yoast-seo-wordpress\/ -->\n<title>Divine - Organic &amp; Fair Trade Organic t-shirts made in Barcelona<\/title>\n<meta name=\"description\" content=\"Ethical &amp; Fair Trade Organic T Shirt\" \/>\n<meta name=\"robots\" content=\"index, follow, max-snippet:-1, max-image-preview:large, max-video-preview:-1\" \/>\n<link rel=\"canonical\" href=\"https:\/\/brokendiva.com\/es\/producto\/divine-2\/\" \/>\n<meta property=\"og:locale\" content=\"es_ES\" \/>\n<meta property=\"og:type\" content=\"article\" \/>\n<meta property=\"og:title\" content=\"Divine - Organic &amp; Fair Trade Organic t-shirts made in Barcelona\" \/>\n<meta property=\"og:description\" content=\"Ethical &amp; Fair Trade Organic T Shirt\" \/>\n<meta property=\"og:url\" content=\"https:\/\/brokendiva.com\/es\/producto\/divine-2\/\" \/>\n<meta property=\"og:site_name\" content=\"Broken Diva\" \/>\n<meta property=\"article:modified_time\" content=\"2020-06-13T09:12:33+00:00\" \/>\n<meta property=\"og:image\" content=\"https:\/\/brokendiva.com\/wp-content\/uploads\/2020\/06\/Copy-of-Copy-of-Broken-Diva-4.jpg\" \/>\n\t<meta property=\"og:image:width\" content=\"800\" \/>\n\t<meta property=\"og:image:height\" content=\"800\" \/>\n\t<meta property=\"og:image:type\" content=\"image\/jpeg\" \/>\n<meta name=\"twitter:card\" content=\"summary_large_image\" \/>\n<script type=\"application\/ld+json\" class=\"yoast-schema-graph\">{\"@context\":\"https:\/\/schema.org\",\"@graph\":[{\"@type\":\"WebPage\",\"@id\":\"https:\/\/brokendiva.com\/es\/producto\/divine-2\/\",\"url\":\"https:\/\/brokendiva.com\/es\/producto\/divine-2\/\",\"name\":\"Divine - Organic & Fair Trade Organic t-shirts made in Barcelona\",\"isPartOf\":{\"@id\":\"https:\/\/brokendiva.com\/es\/#website\"},\"primaryImageOfPage\":{\"@id\":\"https:\/\/brokendiva.com\/es\/producto\/divine-2\/#primaryimage\"},\"image\":{\"@id\":\"https:\/\/brokendiva.com\/es\/producto\/divine-2\/#primaryimage\"},\"thumbnailUrl\":\"https:\/\/brokendiva.com\/wp-content\/uploads\/2020\/06\/Copy-of-Copy-of-Broken-Diva-4.jpg\",\"datePublished\":\"2020-06-13T07:02:08+00:00\",\"dateModified\":\"2020-06-13T09:12:33+00:00\",\"description\":\"Ethical & Fair Trade Organic T Shirt\",\"breadcrumb\":{\"@id\":\"https:\/\/brokendiva.com\/es\/producto\/divine-2\/#breadcrumb\"},\"inLanguage\":\"es\",\"potentialAction\":[{\"@type\":\"ReadAction\",\"target\":[\"https:\/\/brokendiva.com\/es\/producto\/divine-2\/\"]}]},{\"@type\":\"ImageObject\",\"inLanguage\":\"es\",\"@id\":\"https:\/\/brokendiva.com\/es\/producto\/divine-2\/#primaryimage\",\"url\":\"https:\/\/brokendiva.com\/wp-content\/uploads\/2020\/06\/Copy-of-Copy-of-Broken-Diva-4.jpg\",\"contentUrl\":\"https:\/\/brokendiva.com\/wp-content\/uploads\/2020\/06\/Copy-of-Copy-of-Broken-Diva-4.jpg\",\"width\":800,\"height\":800},{\"@type\":\"BreadcrumbList\",\"@id\":\"https:\/\/brokendiva.com\/es\/producto\/divine-2\/#breadcrumb\",\"itemListElement\":[{\"@type\":\"ListItem\",\"position\":1,\"name\":\"Home\",\"item\":\"https:\/\/brokendiva.com\/es\/home\/\"},{\"@type\":\"ListItem\",\"position\":2,\"name\":\"Tienda\",\"item\":\"https:\/\/brokendiva.com\/es\/tienda\/\"},{\"@type\":\"ListItem\",\"position\":3,\"name\":\"Divine\"}]},{\"@type\":\"WebSite\",\"@id\":\"https:\/\/brokendiva.com\/es\/#website\",\"url\":\"https:\/\/brokendiva.com\/es\/\",\"name\":\"Broken Diva\",\"description\":\"Just another WordPress site\",\"potentialAction\":[{\"@type\":\"SearchAction\",\"target\":{\"@type\":\"EntryPoint\",\"urlTemplate\":\"https:\/\/brokendiva.com\/es\/?s={search_term_string}\"},\"query-input\":{\"@type\":\"PropertyValueSpecification\",\"valueRequired\":true,\"valueName\":\"search_term_string\"}}],\"inLanguage\":\"es\"}]}<\/script>\n<!-- \/ Yoast SEO plugin. -->","yoast_head_json":{"title":"Divine - Organic & Fair Trade Organic t-shirts made in Barcelona","description":"Ethical & Fair Trade Organic T Shirt","robots":{"index":"index","follow":"follow","max-snippet":"max-snippet:-1","max-image-preview":"max-image-preview:large","max-video-preview":"max-video-preview:-1"},"canonical":"https:\/\/brokendiva.com\/es\/producto\/divine-2\/","og_locale":"es_ES","og_type":"article","og_title":"Divine - Organic & Fair Trade Organic t-shirts made in Barcelona","og_description":"Ethical & Fair Trade Organic T Shirt","og_url":"https:\/\/brokendiva.com\/es\/producto\/divine-2\/","og_site_name":"Broken Diva","article_modified_time":"2020-06-13T09:12:33+00:00","og_image":[{"width":800,"height":800,"url":"https:\/\/brokendiva.com\/wp-content\/uploads\/2020\/06\/Copy-of-Copy-of-Broken-Diva-4.jpg","type":"image\/jpeg"}],"twitter_card":"summary_large_image","schema":{"@context":"https:\/\/schema.org","@graph":[{"@type":"WebPage","@id":"https:\/\/brokendiva.com\/es\/producto\/divine-2\/","url":"https:\/\/brokendiva.com\/es\/producto\/divine-2\/","name":"Divine - Organic & Fair Trade Organic t-shirts made in Barcelona","isPartOf":{"@id":"https:\/\/brokendiva.com\/es\/#website"},"primaryImageOfPage":{"@id":"https:\/\/brokendiva.com\/es\/producto\/divine-2\/#primaryimage"},"image":{"@id":"https:\/\/brokendiva.com\/es\/producto\/divine-2\/#primaryimage"},"thumbnailUrl":"https:\/\/brokendiva.com\/wp-content\/uploads\/2020\/06\/Copy-of-Copy-of-Broken-Diva-4.jpg","datePublished":"2020-06-13T07:02:08+00:00","dateModified":"2020-06-13T09:12:33+00:00","description":"Ethical & Fair Trade Organic T Shirt","breadcrumb":{"@id":"https:\/\/brokendiva.com\/es\/producto\/divine-2\/#breadcrumb"},"inLanguage":"es","potentialAction":[{"@type":"ReadAction","target":["https:\/\/brokendiva.com\/es\/producto\/divine-2\/"]}]},{"@type":"ImageObject","inLanguage":"es","@id":"https:\/\/brokendiva.com\/es\/producto\/divine-2\/#primaryimage","url":"https:\/\/brokendiva.com\/wp-content\/uploads\/2020\/06\/Copy-of-Copy-of-Broken-Diva-4.jpg","contentUrl":"https:\/\/brokendiva.com\/wp-content\/uploads\/2020\/06\/Copy-of-Copy-of-Broken-Diva-4.jpg","width":800,"height":800},{"@type":"BreadcrumbList","@id":"https:\/\/brokendiva.com\/es\/producto\/divine-2\/#breadcrumb","itemListElement":[{"@type":"ListItem","position":1,"name":"Home","item":"https:\/\/brokendiva.com\/es\/home\/"},{"@type":"ListItem","position":2,"name":"Tienda","item":"https:\/\/brokendiva.com\/es\/tienda\/"},{"@type":"ListItem","position":3,"name":"Divine"}]},{"@type":"WebSite","@id":"https:\/\/brokendiva.com\/es\/#website","url":"https:\/\/brokendiva.com\/es\/","name":"Broken Diva","description":"Just another WordPress site","potentialAction":[{"@type":"SearchAction","target":{"@type":"EntryPoint","urlTemplate":"https:\/\/brokendiva.com\/es\/?s={search_term_string}"},"query-input":{"@type":"PropertyValueSpecification","valueRequired":true,"valueName":"search_term_string"}}],"inLanguage":"es"}]}},"_links":{"self":[{"href":"https:\/\/brokendiva.com\/es\/wp-json\/wp\/v2\/product\/2434","targetHints":{"allow":["GET"]}}],"collection":[{"href":"https:\/\/brokendiva.com\/es\/wp-json\/wp\/v2\/product"}],"about":[{"href":"https:\/\/brokendiva.com\/es\/wp-json\/wp\/v2\/types\/product"}],"wp:featuredmedia":[{"embeddable":true,"href":"https:\/\/brokendiva.com\/es\/wp-json\/wp\/v2\/media\/2415"}],"wp:attachment":[{"href":"https:\/\/brokendiva.com\/es\/wp-json\/wp\/v2\/media?parent=2434"}],"wp:term":[{"taxonomy":"product_brand","embeddable":true,"href":"https:\/\/brokendiva.com\/es\/wp-json\/wp\/v2\/product_brand?post=2434"},{"taxonomy":"product_cat","embeddable":true,"href":"https:\/\/brokendiva.com\/es\/wp-json\/wp\/v2\/product_cat?post=2434"},{"taxonomy":"product_tag","embeddable":true,"href":"https:\/\/brokendiva.com\/es\/wp-json\/wp\/v2\/product_tag?post=2434"}],"curies":[{"name":"wp","href":"https:\/\/api.w.org\/{rel}","templated":true}]}}