{"id":3072,"date":"2020-11-04T21:40:43","date_gmt":"2020-11-05T07:11:27","guid":{"rendered":"https:\/\/brokendiva.com\/?post_type=product&#038;p=3072"},"modified":"2020-11-05T07:22:57","modified_gmt":"2020-11-05T07:22:57","slug":"mascarilla-protectora-le-noir","status":"publish","type":"product","link":"https:\/\/brokendiva.com\/es\/producto\/mascarilla-protectora-le-noir\/","title":{"rendered":"Mascarilla protectora Le Noir"},"content":{"rendered":"<p>Ahora, las mascarillas se est\u00e1n volviendo obligatorias en todo el mundo como una de las medidas para frenar la transmisi\u00f3n del coronavirus. La estructura de doble capa de esta mascarilla incluye elementos antimicrobianos y autodesodorantes, mientras que la propia mascarilla se puede lavar en la lavadora. La mascarilla tiene una capa exterior de algod\u00f3n, y est\u00e1 esculpida para ajustarse a la cara de cerca.<\/p>\n","protected":false},"excerpt":{"rendered":"<p>Hoy en d\u00eda la pandemia de COVID es una realidad. Dise\u00f1ado por un artista, esta mascarilla est\u00e1 hecha 100% de algod\u00f3n con una aplicaci\u00f3n de strass.<\/p>\n","protected":false},"featured_media":3059,"template":"","meta":[],"product_brand":[],"product_cat":[83],"product_tag":[],"class_list":{"0":"post-3072","1":"product","2":"type-product","3":"status-publish","4":"has-post-thumbnail","6":"product_cat-bolsos","8":"first","9":"instock","10":"taxable","11":"shipping-taxable","12":"purchasable","13":"product-type-simple"},"yoast_head":"<!-- This site is optimized with the Yoast SEO plugin v27.2 - https:\/\/yoast.com\/product\/yoast-seo-wordpress\/ -->\n<title>Mascarilla protectora Le Noir - Broken Diva<\/title>\n<meta name=\"robots\" content=\"index, follow, max-snippet:-1, max-image-preview:large, max-video-preview:-1\" \/>\n<link rel=\"canonical\" href=\"https:\/\/brokendiva.com\/es\/producto\/mascarilla-protectora-le-noir\/\" \/>\n<meta property=\"og:locale\" content=\"es_ES\" \/>\n<meta property=\"og:type\" content=\"article\" \/>\n<meta property=\"og:title\" content=\"Mascarilla protectora Le Noir - Broken Diva\" \/>\n<meta property=\"og:description\" content=\"Hoy en d\u00eda la pandemia de COVID es una realidad. Dise\u00f1ado por un artista, esta mascarilla est\u00e1 hecha 100% de algod\u00f3n con una aplicaci\u00f3n de strass.\" \/>\n<meta property=\"og:url\" content=\"https:\/\/brokendiva.com\/es\/producto\/mascarilla-protectora-le-noir\/\" \/>\n<meta property=\"og:site_name\" content=\"Broken Diva\" \/>\n<meta property=\"article:modified_time\" content=\"2020-11-05T07:22:57+00:00\" \/>\n<meta property=\"og:image\" content=\"https:\/\/brokendiva.com\/wp-content\/uploads\/2020\/11\/IMG_7676-902x1030.jpg\" \/>\n\t<meta property=\"og:image:width\" content=\"902\" \/>\n\t<meta property=\"og:image:height\" content=\"1030\" \/>\n\t<meta property=\"og:image:type\" content=\"image\/jpeg\" \/>\n<meta name=\"twitter:card\" content=\"summary_large_image\" \/>\n<script type=\"application\/ld+json\" class=\"yoast-schema-graph\">{\"@context\":\"https:\/\/schema.org\",\"@graph\":[{\"@type\":\"WebPage\",\"@id\":\"https:\/\/brokendiva.com\/es\/producto\/mascarilla-protectora-le-noir\/\",\"url\":\"https:\/\/brokendiva.com\/es\/producto\/mascarilla-protectora-le-noir\/\",\"name\":\"Mascarilla protectora Le Noir - Broken Diva\",\"isPartOf\":{\"@id\":\"https:\/\/brokendiva.com\/es\/#website\"},\"primaryImageOfPage\":{\"@id\":\"https:\/\/brokendiva.com\/es\/producto\/mascarilla-protectora-le-noir\/#primaryimage\"},\"image\":{\"@id\":\"https:\/\/brokendiva.com\/es\/producto\/mascarilla-protectora-le-noir\/#primaryimage\"},\"thumbnailUrl\":\"https:\/\/brokendiva.com\/wp-content\/uploads\/2020\/11\/IMG_7676-scaled.jpg\",\"datePublished\":\"2020-11-05T07:11:27+00:00\",\"dateModified\":\"2020-11-05T07:22:57+00:00\",\"breadcrumb\":{\"@id\":\"https:\/\/brokendiva.com\/es\/producto\/mascarilla-protectora-le-noir\/#breadcrumb\"},\"inLanguage\":\"es\",\"potentialAction\":[{\"@type\":\"ReadAction\",\"target\":[\"https:\/\/brokendiva.com\/es\/producto\/mascarilla-protectora-le-noir\/\"]}]},{\"@type\":\"ImageObject\",\"inLanguage\":\"es\",\"@id\":\"https:\/\/brokendiva.com\/es\/producto\/mascarilla-protectora-le-noir\/#primaryimage\",\"url\":\"https:\/\/brokendiva.com\/wp-content\/uploads\/2020\/11\/IMG_7676-scaled.jpg\",\"contentUrl\":\"https:\/\/brokendiva.com\/wp-content\/uploads\/2020\/11\/IMG_7676-scaled.jpg\",\"width\":2242,\"height\":2560},{\"@type\":\"BreadcrumbList\",\"@id\":\"https:\/\/brokendiva.com\/es\/producto\/mascarilla-protectora-le-noir\/#breadcrumb\",\"itemListElement\":[{\"@type\":\"ListItem\",\"position\":1,\"name\":\"Home\",\"item\":\"https:\/\/brokendiva.com\/es\/home\/\"},{\"@type\":\"ListItem\",\"position\":2,\"name\":\"Tienda\",\"item\":\"https:\/\/brokendiva.com\/es\/tienda\/\"},{\"@type\":\"ListItem\",\"position\":3,\"name\":\"Mascarilla protectora Le Noir\"}]},{\"@type\":\"WebSite\",\"@id\":\"https:\/\/brokendiva.com\/es\/#website\",\"url\":\"https:\/\/brokendiva.com\/es\/\",\"name\":\"Broken Diva\",\"description\":\"Just another WordPress site\",\"potentialAction\":[{\"@type\":\"SearchAction\",\"target\":{\"@type\":\"EntryPoint\",\"urlTemplate\":\"https:\/\/brokendiva.com\/es\/?s={search_term_string}\"},\"query-input\":{\"@type\":\"PropertyValueSpecification\",\"valueRequired\":true,\"valueName\":\"search_term_string\"}}],\"inLanguage\":\"es\"}]}<\/script>\n<!-- \/ Yoast SEO plugin. -->","yoast_head_json":{"title":"Mascarilla protectora Le Noir - Broken Diva","robots":{"index":"index","follow":"follow","max-snippet":"max-snippet:-1","max-image-preview":"max-image-preview:large","max-video-preview":"max-video-preview:-1"},"canonical":"https:\/\/brokendiva.com\/es\/producto\/mascarilla-protectora-le-noir\/","og_locale":"es_ES","og_type":"article","og_title":"Mascarilla protectora Le Noir - Broken Diva","og_description":"Hoy en d\u00eda la pandemia de COVID es una realidad. Dise\u00f1ado por un artista, esta mascarilla est\u00e1 hecha 100% de algod\u00f3n con una aplicaci\u00f3n de strass.","og_url":"https:\/\/brokendiva.com\/es\/producto\/mascarilla-protectora-le-noir\/","og_site_name":"Broken Diva","article_modified_time":"2020-11-05T07:22:57+00:00","og_image":[{"width":902,"height":1030,"url":"https:\/\/brokendiva.com\/wp-content\/uploads\/2020\/11\/IMG_7676-902x1030.jpg","type":"image\/jpeg"}],"twitter_card":"summary_large_image","schema":{"@context":"https:\/\/schema.org","@graph":[{"@type":"WebPage","@id":"https:\/\/brokendiva.com\/es\/producto\/mascarilla-protectora-le-noir\/","url":"https:\/\/brokendiva.com\/es\/producto\/mascarilla-protectora-le-noir\/","name":"Mascarilla protectora Le Noir - Broken Diva","isPartOf":{"@id":"https:\/\/brokendiva.com\/es\/#website"},"primaryImageOfPage":{"@id":"https:\/\/brokendiva.com\/es\/producto\/mascarilla-protectora-le-noir\/#primaryimage"},"image":{"@id":"https:\/\/brokendiva.com\/es\/producto\/mascarilla-protectora-le-noir\/#primaryimage"},"thumbnailUrl":"https:\/\/brokendiva.com\/wp-content\/uploads\/2020\/11\/IMG_7676-scaled.jpg","datePublished":"2020-11-05T07:11:27+00:00","dateModified":"2020-11-05T07:22:57+00:00","breadcrumb":{"@id":"https:\/\/brokendiva.com\/es\/producto\/mascarilla-protectora-le-noir\/#breadcrumb"},"inLanguage":"es","potentialAction":[{"@type":"ReadAction","target":["https:\/\/brokendiva.com\/es\/producto\/mascarilla-protectora-le-noir\/"]}]},{"@type":"ImageObject","inLanguage":"es","@id":"https:\/\/brokendiva.com\/es\/producto\/mascarilla-protectora-le-noir\/#primaryimage","url":"https:\/\/brokendiva.com\/wp-content\/uploads\/2020\/11\/IMG_7676-scaled.jpg","contentUrl":"https:\/\/brokendiva.com\/wp-content\/uploads\/2020\/11\/IMG_7676-scaled.jpg","width":2242,"height":2560},{"@type":"BreadcrumbList","@id":"https:\/\/brokendiva.com\/es\/producto\/mascarilla-protectora-le-noir\/#breadcrumb","itemListElement":[{"@type":"ListItem","position":1,"name":"Home","item":"https:\/\/brokendiva.com\/es\/home\/"},{"@type":"ListItem","position":2,"name":"Tienda","item":"https:\/\/brokendiva.com\/es\/tienda\/"},{"@type":"ListItem","position":3,"name":"Mascarilla protectora Le Noir"}]},{"@type":"WebSite","@id":"https:\/\/brokendiva.com\/es\/#website","url":"https:\/\/brokendiva.com\/es\/","name":"Broken Diva","description":"Just another WordPress site","potentialAction":[{"@type":"SearchAction","target":{"@type":"EntryPoint","urlTemplate":"https:\/\/brokendiva.com\/es\/?s={search_term_string}"},"query-input":{"@type":"PropertyValueSpecification","valueRequired":true,"valueName":"search_term_string"}}],"inLanguage":"es"}]}},"_links":{"self":[{"href":"https:\/\/brokendiva.com\/es\/wp-json\/wp\/v2\/product\/3072","targetHints":{"allow":["GET"]}}],"collection":[{"href":"https:\/\/brokendiva.com\/es\/wp-json\/wp\/v2\/product"}],"about":[{"href":"https:\/\/brokendiva.com\/es\/wp-json\/wp\/v2\/types\/product"}],"wp:featuredmedia":[{"embeddable":true,"href":"https:\/\/brokendiva.com\/es\/wp-json\/wp\/v2\/media\/3059"}],"wp:attachment":[{"href":"https:\/\/brokendiva.com\/es\/wp-json\/wp\/v2\/media?parent=3072"}],"wp:term":[{"taxonomy":"product_brand","embeddable":true,"href":"https:\/\/brokendiva.com\/es\/wp-json\/wp\/v2\/product_brand?post=3072"},{"taxonomy":"product_cat","embeddable":true,"href":"https:\/\/brokendiva.com\/es\/wp-json\/wp\/v2\/product_cat?post=3072"},{"taxonomy":"product_tag","embeddable":true,"href":"https:\/\/brokendiva.com\/es\/wp-json\/wp\/v2\/product_tag?post=3072"}],"curies":[{"name":"wp","href":"https:\/\/api.w.org\/{rel}","templated":true}]}}