{"id":3643,"date":"2022-07-02T14:49:16","date_gmt":"2022-07-02T14:49:16","guid":{"rendered":"https:\/\/brokendiva.com\/?post_type=product&#038;p=3643"},"modified":"2026-02-19T18:16:27","modified_gmt":"2026-02-19T18:16:27","slug":"la-dance","status":"publish","type":"product","link":"https:\/\/brokendiva.com\/es\/producto\/la-dance\/","title":{"rendered":"La Dance &#8211; Camiseta Org\u00e1nica de Cuello en V"},"content":{"rendered":"<h3>Edici\u00f3n Limitada \u2014 Bailando con Lib\u00e9lulas<\/h3>\n<p>Celebra la tranquilidad del verano con La Dance. Esta suave camiseta de algod\u00f3n org\u00e1nico presenta un colorido dise\u00f1o de lib\u00e9lulas que evoca d\u00edas despreocupados y una elegancia sin esfuerzo. Es c\u00f3moda y con estilo, y te har\u00e1 sentir como la reina del verano.<\/p>\n<p><strong>La Dance.<\/strong> Disfruta de las peque\u00f1as cosas. Llevar la c\u00f3moda pero elegante camiseta La Dance puede a\u00f1adir un toque de estilo a tu look de cada d\u00eda.<\/p>\n<h4>Detalles<\/h4>\n<ul>\n<li>Manga de montaje<\/li>\n<li>Cuello en tejido propio<\/li>\n<li>Cinta interior de cuello en tejido propio<\/li>\n<li>Dobladillo de manga y bajo con doble pespunte estrecho<\/li>\n<\/ul>\n<h4>Tejido<\/h4>\n<p>100% ALGOD\u00d3N ORG\u00c1NICO HILADO EN ANILLO PEINADO \u2014 120 G\/M\u00b2<\/p>\n<p>El algod\u00f3n org\u00e1nico se cultiva sin pesticidas ni fertilizantes sint\u00e9ticos, lo que lo hace mejor para el medio ambiente y m\u00e1s suave para tu piel. Al elegir org\u00e1nico, contribuyes a reducir el impacto de la moda en el cambio clim\u00e1tico.<\/p>\n","protected":false},"excerpt":{"rendered":"<p>La Dance \u2014 camiseta org\u00e1nica de cuello en V en edici\u00f3n limitada con un colorido dise\u00f1o de lib\u00e9lulas. Suave, c\u00f3moda y con estilo. 100% algod\u00f3n org\u00e1nico hilado en anillo peinado. Disfruta de las peque\u00f1as cosas.<\/p>\n","protected":false},"featured_media":3955,"template":"","meta":[],"product_brand":[],"product_cat":[91,61],"product_tag":[],"class_list":{"0":"post-3643","1":"product","2":"type-product","3":"status-publish","4":"has-post-thumbnail","6":"product_cat-dragonfly-collection","7":"product_cat-mujeres","9":"first","10":"instock","11":"taxable","12":"shipping-taxable","13":"purchasable","14":"product-type-variable"},"yoast_head":"<!-- This site is optimized with the Yoast SEO plugin v27.2 - https:\/\/yoast.com\/product\/yoast-seo-wordpress\/ -->\n<title>La Dance - organic Tshirt - shop online<\/title>\n<meta name=\"description\" content=\"Simple and different! This t-shirt is made from organic cotton, grown without the use of pesticides or synthetic fertilizers, what is good for the planet looks nice on you!\" \/>\n<meta name=\"robots\" content=\"index, follow, max-snippet:-1, max-image-preview:large, max-video-preview:-1\" \/>\n<link rel=\"canonical\" href=\"https:\/\/brokendiva.com\/es\/producto\/la-dance\/\" \/>\n<meta property=\"og:locale\" content=\"es_ES\" \/>\n<meta property=\"og:type\" content=\"article\" \/>\n<meta property=\"og:title\" content=\"La Dance - organic Tshirt - shop online\" \/>\n<meta property=\"og:description\" content=\"Simple and different! This t-shirt is made from organic cotton, grown without the use of pesticides or synthetic fertilizers, what is good for the planet looks nice on you!\" \/>\n<meta property=\"og:url\" content=\"https:\/\/brokendiva.com\/es\/producto\/la-dance\/\" \/>\n<meta property=\"og:site_name\" content=\"Broken Diva\" \/>\n<meta property=\"article:modified_time\" content=\"2026-02-19T18:16:27+00:00\" \/>\n<meta property=\"og:image\" content=\"https:\/\/brokendiva.com\/wp-content\/uploads\/2022\/07\/organic-tshirt.jpg\" \/>\n\t<meta property=\"og:image:width\" content=\"828\" \/>\n\t<meta property=\"og:image:height\" content=\"1010\" \/>\n\t<meta property=\"og:image:type\" content=\"image\/jpeg\" \/>\n<meta name=\"twitter:card\" content=\"summary_large_image\" \/>\n<meta name=\"twitter:label1\" content=\"Tiempo de lectura\" \/>\n\t<meta name=\"twitter:data1\" content=\"1 minuto\" \/>\n<script type=\"application\/ld+json\" class=\"yoast-schema-graph\">{\"@context\":\"https:\/\/schema.org\",\"@graph\":[{\"@type\":\"WebPage\",\"@id\":\"https:\/\/brokendiva.com\/es\/producto\/la-dance\/\",\"url\":\"https:\/\/brokendiva.com\/es\/producto\/la-dance\/\",\"name\":\"La Dance - organic Tshirt - shop online\",\"isPartOf\":{\"@id\":\"https:\/\/brokendiva.com\/es\/#website\"},\"primaryImageOfPage\":{\"@id\":\"https:\/\/brokendiva.com\/es\/producto\/la-dance\/#primaryimage\"},\"image\":{\"@id\":\"https:\/\/brokendiva.com\/es\/producto\/la-dance\/#primaryimage\"},\"thumbnailUrl\":\"https:\/\/brokendiva.com\/wp-content\/uploads\/2022\/07\/organic-tshirt.jpg\",\"datePublished\":\"2022-07-02T14:49:16+00:00\",\"dateModified\":\"2026-02-19T18:16:27+00:00\",\"description\":\"Simple and different! This t-shirt is made from organic cotton, grown without the use of pesticides or synthetic fertilizers, what is good for the planet looks nice on you!\",\"breadcrumb\":{\"@id\":\"https:\/\/brokendiva.com\/es\/producto\/la-dance\/#breadcrumb\"},\"inLanguage\":\"es\",\"potentialAction\":[{\"@type\":\"ReadAction\",\"target\":[\"https:\/\/brokendiva.com\/es\/producto\/la-dance\/\"]}]},{\"@type\":\"ImageObject\",\"inLanguage\":\"es\",\"@id\":\"https:\/\/brokendiva.com\/es\/producto\/la-dance\/#primaryimage\",\"url\":\"https:\/\/brokendiva.com\/wp-content\/uploads\/2022\/07\/organic-tshirt.jpg\",\"contentUrl\":\"https:\/\/brokendiva.com\/wp-content\/uploads\/2022\/07\/organic-tshirt.jpg\",\"width\":828,\"height\":1010},{\"@type\":\"BreadcrumbList\",\"@id\":\"https:\/\/brokendiva.com\/es\/producto\/la-dance\/#breadcrumb\",\"itemListElement\":[{\"@type\":\"ListItem\",\"position\":1,\"name\":\"Home\",\"item\":\"https:\/\/brokendiva.com\/es\/home\/\"},{\"@type\":\"ListItem\",\"position\":2,\"name\":\"Tienda\",\"item\":\"https:\/\/brokendiva.com\/es\/tienda\/\"},{\"@type\":\"ListItem\",\"position\":3,\"name\":\"La Dance &#8211; Camiseta Org\u00e1nica de Cuello en V\"}]},{\"@type\":\"WebSite\",\"@id\":\"https:\/\/brokendiva.com\/es\/#website\",\"url\":\"https:\/\/brokendiva.com\/es\/\",\"name\":\"Broken Diva\",\"description\":\"Just another WordPress site\",\"potentialAction\":[{\"@type\":\"SearchAction\",\"target\":{\"@type\":\"EntryPoint\",\"urlTemplate\":\"https:\/\/brokendiva.com\/es\/?s={search_term_string}\"},\"query-input\":{\"@type\":\"PropertyValueSpecification\",\"valueRequired\":true,\"valueName\":\"search_term_string\"}}],\"inLanguage\":\"es\"}]}<\/script>\n<!-- \/ Yoast SEO plugin. -->","yoast_head_json":{"title":"La Dance - organic Tshirt - shop online","description":"Simple and different! This t-shirt is made from organic cotton, grown without the use of pesticides or synthetic fertilizers, what is good for the planet looks nice on you!","robots":{"index":"index","follow":"follow","max-snippet":"max-snippet:-1","max-image-preview":"max-image-preview:large","max-video-preview":"max-video-preview:-1"},"canonical":"https:\/\/brokendiva.com\/es\/producto\/la-dance\/","og_locale":"es_ES","og_type":"article","og_title":"La Dance - organic Tshirt - shop online","og_description":"Simple and different! This t-shirt is made from organic cotton, grown without the use of pesticides or synthetic fertilizers, what is good for the planet looks nice on you!","og_url":"https:\/\/brokendiva.com\/es\/producto\/la-dance\/","og_site_name":"Broken Diva","article_modified_time":"2026-02-19T18:16:27+00:00","og_image":[{"width":828,"height":1010,"url":"https:\/\/brokendiva.com\/wp-content\/uploads\/2022\/07\/organic-tshirt.jpg","type":"image\/jpeg"}],"twitter_card":"summary_large_image","twitter_misc":{"Tiempo de lectura":"1 minuto"},"schema":{"@context":"https:\/\/schema.org","@graph":[{"@type":"WebPage","@id":"https:\/\/brokendiva.com\/es\/producto\/la-dance\/","url":"https:\/\/brokendiva.com\/es\/producto\/la-dance\/","name":"La Dance - organic Tshirt - shop online","isPartOf":{"@id":"https:\/\/brokendiva.com\/es\/#website"},"primaryImageOfPage":{"@id":"https:\/\/brokendiva.com\/es\/producto\/la-dance\/#primaryimage"},"image":{"@id":"https:\/\/brokendiva.com\/es\/producto\/la-dance\/#primaryimage"},"thumbnailUrl":"https:\/\/brokendiva.com\/wp-content\/uploads\/2022\/07\/organic-tshirt.jpg","datePublished":"2022-07-02T14:49:16+00:00","dateModified":"2026-02-19T18:16:27+00:00","description":"Simple and different! This t-shirt is made from organic cotton, grown without the use of pesticides or synthetic fertilizers, what is good for the planet looks nice on you!","breadcrumb":{"@id":"https:\/\/brokendiva.com\/es\/producto\/la-dance\/#breadcrumb"},"inLanguage":"es","potentialAction":[{"@type":"ReadAction","target":["https:\/\/brokendiva.com\/es\/producto\/la-dance\/"]}]},{"@type":"ImageObject","inLanguage":"es","@id":"https:\/\/brokendiva.com\/es\/producto\/la-dance\/#primaryimage","url":"https:\/\/brokendiva.com\/wp-content\/uploads\/2022\/07\/organic-tshirt.jpg","contentUrl":"https:\/\/brokendiva.com\/wp-content\/uploads\/2022\/07\/organic-tshirt.jpg","width":828,"height":1010},{"@type":"BreadcrumbList","@id":"https:\/\/brokendiva.com\/es\/producto\/la-dance\/#breadcrumb","itemListElement":[{"@type":"ListItem","position":1,"name":"Home","item":"https:\/\/brokendiva.com\/es\/home\/"},{"@type":"ListItem","position":2,"name":"Tienda","item":"https:\/\/brokendiva.com\/es\/tienda\/"},{"@type":"ListItem","position":3,"name":"La Dance &#8211; Camiseta Org\u00e1nica de Cuello en V"}]},{"@type":"WebSite","@id":"https:\/\/brokendiva.com\/es\/#website","url":"https:\/\/brokendiva.com\/es\/","name":"Broken Diva","description":"Just another WordPress site","potentialAction":[{"@type":"SearchAction","target":{"@type":"EntryPoint","urlTemplate":"https:\/\/brokendiva.com\/es\/?s={search_term_string}"},"query-input":{"@type":"PropertyValueSpecification","valueRequired":true,"valueName":"search_term_string"}}],"inLanguage":"es"}]}},"_links":{"self":[{"href":"https:\/\/brokendiva.com\/es\/wp-json\/wp\/v2\/product\/3643","targetHints":{"allow":["GET"]}}],"collection":[{"href":"https:\/\/brokendiva.com\/es\/wp-json\/wp\/v2\/product"}],"about":[{"href":"https:\/\/brokendiva.com\/es\/wp-json\/wp\/v2\/types\/product"}],"wp:featuredmedia":[{"embeddable":true,"href":"https:\/\/brokendiva.com\/es\/wp-json\/wp\/v2\/media\/3955"}],"wp:attachment":[{"href":"https:\/\/brokendiva.com\/es\/wp-json\/wp\/v2\/media?parent=3643"}],"wp:term":[{"taxonomy":"product_brand","embeddable":true,"href":"https:\/\/brokendiva.com\/es\/wp-json\/wp\/v2\/product_brand?post=3643"},{"taxonomy":"product_cat","embeddable":true,"href":"https:\/\/brokendiva.com\/es\/wp-json\/wp\/v2\/product_cat?post=3643"},{"taxonomy":"product_tag","embeddable":true,"href":"https:\/\/brokendiva.com\/es\/wp-json\/wp\/v2\/product_tag?post=3643"}],"curies":[{"name":"wp","href":"https:\/\/api.w.org\/{rel}","templated":true}]}}